{"id":10099,"date":"2024-08-02T10:07:48","date_gmt":"2024-08-02T07:07:48","guid":{"rendered":"http:\/\/www.ercancelik.com\/?page_id=10099"},"modified":"2024-10-10T11:35:13","modified_gmt":"2024-10-10T08:35:13","slug":"tupras-izmir-rafinerisi-u7000-cdu-revamp-2-projesi","status":"publish","type":"page","link":"http:\/\/www.ercancelik.com\/en\/tupras-izmir-rafinerisi-u7000-cdu-revamp-2-projesi\/","title":{"rendered":"TUPRAS Izmir Refinery U7000 CDU Revamp-2 Project"},"content":{"rendered":"<div data-elementor-type=\"wp-page\" data-elementor-id=\"10099\" class=\"elementor elementor-10099\" data-elementor-post-type=\"page\">\n\t\t\t\t\t\t<section class=\"elementor-section elementor-top-section elementor-element elementor-element-17df8b5 elementor-section-boxed elementor-section-height-default elementor-section-height-default\" data-id=\"17df8b5\" data-element_type=\"section\" data-e-type=\"section\">\n\t\t\t\t\t\t<div class=\"elementor-container elementor-column-gap-default\">\n\t\t\t\t\t<div class=\"elementor-column elementor-col-100 elementor-top-column elementor-element elementor-element-64ea887\" data-id=\"64ea887\" data-element_type=\"column\" data-e-type=\"column\">\n\t\t\t<div class=\"elementor-widget-wrap elementor-element-populated\">\n\t\t\t\t\t\t<section class=\"elementor-section elementor-inner-section elementor-element elementor-element-66143e2 elementor-section-boxed elementor-section-height-default elementor-section-height-default\" data-id=\"66143e2\" data-element_type=\"section\" data-e-type=\"section\">\n\t\t\t\t\t\t<div class=\"elementor-container elementor-column-gap-default\">\n\t\t\t\t\t<div class=\"elementor-column elementor-col-50 elementor-inner-column elementor-element elementor-element-a149234 elementor-hidden-mobile\" data-id=\"a149234\" data-element_type=\"column\" data-e-type=\"column\">\n\t\t\t<div class=\"elementor-widget-wrap elementor-element-populated\">\n\t\t\t\t\t\t<div class=\"elementor-element elementor-element-7ef5145 elementor-widget elementor-widget-image\" data-id=\"7ef5145\" data-element_type=\"widget\" data-e-type=\"widget\" data-widget_type=\"image.default\">\n\t\t\t\t<div class=\"elementor-widget-container\">\n\t\t\t\t\t\t\t\t\t\t\t\t\t\t\t<img fetchpriority=\"high\" decoding=\"async\" width=\"782\" height=\"720\" src=\"http:\/\/www.ercancelik.com\/wp-content\/uploads\/2024\/10\/ana-gorsel-tupras-izmir-rafinerisi-u7000-cdu-revamp-2-projesi-.jpg\" class=\"attachment-large size-large wp-image-12092\" alt=\"\" srcset=\"http:\/\/www.ercancelik.com\/wp-content\/uploads\/2024\/10\/ana-gorsel-tupras-izmir-rafinerisi-u7000-cdu-revamp-2-projesi-.jpg 782w, http:\/\/www.ercancelik.com\/wp-content\/uploads\/2024\/10\/ana-gorsel-tupras-izmir-rafinerisi-u7000-cdu-revamp-2-projesi--300x276.jpg 300w, http:\/\/www.ercancelik.com\/wp-content\/uploads\/2024\/10\/ana-gorsel-tupras-izmir-rafinerisi-u7000-cdu-revamp-2-projesi--768x707.jpg 768w, http:\/\/www.ercancelik.com\/wp-content\/uploads\/2024\/10\/ana-gorsel-tupras-izmir-rafinerisi-u7000-cdu-revamp-2-projesi--13x12.jpg 13w, http:\/\/www.ercancelik.com\/wp-content\/uploads\/2024\/10\/ana-gorsel-tupras-izmir-rafinerisi-u7000-cdu-revamp-2-projesi--720x663.jpg 720w, http:\/\/www.ercancelik.com\/wp-content\/uploads\/2024\/10\/ana-gorsel-tupras-izmir-rafinerisi-u7000-cdu-revamp-2-projesi--24x22.jpg 24w, http:\/\/www.ercancelik.com\/wp-content\/uploads\/2024\/10\/ana-gorsel-tupras-izmir-rafinerisi-u7000-cdu-revamp-2-projesi--36x33.jpg 36w, http:\/\/www.ercancelik.com\/wp-content\/uploads\/2024\/10\/ana-gorsel-tupras-izmir-rafinerisi-u7000-cdu-revamp-2-projesi--48x44.jpg 48w\" sizes=\"(max-width: 782px) 100vw, 782px\" \/>\t\t\t\t\t\t\t\t\t\t\t\t\t\t\t<\/div>\n\t\t\t\t<\/div>\n\t\t\t\t<div class=\"elementor-element elementor-element-2bb5cd0 gallery-spacing-custom elementor-widget elementor-widget-image-gallery\" data-id=\"2bb5cd0\" data-element_type=\"widget\" data-e-type=\"widget\" data-widget_type=\"image-gallery.default\">\n\t\t\t\t<div class=\"elementor-widget-container\">\n\t\t\t\t\t\t\t<div class=\"elementor-image-gallery\">\n\t\t\t<div id='gallery-1' class='gallery galleryid-10099 gallery-columns-2 gallery-size-saga-small'><figure class='gallery-item'>\n\t\t\t<div class='gallery-icon landscape'>\n\t\t\t\t<a data-elementor-open-lightbox=\"yes\" data-elementor-lightbox-slideshow=\"2bb5cd0\" data-elementor-lightbox-title=\"6c54a6cb657305d978b00f2c892a1bb8\" data-e-action-hash=\"#elementor-action%3Aaction%3Dlightbox%26settings%3DeyJpZCI6MTAxMDIsInVybCI6Imh0dHA6XC9cL3d3dy5lcmNhbmNlbGlrLmNvbVwvd3AtY29udGVudFwvdXBsb2Fkc1wvMjAyNFwvMDhcLzZjNTRhNmNiNjU3MzA1ZDk3OGIwMGYyYzg5MmExYmI4LmpwZWciLCJzbGlkZXNob3ciOiIyYmI1Y2QwIn0%3D\" href='http:\/\/www.ercancelik.com\/wp-content\/uploads\/2024\/08\/6c54a6cb657305d978b00f2c892a1bb8.jpeg'><img decoding=\"async\" width=\"720\" height=\"520\" src=\"http:\/\/www.ercancelik.com\/wp-content\/uploads\/2024\/08\/6c54a6cb657305d978b00f2c892a1bb8-720x520.jpeg\" class=\"attachment-saga-small size-saga-small\" alt=\"\" srcset=\"http:\/\/www.ercancelik.com\/wp-content\/uploads\/2024\/08\/6c54a6cb657305d978b00f2c892a1bb8-720x520.jpeg 720w, http:\/\/www.ercancelik.com\/wp-content\/uploads\/2024\/08\/6c54a6cb657305d978b00f2c892a1bb8-16x12.jpeg 16w, http:\/\/www.ercancelik.com\/wp-content\/uploads\/2024\/08\/6c54a6cb657305d978b00f2c892a1bb8-24x18.jpeg 24w, http:\/\/www.ercancelik.com\/wp-content\/uploads\/2024\/08\/6c54a6cb657305d978b00f2c892a1bb8-36x27.jpeg 36w, http:\/\/www.ercancelik.com\/wp-content\/uploads\/2024\/08\/6c54a6cb657305d978b00f2c892a1bb8-48x36.jpeg 48w\" sizes=\"(max-width: 720px) 100vw, 720px\" \/><\/a>\n\t\t\t<\/div><\/figure><figure class='gallery-item'>\n\t\t\t<div class='gallery-icon landscape'>\n\t\t\t\t<a data-elementor-open-lightbox=\"yes\" data-elementor-lightbox-slideshow=\"2bb5cd0\" data-elementor-lightbox-title=\"ana-gorsel-tupras-izmir-rafinerisi-u7000-cdu-revamp-2-projesi-\" data-e-action-hash=\"#elementor-action%3Aaction%3Dlightbox%26settings%3DeyJpZCI6MTIwOTIsInVybCI6Imh0dHA6XC9cL3d3dy5lcmNhbmNlbGlrLmNvbVwvd3AtY29udGVudFwvdXBsb2Fkc1wvMjAyNFwvMTBcL2FuYS1nb3JzZWwtdHVwcmFzLWl6bWlyLXJhZmluZXJpc2ktdTcwMDAtY2R1LXJldmFtcC0yLXByb2plc2ktLmpwZyIsInNsaWRlc2hvdyI6IjJiYjVjZDAifQ%3D%3D\" href='http:\/\/www.ercancelik.com\/wp-content\/uploads\/2024\/10\/ana-gorsel-tupras-izmir-rafinerisi-u7000-cdu-revamp-2-projesi-.jpg'><img decoding=\"async\" width=\"720\" height=\"520\" src=\"http:\/\/www.ercancelik.com\/wp-content\/uploads\/2024\/10\/ana-gorsel-tupras-izmir-rafinerisi-u7000-cdu-revamp-2-projesi--720x520.jpg\" class=\"attachment-saga-small size-saga-small\" alt=\"\" \/><\/a>\n\t\t\t<\/div><\/figure>\n\t\t<\/div>\n\t\t<\/div>\n\t\t\t\t\t\t<\/div>\n\t\t\t\t<\/div>\n\t\t\t\t\t<\/div>\n\t\t<\/div>\n\t\t\t\t<div class=\"elementor-column elementor-col-50 elementor-inner-column elementor-element elementor-element-4edb32d\" data-id=\"4edb32d\" data-element_type=\"column\" data-e-type=\"column\">\n\t\t\t<div class=\"elementor-widget-wrap elementor-element-populated\">\n\t\t\t\t\t\t<div class=\"elementor-element elementor-element-1a27ce7 elementor-widget elementor-widget-text-editor\" data-id=\"1a27ce7\" data-element_type=\"widget\" data-e-type=\"widget\" data-widget_type=\"text-editor.default\">\n\t\t\t\t<div class=\"elementor-widget-container\">\n\t\t\t\t\t\t\t\t\t<div class=\"wt-product-title\"><h5 class=\"post-title\"><a>TUPRAS Izmir Refinery U7000 CDU Revamp-2 Project<\/a><\/h5><\/div><div class=\"wt-product-text\"><strong>Project Year:\u00a0<\/strong>2018<br \/><strong>Client: <\/strong>T\u00dcPRA\u015e (T\u00fcrkiye Petrol Rafineleri A.\u015e.) &#8211; (HAVATEK.A.\u015e)<\/div>\t\t\t\t\t\t\t\t<\/div>\n\t\t\t\t<\/div>\n\t\t\t\t<div class=\"elementor-element elementor-element-6f246cb elementor-widget elementor-widget-image\" data-id=\"6f246cb\" data-element_type=\"widget\" data-e-type=\"widget\" data-widget_type=\"image.default\">\n\t\t\t\t<div class=\"elementor-widget-container\">\n\t\t\t\t\t\t\t\t\t\t\t\t\t\t\t<img loading=\"lazy\" decoding=\"async\" width=\"149\" height=\"88\" src=\"http:\/\/www.ercancelik.com\/wp-content\/uploads\/2024\/09\/9323185bd447222d5dc65976ee5179b5.jpg\" class=\"attachment-large size-large wp-image-11095\" alt=\"\" srcset=\"http:\/\/www.ercancelik.com\/wp-content\/uploads\/2024\/09\/9323185bd447222d5dc65976ee5179b5.jpg 149w, http:\/\/www.ercancelik.com\/wp-content\/uploads\/2024\/09\/9323185bd447222d5dc65976ee5179b5-18x12.jpg 18w, http:\/\/www.ercancelik.com\/wp-content\/uploads\/2024\/09\/9323185bd447222d5dc65976ee5179b5-24x14.jpg 24w, http:\/\/www.ercancelik.com\/wp-content\/uploads\/2024\/09\/9323185bd447222d5dc65976ee5179b5-36x21.jpg 36w, http:\/\/www.ercancelik.com\/wp-content\/uploads\/2024\/09\/9323185bd447222d5dc65976ee5179b5-48x28.jpg 48w\" sizes=\"(max-width: 149px) 100vw, 149px\" \/>\t\t\t\t\t\t\t\t\t\t\t\t\t\t\t<\/div>\n\t\t\t\t<\/div>\n\t\t\t\t<div class=\"elementor-element elementor-element-782570b elementor-widget elementor-widget-text-editor\" data-id=\"782570b\" data-element_type=\"widget\" data-e-type=\"widget\" data-widget_type=\"text-editor.default\">\n\t\t\t\t<div class=\"elementor-widget-container\">\n\t\t\t\t\t\t\t\t\t<h5><strong>SCOPE\u00a0<\/strong><\/h5><p>120.000 WDI (Dia-inches) Piping Fabrication and Erection<\/p><p>Equipment Dismanting and Installation 520 Tons<\/p><p>Furnace Installation Revision, Commissioning Works And Completion<\/p><p>Fire Water System, Material Supply and Installation<\/p><h5><strong>NUMBER OF EMPLOYESS<\/strong><\/h5><p>455 Staff \/ Month<\/p><p>Total: 704.500 Man - Hour Working (14 Mounths)<\/p>\t\t\t\t\t\t\t\t<\/div>\n\t\t\t\t<\/div>\n\t\t\t\t\t<\/div>\n\t\t<\/div>\n\t\t\t\t\t<\/div>\n\t\t<\/section>\n\t\t\t\t\t<\/div>\n\t\t<\/div>\n\t\t\t\t\t<\/div>\n\t\t<\/section>\n\t\t<div class=\"elementor-element elementor-element-3cb23b5 e-flex e-con-boxed e-con e-parent\" data-id=\"3cb23b5\" data-element_type=\"container\" data-e-type=\"container\">\n\t\t\t\t\t<div class=\"e-con-inner\">\n\t\t\t\t<div class=\"elementor-element elementor-element-d0de896 elementor-widget elementor-widget-mo-image\" data-id=\"d0de896\" data-element_type=\"widget\" data-e-type=\"widget\" data-widget_type=\"mo-image.default\">\n\t\t\t\t<div class=\"elementor-widget-container\">\n\t\t\t\t\t\n<div class=\"mo-img-fancy\"   >\n\t\t<div class=\"mo-img-fancy-container align-items-center\">\n\t\t\t\t<figure   >\n\t\t\t\t\t\t\t\t\t\t\t\t\t\t\t\t\t<\/figure>\n\t\t\t\n\t<\/div>\n<\/div>\n\n\t\t\t\t<\/div>\n\t\t\t\t<\/div>\n\t\t\t\t\t<\/div>\n\t\t\t\t<\/div>\n\t\t\t\t<\/div>","protected":false},"excerpt":{"rendered":"<p>T\u00dcPRA\u015e \u0130ZM\u0130R RAF\u0130NER\u0130S\u0130 &#8211; U7000 CDU REVAMP-2 PROJES\u0130 Proje Y\u0131l\u0131:\u00a02018\u0130\u015fveren: T\u00dcPRA\u015e (T\u00fcrkiye Petrol Rafineleri A.\u015e.) &#8211; (HAVATEK.A.\u015e) KAPSAM\u00a0 120.000 WDI (Dia-inc) Borulama \u0130malat ve Montaj\u0131 Ekipman Demontaj\u0131 ve Montaj\u0131 520 Ton F\u0131r\u0131n Montaj\u0131 Revizyonu, Devreye Alma \u0130\u015fleri ve\u00a0Tamamlanmas\u0131 (%20) Yang\u0131n Suyu Sistemi, Malzeme Temini ve Montaj\u0131 \u00c7ALI\u015eAN SAYISI 455 Personel \/ Ay Toplam: 704.500 Adam [&hellip;]<\/p>\n","protected":false},"author":1,"featured_media":0,"parent":0,"menu_order":0,"comment_status":"closed","ping_status":"closed","template":"","meta":{"footnotes":""},"class_list":["post-10099","page","type-page","status-publish","hentry"],"_links":{"self":[{"href":"http:\/\/www.ercancelik.com\/en\/wp-json\/wp\/v2\/pages\/10099","targetHints":{"allow":["GET"]}}],"collection":[{"href":"http:\/\/www.ercancelik.com\/en\/wp-json\/wp\/v2\/pages"}],"about":[{"href":"http:\/\/www.ercancelik.com\/en\/wp-json\/wp\/v2\/types\/page"}],"author":[{"embeddable":true,"href":"http:\/\/www.ercancelik.com\/en\/wp-json\/wp\/v2\/users\/1"}],"replies":[{"embeddable":true,"href":"http:\/\/www.ercancelik.com\/en\/wp-json\/wp\/v2\/comments?post=10099"}],"version-history":[{"count":61,"href":"http:\/\/www.ercancelik.com\/en\/wp-json\/wp\/v2\/pages\/10099\/revisions"}],"predecessor-version":[{"id":12101,"href":"http:\/\/www.ercancelik.com\/en\/wp-json\/wp\/v2\/pages\/10099\/revisions\/12101"}],"wp:attachment":[{"href":"http:\/\/www.ercancelik.com\/en\/wp-json\/wp\/v2\/media?parent=10099"}],"curies":[{"name":"wp","href":"https:\/\/api.w.org\/{rel}","templated":true}]}}