{"id":11690,"date":"2024-09-30T15:19:16","date_gmt":"2024-09-30T12:19:16","guid":{"rendered":"http:\/\/www.ercancelik.com\/?page_id=11690"},"modified":"2024-10-10T11:58:12","modified_gmt":"2024-10-10T08:58:12","slug":"tupras-rafinerisi-kolon-ekipmani-modifikasyonu-projesi","status":"publish","type":"page","link":"http:\/\/www.ercancelik.com\/en\/tupras-rafinerisi-kolon-ekipmani-modifikasyonu-projesi\/","title":{"rendered":"T\u00dcPRA\u015e RAF\u0130NER\u0130S\u0130 \u2013 KOLON EK\u0130PMANI MOD\u0130F\u0130KASYONU PROJES\u0130"},"content":{"rendered":"<div data-elementor-type=\"wp-page\" data-elementor-id=\"11690\" class=\"elementor elementor-11690\" data-elementor-post-type=\"page\">\n\t\t\t\t\t\t<section class=\"elementor-section elementor-top-section elementor-element elementor-element-17df8b5 elementor-section-boxed elementor-section-height-default elementor-section-height-default\" data-id=\"17df8b5\" data-element_type=\"section\" data-e-type=\"section\">\n\t\t\t\t\t\t<div class=\"elementor-container elementor-column-gap-default\">\n\t\t\t\t\t<div class=\"elementor-column elementor-col-100 elementor-top-column elementor-element elementor-element-64ea887\" data-id=\"64ea887\" data-element_type=\"column\" data-e-type=\"column\">\n\t\t\t<div class=\"elementor-widget-wrap elementor-element-populated\">\n\t\t\t\t\t\t<section class=\"elementor-section elementor-inner-section elementor-element elementor-element-66143e2 elementor-section-boxed elementor-section-height-default elementor-section-height-default\" data-id=\"66143e2\" data-element_type=\"section\" data-e-type=\"section\">\n\t\t\t\t\t\t<div class=\"elementor-container elementor-column-gap-default\">\n\t\t\t\t\t<div class=\"elementor-column elementor-col-50 elementor-inner-column elementor-element elementor-element-a149234 elementor-hidden-mobile\" data-id=\"a149234\" data-element_type=\"column\" data-e-type=\"column\">\n\t\t\t<div class=\"elementor-widget-wrap elementor-element-populated\">\n\t\t\t\t\t\t<div class=\"elementor-element elementor-element-f9d583c elementor-widget elementor-widget-image\" data-id=\"f9d583c\" data-element_type=\"widget\" data-e-type=\"widget\" data-widget_type=\"image.default\">\n\t\t\t\t<div class=\"elementor-widget-container\">\n\t\t\t\t\t\t\t\t\t\t\t\t\t\t\t<img fetchpriority=\"high\" decoding=\"async\" width=\"834\" height=\"768\" src=\"http:\/\/www.ercancelik.com\/wp-content\/uploads\/2024\/09\/c81d0e3cfddfa55392ac9cd1e8750ae6-2.png\" class=\"attachment-large size-large wp-image-11715\" alt=\"\" srcset=\"http:\/\/www.ercancelik.com\/wp-content\/uploads\/2024\/09\/c81d0e3cfddfa55392ac9cd1e8750ae6-2.png 834w, http:\/\/www.ercancelik.com\/wp-content\/uploads\/2024\/09\/c81d0e3cfddfa55392ac9cd1e8750ae6-2-300x276.png 300w, http:\/\/www.ercancelik.com\/wp-content\/uploads\/2024\/09\/c81d0e3cfddfa55392ac9cd1e8750ae6-2-768x707.png 768w, http:\/\/www.ercancelik.com\/wp-content\/uploads\/2024\/09\/c81d0e3cfddfa55392ac9cd1e8750ae6-2-13x12.png 13w, http:\/\/www.ercancelik.com\/wp-content\/uploads\/2024\/09\/c81d0e3cfddfa55392ac9cd1e8750ae6-2-720x663.png 720w, http:\/\/www.ercancelik.com\/wp-content\/uploads\/2024\/09\/c81d0e3cfddfa55392ac9cd1e8750ae6-2-24x22.png 24w, http:\/\/www.ercancelik.com\/wp-content\/uploads\/2024\/09\/c81d0e3cfddfa55392ac9cd1e8750ae6-2-36x33.png 36w, http:\/\/www.ercancelik.com\/wp-content\/uploads\/2024\/09\/c81d0e3cfddfa55392ac9cd1e8750ae6-2-48x44.png 48w\" sizes=\"(max-width: 834px) 100vw, 834px\" \/>\t\t\t\t\t\t\t\t\t\t\t\t\t\t\t<\/div>\n\t\t\t\t<\/div>\n\t\t\t\t<div class=\"elementor-element elementor-element-6fde5b1 gallery-spacing-custom elementor-widget elementor-widget-image-gallery\" data-id=\"6fde5b1\" data-element_type=\"widget\" data-e-type=\"widget\" data-widget_type=\"image-gallery.default\">\n\t\t\t\t<div class=\"elementor-widget-container\">\n\t\t\t\t\t\t\t<div class=\"elementor-image-gallery\">\n\t\t\t<div id='gallery-1' class='gallery galleryid-11690 gallery-columns-2 gallery-size-saga-small'><figure class='gallery-item'>\n\t\t\t<div class='gallery-icon landscape'>\n\t\t\t\t<a data-elementor-open-lightbox=\"yes\" data-elementor-lightbox-slideshow=\"6fde5b1\" data-elementor-lightbox-title=\"tupras-rafinerisi-kolon-ekipmani-modifikasyonu-projesi-2\" data-e-action-hash=\"#elementor-action%3Aaction%3Dlightbox%26settings%3DeyJpZCI6MTIxMjAsInVybCI6Imh0dHA6XC9cL3d3dy5lcmNhbmNlbGlrLmNvbVwvd3AtY29udGVudFwvdXBsb2Fkc1wvMjAyNFwvMTBcL3R1cHJhcy1yYWZpbmVyaXNpLWtvbG9uLWVraXBtYW5pLW1vZGlmaWthc3lvbnUtcHJvamVzaS0yLmpwZyIsInNsaWRlc2hvdyI6IjZmZGU1YjEifQ%3D%3D\" href='http:\/\/www.ercancelik.com\/wp-content\/uploads\/2024\/10\/tupras-rafinerisi-kolon-ekipmani-modifikasyonu-projesi-2.jpg'><img decoding=\"async\" width=\"480\" height=\"400\" src=\"http:\/\/www.ercancelik.com\/wp-content\/uploads\/2024\/10\/tupras-rafinerisi-kolon-ekipmani-modifikasyonu-projesi-2.jpg\" class=\"attachment-saga-small size-saga-small\" alt=\"\" srcset=\"http:\/\/www.ercancelik.com\/wp-content\/uploads\/2024\/10\/tupras-rafinerisi-kolon-ekipmani-modifikasyonu-projesi-2.jpg 480w, http:\/\/www.ercancelik.com\/wp-content\/uploads\/2024\/10\/tupras-rafinerisi-kolon-ekipmani-modifikasyonu-projesi-2-300x250.jpg 300w, http:\/\/www.ercancelik.com\/wp-content\/uploads\/2024\/10\/tupras-rafinerisi-kolon-ekipmani-modifikasyonu-projesi-2-14x12.jpg 14w, http:\/\/www.ercancelik.com\/wp-content\/uploads\/2024\/10\/tupras-rafinerisi-kolon-ekipmani-modifikasyonu-projesi-2-24x20.jpg 24w, http:\/\/www.ercancelik.com\/wp-content\/uploads\/2024\/10\/tupras-rafinerisi-kolon-ekipmani-modifikasyonu-projesi-2-36x30.jpg 36w, http:\/\/www.ercancelik.com\/wp-content\/uploads\/2024\/10\/tupras-rafinerisi-kolon-ekipmani-modifikasyonu-projesi-2-48x40.jpg 48w\" sizes=\"(max-width: 480px) 100vw, 480px\" \/><\/a>\n\t\t\t<\/div><\/figure><figure class='gallery-item'>\n\t\t\t<div class='gallery-icon landscape'>\n\t\t\t\t<a data-elementor-open-lightbox=\"yes\" data-elementor-lightbox-slideshow=\"6fde5b1\" data-elementor-lightbox-title=\"tupras-rafinerisi-kolon-ekipmani-modifikasyonu-projesi-1\" data-e-action-hash=\"#elementor-action%3Aaction%3Dlightbox%26settings%3DeyJpZCI6MTIxMjEsInVybCI6Imh0dHA6XC9cL3d3dy5lcmNhbmNlbGlrLmNvbVwvd3AtY29udGVudFwvdXBsb2Fkc1wvMjAyNFwvMTBcL3R1cHJhcy1yYWZpbmVyaXNpLWtvbG9uLWVraXBtYW5pLW1vZGlmaWthc3lvbnUtcHJvamVzaS0xLmpwZyIsInNsaWRlc2hvdyI6IjZmZGU1YjEifQ%3D%3D\" href='http:\/\/www.ercancelik.com\/wp-content\/uploads\/2024\/10\/tupras-rafinerisi-kolon-ekipmani-modifikasyonu-projesi-1.jpg'><img decoding=\"async\" width=\"480\" height=\"400\" src=\"http:\/\/www.ercancelik.com\/wp-content\/uploads\/2024\/10\/tupras-rafinerisi-kolon-ekipmani-modifikasyonu-projesi-1.jpg\" class=\"attachment-saga-small size-saga-small\" alt=\"\" srcset=\"http:\/\/www.ercancelik.com\/wp-content\/uploads\/2024\/10\/tupras-rafinerisi-kolon-ekipmani-modifikasyonu-projesi-1.jpg 480w, http:\/\/www.ercancelik.com\/wp-content\/uploads\/2024\/10\/tupras-rafinerisi-kolon-ekipmani-modifikasyonu-projesi-1-300x250.jpg 300w, http:\/\/www.ercancelik.com\/wp-content\/uploads\/2024\/10\/tupras-rafinerisi-kolon-ekipmani-modifikasyonu-projesi-1-14x12.jpg 14w, http:\/\/www.ercancelik.com\/wp-content\/uploads\/2024\/10\/tupras-rafinerisi-kolon-ekipmani-modifikasyonu-projesi-1-24x20.jpg 24w, http:\/\/www.ercancelik.com\/wp-content\/uploads\/2024\/10\/tupras-rafinerisi-kolon-ekipmani-modifikasyonu-projesi-1-36x30.jpg 36w, http:\/\/www.ercancelik.com\/wp-content\/uploads\/2024\/10\/tupras-rafinerisi-kolon-ekipmani-modifikasyonu-projesi-1-48x40.jpg 48w\" sizes=\"(max-width: 480px) 100vw, 480px\" \/><\/a>\n\t\t\t<\/div><\/figure>\n\t\t<\/div>\n\t\t<\/div>\n\t\t\t\t\t\t<\/div>\n\t\t\t\t<\/div>\n\t\t\t\t\t<\/div>\n\t\t<\/div>\n\t\t\t\t<div class=\"elementor-column elementor-col-50 elementor-inner-column elementor-element elementor-element-4edb32d\" data-id=\"4edb32d\" data-element_type=\"column\" data-e-type=\"column\">\n\t\t\t<div class=\"elementor-widget-wrap elementor-element-populated\">\n\t\t\t\t\t\t<div class=\"elementor-element elementor-element-4d4600b elementor-widget elementor-widget-text-editor\" data-id=\"4d4600b\" data-element_type=\"widget\" data-e-type=\"widget\" data-widget_type=\"text-editor.default\">\n\t\t\t\t<div class=\"elementor-widget-container\">\n\t\t\t\t\t\t\t\t\t<div class=\"wt-product-title\"><h5 class=\"post-title\"><a>Tpao Tank Fabrication, Erection and Piping Project<\/a><\/h5><\/div><div class=\"wt-product-text\"><strong>Project Year:\u00a0<\/strong>2018<br \/><strong>Client:<\/strong><br \/>TUPRAS (Turkish Petroleum Refineries Co. Inc.) - Project Investments Directorate<\/div>\t\t\t\t\t\t\t\t<\/div>\n\t\t\t\t<\/div>\n\t\t\t\t<div class=\"elementor-element elementor-element-58be9a6 elementor-widget elementor-widget-image\" data-id=\"58be9a6\" data-element_type=\"widget\" data-e-type=\"widget\" data-widget_type=\"image.default\">\n\t\t\t\t<div class=\"elementor-widget-container\">\n\t\t\t\t\t\t\t\t\t\t\t\t\t\t\t<img loading=\"lazy\" decoding=\"async\" width=\"149\" height=\"88\" src=\"http:\/\/www.ercancelik.com\/wp-content\/uploads\/2024\/09\/5c61406f8b271d637d47258793826506.jpg\" class=\"attachment-large size-large wp-image-11297\" alt=\"\" srcset=\"http:\/\/www.ercancelik.com\/wp-content\/uploads\/2024\/09\/5c61406f8b271d637d47258793826506.jpg 149w, http:\/\/www.ercancelik.com\/wp-content\/uploads\/2024\/09\/5c61406f8b271d637d47258793826506-18x12.jpg 18w, http:\/\/www.ercancelik.com\/wp-content\/uploads\/2024\/09\/5c61406f8b271d637d47258793826506-24x14.jpg 24w, http:\/\/www.ercancelik.com\/wp-content\/uploads\/2024\/09\/5c61406f8b271d637d47258793826506-36x21.jpg 36w, http:\/\/www.ercancelik.com\/wp-content\/uploads\/2024\/09\/5c61406f8b271d637d47258793826506-48x28.jpg 48w\" sizes=\"(max-width: 149px) 100vw, 149px\" \/>\t\t\t\t\t\t\t\t\t\t\t\t\t\t\t<\/div>\n\t\t\t\t<\/div>\n\t\t\t\t<div class=\"elementor-element elementor-element-843606d elementor-widget elementor-widget-text-editor\" data-id=\"843606d\" data-element_type=\"widget\" data-e-type=\"widget\" data-widget_type=\"text-editor.default\">\n\t\t\t\t<div class=\"elementor-widget-container\">\n\t\t\t\t\t\t\t\t\t<h5><strong>SCOPE<\/strong><\/h5><p>Revision and Replacement of 25C-1 Column All Internal Parts and Accessories<\/p><p>Replacement of Column Trays, Tray Support Rings and Tray Ring Supports<\/p><h5>\u00a0<\/h5><h5><strong>NUMBER OF EMPLOYESS<\/strong><\/h5><p>60 Staff \/ Month<\/p><p>Total: 21.600 Man-Hour Working (1 Months)<\/p>\t\t\t\t\t\t\t\t<\/div>\n\t\t\t\t<\/div>\n\t\t\t\t\t<\/div>\n\t\t<\/div>\n\t\t\t\t\t<\/div>\n\t\t<\/section>\n\t\t\t\t\t<\/div>\n\t\t<\/div>\n\t\t\t\t\t<\/div>\n\t\t<\/section>\n\t\t\t\t<\/div>","protected":false},"excerpt":{"rendered":"<p>TPAO TANK \u0130MALATI, MONTAJI VE BORULAMASI PROJES\u0130 Proje Y\u0131l\u0131:\u00a02018\u0130\u015fveren:T\u00dcPRA\u015e (T\u00fcrkiye Petrol Rafineleri A.\u015e.) &#8211; Proje Yat\u0131r\u0131mlar M\u00fcd\u00fcrl\u00fc\u011f\u00fc KAPSAM 25C-1 Kolonu T\u00fcm \u0130\u00e7 Par\u00e7alar\u0131n\u0131n ve Aksesuarlar\u0131n\u0131n\u00a0Revizyonu ve Yenilenmesi Kolon Tepsileri, Tepsi Destek Ringleri ve Ta\u015f\u0131y\u0131c\u0131 Support lar\u0131n\u00a0De\u011fi\u015fimleri \u00a0 \u00c7ALI\u015eAN SAYISI 60 Personel \/ Ay Toplam: 21.600 Adam \/ Saat \u00c7al\u0131\u015fma (1 Ay)<\/p>","protected":false},"author":1,"featured_media":0,"parent":0,"menu_order":0,"comment_status":"closed","ping_status":"closed","template":"","meta":{"footnotes":""},"class_list":["post-11690","page","type-page","status-publish","hentry"],"_links":{"self":[{"href":"http:\/\/www.ercancelik.com\/en\/wp-json\/wp\/v2\/pages\/11690","targetHints":{"allow":["GET"]}}],"collection":[{"href":"http:\/\/www.ercancelik.com\/en\/wp-json\/wp\/v2\/pages"}],"about":[{"href":"http:\/\/www.ercancelik.com\/en\/wp-json\/wp\/v2\/types\/page"}],"author":[{"embeddable":true,"href":"http:\/\/www.ercancelik.com\/en\/wp-json\/wp\/v2\/users\/1"}],"replies":[{"embeddable":true,"href":"http:\/\/www.ercancelik.com\/en\/wp-json\/wp\/v2\/comments?post=11690"}],"version-history":[{"count":25,"href":"http:\/\/www.ercancelik.com\/en\/wp-json\/wp\/v2\/pages\/11690\/revisions"}],"predecessor-version":[{"id":12145,"href":"http:\/\/www.ercancelik.com\/en\/wp-json\/wp\/v2\/pages\/11690\/revisions\/12145"}],"wp:attachment":[{"href":"http:\/\/www.ercancelik.com\/en\/wp-json\/wp\/v2\/media?parent=11690"}],"curies":[{"name":"wp","href":"https:\/\/api.w.org\/{rel}","templated":true}]}}