{"id":11693,"date":"2024-09-30T15:19:50","date_gmt":"2024-09-30T12:19:50","guid":{"rendered":"http:\/\/www.ercancelik.com\/?page_id=11693"},"modified":"2024-10-10T11:28:04","modified_gmt":"2024-10-10T08:28:04","slug":"tpao-tank-imalati-montaji-ve-borulamasi-projesi","status":"publish","type":"page","link":"http:\/\/www.ercancelik.com\/en\/tpao-tank-imalati-montaji-ve-borulamasi-projesi\/","title":{"rendered":"Tpao Tank Fabrication, Erection and Piping Project"},"content":{"rendered":"<div data-elementor-type=\"wp-page\" data-elementor-id=\"11693\" class=\"elementor elementor-11693\" data-elementor-post-type=\"page\">\n\t\t\t\t\t\t<section class=\"elementor-section elementor-top-section elementor-element elementor-element-4cb02aa elementor-section-boxed elementor-section-height-default elementor-section-height-default\" data-id=\"4cb02aa\" data-element_type=\"section\" data-e-type=\"section\">\n\t\t\t\t\t\t<div class=\"elementor-container elementor-column-gap-default\">\n\t\t\t\t\t<div class=\"elementor-column elementor-col-100 elementor-top-column elementor-element elementor-element-b46d81e\" data-id=\"b46d81e\" data-element_type=\"column\" data-e-type=\"column\">\n\t\t\t<div class=\"elementor-widget-wrap elementor-element-populated\">\n\t\t\t\t\t\t<section class=\"elementor-section elementor-inner-section elementor-element elementor-element-67af193 elementor-section-boxed elementor-section-height-default elementor-section-height-default\" data-id=\"67af193\" data-element_type=\"section\" data-e-type=\"section\">\n\t\t\t\t\t\t<div class=\"elementor-container elementor-column-gap-default\">\n\t\t\t\t\t<div class=\"elementor-column elementor-col-50 elementor-inner-column elementor-element elementor-element-2ce39df elementor-hidden-mobile\" data-id=\"2ce39df\" data-element_type=\"column\" data-e-type=\"column\">\n\t\t\t<div class=\"elementor-widget-wrap elementor-element-populated\">\n\t\t\t\t\t\t<div class=\"elementor-element elementor-element-eccf6b4 elementor-widget elementor-widget-image\" data-id=\"eccf6b4\" data-element_type=\"widget\" data-e-type=\"widget\" data-widget_type=\"image.default\">\n\t\t\t\t<div class=\"elementor-widget-container\">\n\t\t\t\t\t\t\t\t\t\t\t\t\t\t\t<img fetchpriority=\"high\" decoding=\"async\" width=\"782\" height=\"720\" src=\"https:\/\/www.ercancelik.com\/wp-content\/uploads\/2024\/10\/tpao-tank-imalati-montaji-ve-borulamasi-projesi-ana-gorsel.jpg\" class=\"attachment-large size-large wp-image-12034\" alt=\"\" srcset=\"https:\/\/www.ercancelik.com\/wp-content\/uploads\/2024\/10\/tpao-tank-imalati-montaji-ve-borulamasi-projesi-ana-gorsel.jpg 782w, https:\/\/www.ercancelik.com\/wp-content\/uploads\/2024\/10\/tpao-tank-imalati-montaji-ve-borulamasi-projesi-ana-gorsel-300x276.jpg 300w, https:\/\/www.ercancelik.com\/wp-content\/uploads\/2024\/10\/tpao-tank-imalati-montaji-ve-borulamasi-projesi-ana-gorsel-768x707.jpg 768w, https:\/\/www.ercancelik.com\/wp-content\/uploads\/2024\/10\/tpao-tank-imalati-montaji-ve-borulamasi-projesi-ana-gorsel-13x12.jpg 13w, https:\/\/www.ercancelik.com\/wp-content\/uploads\/2024\/10\/tpao-tank-imalati-montaji-ve-borulamasi-projesi-ana-gorsel-720x663.jpg 720w, https:\/\/www.ercancelik.com\/wp-content\/uploads\/2024\/10\/tpao-tank-imalati-montaji-ve-borulamasi-projesi-ana-gorsel-24x22.jpg 24w, https:\/\/www.ercancelik.com\/wp-content\/uploads\/2024\/10\/tpao-tank-imalati-montaji-ve-borulamasi-projesi-ana-gorsel-36x33.jpg 36w, https:\/\/www.ercancelik.com\/wp-content\/uploads\/2024\/10\/tpao-tank-imalati-montaji-ve-borulamasi-projesi-ana-gorsel-48x44.jpg 48w\" sizes=\"(max-width: 782px) 100vw, 782px\" \/>\t\t\t\t\t\t\t\t\t\t\t\t\t\t\t<\/div>\n\t\t\t\t<\/div>\n\t\t\t\t<div class=\"elementor-element elementor-element-c3317a0 gallery-spacing-custom elementor-widget elementor-widget-image-gallery\" data-id=\"c3317a0\" data-element_type=\"widget\" data-e-type=\"widget\" data-widget_type=\"image-gallery.default\">\n\t\t\t\t<div class=\"elementor-widget-container\">\n\t\t\t\t\t\t\t<div class=\"elementor-image-gallery\">\n\t\t\t<div id='gallery-1' class='gallery galleryid-11693 gallery-columns-2 gallery-size-full'><figure class='gallery-item'>\n\t\t\t<div class='gallery-icon landscape'>\n\t\t\t\t<a data-elementor-open-lightbox=\"yes\" data-elementor-lightbox-slideshow=\"c3317a0\" data-elementor-lightbox-title=\"M4031B-4203\" data-e-action-hash=\"#elementor-action%3Aaction%3Dlightbox%26settings%3DeyJpZCI6MTE3MDEsInVybCI6Imh0dHBzOlwvXC93d3cuZXJjYW5jZWxpay5jb21cL3dwLWNvbnRlbnRcL3VwbG9hZHNcLzIwMjRcLzA5XC9iYjU0M2Y2ZDY0OTdhMDRkZGM3ZjljNjBmZTk4ZTg0Yi5qcGVnIiwic2xpZGVzaG93IjoiYzMzMTdhMCJ9\" href='https:\/\/www.ercancelik.com\/wp-content\/uploads\/2024\/09\/bb543f6d6497a04ddc7f9c60fe98e84b.jpeg'><img decoding=\"async\" width=\"1600\" height=\"1200\" src=\"https:\/\/www.ercancelik.com\/wp-content\/uploads\/2024\/09\/bb543f6d6497a04ddc7f9c60fe98e84b.jpeg\" class=\"attachment-full size-full\" alt=\"\" aria-describedby=\"gallery-1-11701\" srcset=\"https:\/\/www.ercancelik.com\/wp-content\/uploads\/2024\/09\/bb543f6d6497a04ddc7f9c60fe98e84b.jpeg 1600w, https:\/\/www.ercancelik.com\/wp-content\/uploads\/2024\/09\/bb543f6d6497a04ddc7f9c60fe98e84b-300x225.jpeg 300w, https:\/\/www.ercancelik.com\/wp-content\/uploads\/2024\/09\/bb543f6d6497a04ddc7f9c60fe98e84b-1024x768.jpeg 1024w, https:\/\/www.ercancelik.com\/wp-content\/uploads\/2024\/09\/bb543f6d6497a04ddc7f9c60fe98e84b-768x576.jpeg 768w, https:\/\/www.ercancelik.com\/wp-content\/uploads\/2024\/09\/bb543f6d6497a04ddc7f9c60fe98e84b-1536x1152.jpeg 1536w, https:\/\/www.ercancelik.com\/wp-content\/uploads\/2024\/09\/bb543f6d6497a04ddc7f9c60fe98e84b-16x12.jpeg 16w, https:\/\/www.ercancelik.com\/wp-content\/uploads\/2024\/09\/bb543f6d6497a04ddc7f9c60fe98e84b-720x540.jpeg 720w, https:\/\/www.ercancelik.com\/wp-content\/uploads\/2024\/09\/bb543f6d6497a04ddc7f9c60fe98e84b-24x18.jpeg 24w, https:\/\/www.ercancelik.com\/wp-content\/uploads\/2024\/09\/bb543f6d6497a04ddc7f9c60fe98e84b-36x27.jpeg 36w, https:\/\/www.ercancelik.com\/wp-content\/uploads\/2024\/09\/bb543f6d6497a04ddc7f9c60fe98e84b-48x36.jpeg 48w\" sizes=\"(max-width: 1600px) 100vw, 1600px\" \/><\/a>\n\t\t\t<\/div>\n\t\t\t\t<figcaption class='wp-caption-text gallery-caption' id='gallery-1-11701'>\n\t\t\t\tM4031B-4203\n\t\t\t\t<\/figcaption><\/figure><figure class='gallery-item'>\n\t\t\t<div class='gallery-icon landscape'>\n\t\t\t\t<a data-elementor-open-lightbox=\"yes\" data-elementor-lightbox-slideshow=\"c3317a0\" data-elementor-lightbox-title=\"M4031B-4203\" data-e-action-hash=\"#elementor-action%3Aaction%3Dlightbox%26settings%3DeyJpZCI6MTE3MDAsInVybCI6Imh0dHBzOlwvXC93d3cuZXJjYW5jZWxpay5jb21cL3dwLWNvbnRlbnRcL3VwbG9hZHNcLzIwMjRcLzA5XC9mMmM2N2Q5YTgzZDgxNThiNDE0NzgwNmQxZDU3YTlkOC0xLmpwZyIsInNsaWRlc2hvdyI6ImMzMzE3YTAifQ%3D%3D\" href='https:\/\/www.ercancelik.com\/wp-content\/uploads\/2024\/09\/f2c67d9a83d8158b4147806d1d57a9d8-1.jpg'><img decoding=\"async\" width=\"475\" height=\"356\" src=\"https:\/\/www.ercancelik.com\/wp-content\/uploads\/2024\/09\/f2c67d9a83d8158b4147806d1d57a9d8-1.jpg\" class=\"attachment-full size-full\" alt=\"\" aria-describedby=\"gallery-1-11700\" srcset=\"https:\/\/www.ercancelik.com\/wp-content\/uploads\/2024\/09\/f2c67d9a83d8158b4147806d1d57a9d8-1.jpg 475w, https:\/\/www.ercancelik.com\/wp-content\/uploads\/2024\/09\/f2c67d9a83d8158b4147806d1d57a9d8-1-300x225.jpg 300w, https:\/\/www.ercancelik.com\/wp-content\/uploads\/2024\/09\/f2c67d9a83d8158b4147806d1d57a9d8-1-16x12.jpg 16w, https:\/\/www.ercancelik.com\/wp-content\/uploads\/2024\/09\/f2c67d9a83d8158b4147806d1d57a9d8-1-24x18.jpg 24w, https:\/\/www.ercancelik.com\/wp-content\/uploads\/2024\/09\/f2c67d9a83d8158b4147806d1d57a9d8-1-36x27.jpg 36w, https:\/\/www.ercancelik.com\/wp-content\/uploads\/2024\/09\/f2c67d9a83d8158b4147806d1d57a9d8-1-48x36.jpg 48w\" sizes=\"(max-width: 475px) 100vw, 475px\" \/><\/a>\n\t\t\t<\/div>\n\t\t\t\t<figcaption class='wp-caption-text gallery-caption' id='gallery-1-11700'>\n\t\t\t\tM4031B-4203\n\t\t\t\t<\/figcaption><\/figure>\n\t\t<\/div>\n\t\t<\/div>\n\t\t\t\t\t\t<\/div>\n\t\t\t\t<\/div>\n\t\t\t\t\t<\/div>\n\t\t<\/div>\n\t\t\t\t<div class=\"elementor-column elementor-col-50 elementor-inner-column elementor-element elementor-element-fbd39ba\" data-id=\"fbd39ba\" data-element_type=\"column\" data-e-type=\"column\">\n\t\t\t<div class=\"elementor-widget-wrap elementor-element-populated\">\n\t\t\t\t\t\t<div class=\"elementor-element elementor-element-edbf3ae elementor-widget elementor-widget-text-editor\" data-id=\"edbf3ae\" data-element_type=\"widget\" data-e-type=\"widget\" data-widget_type=\"text-editor.default\">\n\t\t\t\t<div class=\"elementor-widget-container\">\n\t\t\t\t\t\t\t\t\t<div class=\"wt-product-title\"><h5 class=\"post-title\"><a>Tpao Tank Fabrication, Erection and Piping Project<\/a><\/h5><\/div><div class=\"wt-product-text\"><strong>Project Year:\u00a0<\/strong>2004<br \/><strong>Client:<\/strong><br \/>TPAO (T\u00fcrkiye Petrolleri Anonim Ortakl\u0131\u011f\u0131)<\/div>\t\t\t\t\t\t\t\t<\/div>\n\t\t\t\t<\/div>\n\t\t\t\t<div class=\"elementor-element elementor-element-e3016b2 elementor-widget elementor-widget-image\" data-id=\"e3016b2\" data-element_type=\"widget\" data-e-type=\"widget\" data-widget_type=\"image.default\">\n\t\t\t\t<div class=\"elementor-widget-container\">\n\t\t\t\t\t\t\t\t\t\t\t\t\t\t\t<img loading=\"lazy\" decoding=\"async\" width=\"149\" height=\"88\" src=\"https:\/\/www.ercancelik.com\/wp-content\/uploads\/2024\/09\/e47a056495497b790ec6aa86337e5519.jpg\" class=\"attachment-large size-large wp-image-11699\" alt=\"\" srcset=\"https:\/\/www.ercancelik.com\/wp-content\/uploads\/2024\/09\/e47a056495497b790ec6aa86337e5519.jpg 149w, https:\/\/www.ercancelik.com\/wp-content\/uploads\/2024\/09\/e47a056495497b790ec6aa86337e5519-18x12.jpg 18w, https:\/\/www.ercancelik.com\/wp-content\/uploads\/2024\/09\/e47a056495497b790ec6aa86337e5519-24x14.jpg 24w, https:\/\/www.ercancelik.com\/wp-content\/uploads\/2024\/09\/e47a056495497b790ec6aa86337e5519-36x21.jpg 36w, https:\/\/www.ercancelik.com\/wp-content\/uploads\/2024\/09\/e47a056495497b790ec6aa86337e5519-48x28.jpg 48w\" sizes=\"(max-width: 149px) 100vw, 149px\" \/>\t\t\t\t\t\t\t\t\t\t\t\t\t\t\t<\/div>\n\t\t\t\t<\/div>\n\t\t\t\t<div class=\"elementor-element elementor-element-95910cb elementor-widget elementor-widget-text-editor\" data-id=\"95910cb\" data-element_type=\"widget\" data-e-type=\"widget\" data-widget_type=\"text-editor.default\">\n\t\t\t\t<div class=\"elementor-widget-container\">\n\t\t\t\t\t\t\t\t\t<h5><strong>SCOPE<\/strong><\/h5><p>Cone Tank Fabrication and Erection, 4 Pieces Tank Capacity: 4.000 m3<\/p><p>1500 Meter Jacketed Piping Fabrication and Erection<\/p><p>Boiler Room Facility of Tanks<\/p><p>Fire Water System for Tanks<\/p><p>\u00a0<\/p><h5><strong>NUMBER OF EMPLOYESS<\/strong><\/h5><p>55 Staff \/ Month<\/p><p>Total: 140.000 Man-Hour Working (12 Months)<\/p>\t\t\t\t\t\t\t\t<\/div>\n\t\t\t\t<\/div>\n\t\t\t\t\t<\/div>\n\t\t<\/div>\n\t\t\t\t\t<\/div>\n\t\t<\/section>\n\t\t\t\t\t<\/div>\n\t\t<\/div>\n\t\t\t\t\t<\/div>\n\t\t<\/section>\n\t\t\t\t<\/div>","protected":false},"excerpt":{"rendered":"<p>M4031B-4203 M4031B-4203 TPAO TANK \u0130MALATI, MONTAJI VE BORULAMASI PROJES\u0130 Proje Y\u0131l\u0131:\u00a02004\u0130\u015fveren:TPAO (T\u00fcrkiye Petrolleri Anonim Ortakl\u0131\u011f\u0131) KAPSAM Konik Tank \u0130malat\u0131 ve Montaj\u0131, 4 Adet Tank Kapasitesi: 4.000 m3 1500 Metre Ceketli Hat Borulamas\u0131 Tanklar\u0131n Kazan Dairesi Tesisi Tanklara Yang\u0131n Suyu Sistemi Tesisi \u00a0 \u00c7ALI\u015eAN SAYISI 55 Personel \/ Ay Toplam: 140.000 Adam \/ Saat \u00c7al\u0131\u015fma (12 [&hellip;]<\/p>\n","protected":false},"author":1,"featured_media":0,"parent":0,"menu_order":0,"comment_status":"closed","ping_status":"closed","template":"","meta":{"footnotes":""},"class_list":["post-11693","page","type-page","status-publish","hentry"],"_links":{"self":[{"href":"http:\/\/www.ercancelik.com\/en\/wp-json\/wp\/v2\/pages\/11693","targetHints":{"allow":["GET"]}}],"collection":[{"href":"http:\/\/www.ercancelik.com\/en\/wp-json\/wp\/v2\/pages"}],"about":[{"href":"http:\/\/www.ercancelik.com\/en\/wp-json\/wp\/v2\/types\/page"}],"author":[{"embeddable":true,"href":"http:\/\/www.ercancelik.com\/en\/wp-json\/wp\/v2\/users\/1"}],"replies":[{"embeddable":true,"href":"http:\/\/www.ercancelik.com\/en\/wp-json\/wp\/v2\/comments?post=11693"}],"version-history":[{"count":25,"href":"http:\/\/www.ercancelik.com\/en\/wp-json\/wp\/v2\/pages\/11693\/revisions"}],"predecessor-version":[{"id":12065,"href":"http:\/\/www.ercancelik.com\/en\/wp-json\/wp\/v2\/pages\/11693\/revisions\/12065"}],"wp:attachment":[{"href":"http:\/\/www.ercancelik.com\/en\/wp-json\/wp\/v2\/media?parent=11693"}],"curies":[{"name":"wp","href":"https:\/\/api.w.org\/{rel}","templated":true}]}}