{"id":11695,"date":"2024-09-30T15:20:19","date_gmt":"2024-09-30T12:20:19","guid":{"rendered":"http:\/\/www.ercancelik.com\/?page_id=11695"},"modified":"2024-10-10T11:57:44","modified_gmt":"2024-10-10T08:57:44","slug":"ven-216-027-hdpe-yeralti-borulama-isleri-irak","status":"publish","type":"page","link":"http:\/\/www.ercancelik.com\/en\/ven-216-027-hdpe-yeralti-borulama-isleri-irak\/","title":{"rendered":"VEN 216 027 HDPE YERALTI BORULAMA \u0130\u015eLER\u0130 \u2013 IRAK"},"content":{"rendered":"<div data-elementor-type=\"wp-page\" data-elementor-id=\"11695\" class=\"elementor elementor-11695\" data-elementor-post-type=\"page\">\n\t\t\t\t\t\t<section class=\"elementor-section elementor-top-section elementor-element elementor-element-17df8b5 elementor-section-boxed elementor-section-height-default elementor-section-height-default\" data-id=\"17df8b5\" data-element_type=\"section\" data-e-type=\"section\">\n\t\t\t\t\t\t<div class=\"elementor-container elementor-column-gap-default\">\n\t\t\t\t\t<div class=\"elementor-column elementor-col-100 elementor-top-column elementor-element elementor-element-64ea887\" data-id=\"64ea887\" data-element_type=\"column\" data-e-type=\"column\">\n\t\t\t<div class=\"elementor-widget-wrap elementor-element-populated\">\n\t\t\t\t\t\t<section class=\"elementor-section elementor-inner-section elementor-element elementor-element-66143e2 elementor-section-boxed elementor-section-height-default elementor-section-height-default\" data-id=\"66143e2\" data-element_type=\"section\" data-e-type=\"section\">\n\t\t\t\t\t\t<div class=\"elementor-container elementor-column-gap-default\">\n\t\t\t\t\t<div class=\"elementor-column elementor-col-50 elementor-inner-column elementor-element elementor-element-a149234 elementor-hidden-mobile\" data-id=\"a149234\" data-element_type=\"column\" data-e-type=\"column\">\n\t\t\t<div class=\"elementor-widget-wrap elementor-element-populated\">\n\t\t\t\t\t\t<div class=\"elementor-element elementor-element-f9d583c elementor-widget elementor-widget-image\" data-id=\"f9d583c\" data-element_type=\"widget\" data-e-type=\"widget\" data-widget_type=\"image.default\">\n\t\t\t\t<div class=\"elementor-widget-container\">\n\t\t\t\t\t\t\t\t\t\t\t\t\t\t\t<img fetchpriority=\"high\" decoding=\"async\" width=\"900\" height=\"830\" src=\"https:\/\/www.ercancelik.com\/wp-content\/uploads\/2024\/09\/02a5cf991813d0a522ab420378c20e84-1-kopyasi-1024x944.png\" class=\"attachment-large size-large wp-image-11726\" alt=\"\" srcset=\"https:\/\/www.ercancelik.com\/wp-content\/uploads\/2024\/09\/02a5cf991813d0a522ab420378c20e84-1-kopyasi-1024x944.png 1024w, https:\/\/www.ercancelik.com\/wp-content\/uploads\/2024\/09\/02a5cf991813d0a522ab420378c20e84-1-kopyasi-300x277.png 300w, https:\/\/www.ercancelik.com\/wp-content\/uploads\/2024\/09\/02a5cf991813d0a522ab420378c20e84-1-kopyasi-768x708.png 768w, https:\/\/www.ercancelik.com\/wp-content\/uploads\/2024\/09\/02a5cf991813d0a522ab420378c20e84-1-kopyasi-13x12.png 13w, https:\/\/www.ercancelik.com\/wp-content\/uploads\/2024\/09\/02a5cf991813d0a522ab420378c20e84-1-kopyasi-720x664.png 720w, https:\/\/www.ercancelik.com\/wp-content\/uploads\/2024\/09\/02a5cf991813d0a522ab420378c20e84-1-kopyasi-24x22.png 24w, https:\/\/www.ercancelik.com\/wp-content\/uploads\/2024\/09\/02a5cf991813d0a522ab420378c20e84-1-kopyasi-36x33.png 36w, https:\/\/www.ercancelik.com\/wp-content\/uploads\/2024\/09\/02a5cf991813d0a522ab420378c20e84-1-kopyasi-48x44.png 48w, https:\/\/www.ercancelik.com\/wp-content\/uploads\/2024\/09\/02a5cf991813d0a522ab420378c20e84-1-kopyasi.png 1245w\" sizes=\"(max-width: 900px) 100vw, 900px\" \/>\t\t\t\t\t\t\t\t\t\t\t\t\t\t\t<\/div>\n\t\t\t\t<\/div>\n\t\t\t\t<div class=\"elementor-element elementor-element-6fde5b1 gallery-spacing-custom elementor-widget elementor-widget-image-gallery\" data-id=\"6fde5b1\" data-element_type=\"widget\" data-e-type=\"widget\" data-widget_type=\"image-gallery.default\">\n\t\t\t\t<div class=\"elementor-widget-container\">\n\t\t\t\t\t\t\t<div class=\"elementor-image-gallery\">\n\t\t\t<div id='gallery-1' class='gallery galleryid-11695 gallery-columns-2 gallery-size-saga-small'><figure class='gallery-item'>\n\t\t\t<div class='gallery-icon landscape'>\n\t\t\t\t<a data-elementor-open-lightbox=\"yes\" data-elementor-lightbox-slideshow=\"6fde5b1\" data-elementor-lightbox-title=\"d-03\" data-e-action-hash=\"#elementor-action%3Aaction%3Dlightbox%26settings%3DeyJpZCI6MTE3MzMsInVybCI6Imh0dHBzOlwvXC93d3cuZXJjYW5jZWxpay5jb21cL3dwLWNvbnRlbnRcL3VwbG9hZHNcLzIwMjRcLzA5XC9kLTAzLmpwZyIsInNsaWRlc2hvdyI6IjZmZGU1YjEifQ%3D%3D\" href='https:\/\/www.ercancelik.com\/wp-content\/uploads\/2024\/09\/d-03.jpg'><img decoding=\"async\" width=\"720\" height=\"520\" src=\"https:\/\/www.ercancelik.com\/wp-content\/uploads\/2024\/09\/d-03-720x520.jpg\" class=\"attachment-saga-small size-saga-small\" alt=\"\" \/><\/a>\n\t\t\t<\/div><\/figure><figure class='gallery-item'>\n\t\t\t<div class='gallery-icon landscape'>\n\t\t\t\t<a data-elementor-open-lightbox=\"yes\" data-elementor-lightbox-slideshow=\"6fde5b1\" data-elementor-lightbox-title=\"d-02\" data-e-action-hash=\"#elementor-action%3Aaction%3Dlightbox%26settings%3DeyJpZCI6MTE3MzQsInVybCI6Imh0dHBzOlwvXC93d3cuZXJjYW5jZWxpay5jb21cL3dwLWNvbnRlbnRcL3VwbG9hZHNcLzIwMjRcLzA5XC9kLTAyLmpwZyIsInNsaWRlc2hvdyI6IjZmZGU1YjEifQ%3D%3D\" href='https:\/\/www.ercancelik.com\/wp-content\/uploads\/2024\/09\/d-02.jpg'><img decoding=\"async\" width=\"720\" height=\"520\" src=\"https:\/\/www.ercancelik.com\/wp-content\/uploads\/2024\/09\/d-02-720x520.jpg\" class=\"attachment-saga-small size-saga-small\" alt=\"\" \/><\/a>\n\t\t\t<\/div><\/figure>\n\t\t<\/div>\n\t\t<\/div>\n\t\t\t\t\t\t<\/div>\n\t\t\t\t<\/div>\n\t\t\t\t\t<\/div>\n\t\t<\/div>\n\t\t\t\t<div class=\"elementor-column elementor-col-50 elementor-inner-column elementor-element elementor-element-4edb32d\" data-id=\"4edb32d\" data-element_type=\"column\" data-e-type=\"column\">\n\t\t\t<div class=\"elementor-widget-wrap elementor-element-populated\">\n\t\t\t\t\t\t<div class=\"elementor-element elementor-element-4d4600b elementor-widget elementor-widget-text-editor\" data-id=\"4d4600b\" data-element_type=\"widget\" data-e-type=\"widget\" data-widget_type=\"text-editor.default\">\n\t\t\t\t<div class=\"elementor-widget-container\">\n\t\t\t\t\t\t\t\t\t<div class=\"wt-product-title\"><h5 class=\"post-title\"><a>VEN 216 027 HDPE Underground Piping Works - IRAQ<\/a><\/h5><\/div><div class=\"wt-product-text\"><strong>Project Year: <\/strong>2016<br \/><strong>Client:<\/strong><br \/>VENTECH Engineering &#8211; (Havatek Makina A.\u015e.)<\/div>\t\t\t\t\t\t\t\t<\/div>\n\t\t\t\t<\/div>\n\t\t\t\t<div class=\"elementor-element elementor-element-225d39c elementor-widget elementor-widget-image\" data-id=\"225d39c\" data-element_type=\"widget\" data-e-type=\"widget\" data-widget_type=\"image.default\">\n\t\t\t\t<div class=\"elementor-widget-container\">\n\t\t\t\t\t\t\t\t\t\t\t\t\t\t\t<img loading=\"lazy\" decoding=\"async\" width=\"149\" height=\"88\" src=\"https:\/\/www.ercancelik.com\/wp-content\/uploads\/2024\/09\/ve-logo-ercan-celik.jpg\" class=\"attachment-large size-large wp-image-11342\" alt=\"\" srcset=\"https:\/\/www.ercancelik.com\/wp-content\/uploads\/2024\/09\/ve-logo-ercan-celik.jpg 149w, https:\/\/www.ercancelik.com\/wp-content\/uploads\/2024\/09\/ve-logo-ercan-celik-18x12.jpg 18w, https:\/\/www.ercancelik.com\/wp-content\/uploads\/2024\/09\/ve-logo-ercan-celik-24x14.jpg 24w, https:\/\/www.ercancelik.com\/wp-content\/uploads\/2024\/09\/ve-logo-ercan-celik-36x21.jpg 36w, https:\/\/www.ercancelik.com\/wp-content\/uploads\/2024\/09\/ve-logo-ercan-celik-48x28.jpg 48w\" sizes=\"(max-width: 149px) 100vw, 149px\" \/>\t\t\t\t\t\t\t\t\t\t\t\t\t\t\t<\/div>\n\t\t\t\t<\/div>\n\t\t\t\t<div class=\"elementor-element elementor-element-e90baaf elementor-widget elementor-widget-text-editor\" data-id=\"e90baaf\" data-element_type=\"widget\" data-e-type=\"widget\" data-widget_type=\"text-editor.default\">\n\t\t\t\t<div class=\"elementor-widget-container\">\n\t\t\t\t\t\t\t\t\t<h5><strong>SCOPE<\/strong><\/h5><p>48.00 WDI (Dia-inches) HDPE Piping Works<\/p><p>1.260 Meter HDPE Piping Works<\/p><p>5.200 m3 Excavation and BackFilling Works<\/p><p>\u00a0<\/p><h5><strong>NUMBER OF EMPLOYESS<\/strong><\/h5><p>20 Staff \/ Month<\/p><p>Total: 14.800 Man-Hour Working (4 Months)<\/p>\t\t\t\t\t\t\t\t<\/div>\n\t\t\t\t<\/div>\n\t\t\t\t\t<\/div>\n\t\t<\/div>\n\t\t\t\t\t<\/div>\n\t\t<\/section>\n\t\t\t\t\t<\/div>\n\t\t<\/div>\n\t\t\t\t\t<\/div>\n\t\t<\/section>\n\t\t\t\t<\/div>","protected":false},"excerpt":{"rendered":"<p>VEN 216 027 HDPE YERALTI BORULAMA \u0130\u015eLER\u0130 &#8211; IRAK Proje Y\u0131l\u0131: 2016\u0130\u015fveren:VENTECH Engineering &#8211; (Havatek Makina A.\u015e.) KAPSAM 48.00 WDI (Dia-inc) HDPE Borulama \u0130\u015fleri 1.260 Metre HDPE Borulama \u0130\u015fleri 5.200 m3 Kaz\u0131, Hafriyat ve Dolgu \u0130\u015fleri \u00a0 \u00c7ALI\u015eAN SAYISI 20 Personel \/ Ay Toplam: 14.800 Adam \/ Saat \u00c7al\u0131\u015fma (4 Ay)<\/p>","protected":false},"author":1,"featured_media":0,"parent":0,"menu_order":0,"comment_status":"closed","ping_status":"closed","template":"","meta":{"footnotes":""},"class_list":["post-11695","page","type-page","status-publish","hentry"],"_links":{"self":[{"href":"http:\/\/www.ercancelik.com\/en\/wp-json\/wp\/v2\/pages\/11695","targetHints":{"allow":["GET"]}}],"collection":[{"href":"http:\/\/www.ercancelik.com\/en\/wp-json\/wp\/v2\/pages"}],"about":[{"href":"http:\/\/www.ercancelik.com\/en\/wp-json\/wp\/v2\/types\/page"}],"author":[{"embeddable":true,"href":"http:\/\/www.ercancelik.com\/en\/wp-json\/wp\/v2\/users\/1"}],"replies":[{"embeddable":true,"href":"http:\/\/www.ercancelik.com\/en\/wp-json\/wp\/v2\/comments?post=11695"}],"version-history":[{"count":16,"href":"http:\/\/www.ercancelik.com\/en\/wp-json\/wp\/v2\/pages\/11695\/revisions"}],"predecessor-version":[{"id":12142,"href":"http:\/\/www.ercancelik.com\/en\/wp-json\/wp\/v2\/pages\/11695\/revisions\/12142"}],"wp:attachment":[{"href":"http:\/\/www.ercancelik.com\/en\/wp-json\/wp\/v2\/media?parent=11695"}],"curies":[{"name":"wp","href":"https:\/\/api.w.org\/{rel}","templated":true}]}}