{"id":308,"date":"2022-02-09T20:30:06","date_gmt":"2022-02-09T20:30:06","guid":{"rendered":"https:\/\/motivoweb.com\/zad\/?page_id=308"},"modified":"2024-08-19T13:25:02","modified_gmt":"2024-08-19T10:25:02","slug":"bizden-haberler","status":"publish","type":"page","link":"http:\/\/www.ercancelik.com\/en\/bizden-haberler\/","title":{"rendered":"Our News"},"content":{"rendered":"<div data-elementor-type=\"wp-page\" data-elementor-id=\"308\" class=\"elementor elementor-308\" data-elementor-post-type=\"page\">\n\t\t\t\t\t\t<section class=\"elementor-section elementor-top-section elementor-element elementor-element-95633b7 bg-dark2-mode elementor-section-stretched elementor-section-boxed elementor-section-height-default elementor-section-height-default\" data-id=\"95633b7\" data-element_type=\"section\" data-e-type=\"section\" data-settings=\"{&quot;background_background&quot;:&quot;classic&quot;,&quot;stretch_section&quot;:&quot;section-stretched&quot;}\">\n\t\t\t\t\t\t<div class=\"elementor-container elementor-column-gap-default\">\n\t\t\t\t\t<div class=\"elementor-column elementor-col-100 elementor-top-column elementor-element elementor-element-42f4536\" data-id=\"42f4536\" data-element_type=\"column\" data-e-type=\"column\">\n\t\t\t<div class=\"elementor-widget-wrap elementor-element-populated\">\n\t\t\t\t\t\t<div class=\"elementor-element elementor-element-324d9f3 elementor-widget elementor-widget-mo-posts\" data-id=\"324d9f3\" data-element_type=\"widget\" data-e-type=\"widget\" data-widget_type=\"mo-posts.default\">\n\t\t\t\t<div class=\"elementor-widget-container\">\n\t\t\t\t\t<div class=\"mo-element-mo-posts mo-element\"><div class=\"mo-posts-grid clearfix mo-posts\">\n  <div class=\"mo-content-items\"> \n    <div class=\"lg-block-grid-3 md-block-grid-3 sm-block-grid-2 xs-block-grid-1 xx-block-grid-1\">\n    \n<div id=\"post-16456\" class=\"post-16456 post type-post status-publish format-standard hentry category-genel\">\n <div class=\"overlay-post\">\n\t<div class=\"thumbnail-post\" style=\"background-image:url();\"><\/div>\n\t<div class=\"overlay\"><\/div>\n\t<div class=\"caption\">\n\t    \t\t   <p class=\"cat-name\">Overall<\/p>\n\t\t\t\t<h3 class=\"post-title\"><a href=\"http:\/\/www.ercancelik.com\/en\/%d9%85%d9%88%d8%a7%d9%86%d8%a6-%d8%a7%d9%84%d8%ac%d9%88%d9%83%d8%b1-%d8%a7%d9%84%d8%ae%d8%a7%d8%b1%d9%82%d8%a9\/\">\u0645\u0648\u0627\u0646\u0626 \u0627\u0644\u062c\u0648\u0643\u0631 \u0627\u0644\u062e\u0627\u0631\u0642\u0629<\/a><\/h3>\n\t\t<ul class=\"meta-post\">\n\t\t\t<li class=\"date\">16 April 2026<\/li>\n\t\t\t<li><div class=\"author\">mpc<\/div><\/li>\n\t\t<\/ul>\n\t<\/div><!--caption-->\n  <\/div><!--overlay-post-->\n<\/div>       \n<div id=\"post-16454\" class=\"post-16454 post type-post status-publish format-standard hentry category-genel\">\n <div class=\"overlay-post\">\n\t<div class=\"thumbnail-post\" style=\"background-image:url();\"><\/div>\n\t<div class=\"overlay\"><\/div>\n\t<div class=\"caption\">\n\t    \t\t   <p class=\"cat-name\">Overall<\/p>\n\t\t\t\t<h3 class=\"post-title\"><a href=\"http:\/\/www.ercancelik.com\/en\/%d8%a8%d9%88%d8%a7%d8%a8%d8%a7%d8%aa-%d9%85%d8%ac%d8%a7%d9%86%d9%8a%d8%a9-100-%d9%88%d9%84%d9%81%d8%a7%d8%aa-%d9%85%d8%ac%d8%a7%d9%86%d9%8a%d8%a9-100-%d9%85%d9%86-%d8%b9%d8%b1%d9%88%d8%b6-%d9%83%d8%a7\/\">\u0628\u0648\u0627\u0628\u0627\u062a \u0645\u062c\u0627\u0646\u064a\u0629 100% \u0648\u0644\u0641\u0627\u062a \u0645\u062c\u0627\u0646\u064a\u0629 100% \u0645\u0646 \u0639\u0631\u0648\u0636 \u0643\u0627\u0632\u064a\u0646\u0648 Velvet Spin RTG \u0627\u0644\u062a\u062c\u0631\u064a\u0628\u064a\u0629<\/a><\/h3>\n\t\t<ul class=\"meta-post\">\n\t\t\t<li class=\"date\">16 April 2026<\/li>\n\t\t\t<li><div class=\"author\">mpc<\/div><\/li>\n\t\t<\/ul>\n\t<\/div><!--caption-->\n  <\/div><!--overlay-post-->\n<\/div>       \n<div id=\"post-16452\" class=\"post-16452 post type-post status-publish format-standard hentry category-genel\">\n <div class=\"overlay-post\">\n\t<div class=\"thumbnail-post\" style=\"background-image:url();\"><\/div>\n\t<div class=\"overlay\"><\/div>\n\t<div class=\"caption\">\n\t    \t\t   <p class=\"cat-name\">Overall<\/p>\n\t\t\t\t<h3 class=\"post-title\"><a href=\"http:\/\/www.ercancelik.com\/en\/superstar-trek-%d9%82%d9%85-%d8%a8%d8%a7%d9%84%d9%85%d9%82%d8%a7%d9%85%d8%b1%d8%a9-%d8%b9%d8%a8%d8%b1-%d8%a7%d9%84%d8%a5%d9%86%d8%aa%d8%b1%d9%86%d8%aa-%d9%85%d8%ac%d8%a7%d9%86%d9%8b%d8%a7-%d8%a8\/\">Superstar Trek: \u0642\u0645 \u0628\u0627\u0644\u0645\u0642\u0627\u0645\u0631\u0629 \u0639\u0628\u0631 \u0627\u0644\u0625\u0646\u062a\u0631\u0646\u062a \u0645\u062c\u0627\u0646\u064b\u0627 \u0628\u0646\u0633\u0628\u0629 100%\u060c RTP 95 \u0648\u0625\u0639\u062f\u0627\u062f\u0627\u062a \u0627\u0644\u0639\u0631\u0636 \u0627\u0644\u062a\u0648\u0636\u064a\u062d\u064a \u0628\u0646\u0633\u0628\u0629 200%<\/a><\/h3>\n\t\t<ul class=\"meta-post\">\n\t\t\t<li class=\"date\">16 April 2026<\/li>\n\t\t\t<li><div class=\"author\">mpc<\/div><\/li>\n\t\t<\/ul>\n\t<\/div><!--caption-->\n  <\/div><!--overlay-post-->\n<\/div>       \n<div id=\"post-16450\" class=\"post-16450 post type-post status-publish format-standard hentry category-genel\">\n <div class=\"overlay-post\">\n\t<div class=\"thumbnail-post\" style=\"background-image:url();\"><\/div>\n\t<div class=\"overlay\"><\/div>\n\t<div class=\"caption\">\n\t    \t\t   <p class=\"cat-name\">Overall<\/p>\n\t\t\t\t<h3 class=\"post-title\"><a href=\"http:\/\/www.ercancelik.com\/en\/8-echtgeld-casinos-im-erprobung-2026-gewiss-funky-fruits-casino-einzahlen-obsiegen\/\">8 Echtgeld Casinos im Erprobung 2026: Gewiss Funky Fruits Casino einzahlen &#038; obsiegen<\/a><\/h3>\n\t\t<ul class=\"meta-post\">\n\t\t\t<li class=\"date\">16 April 2026<\/li>\n\t\t\t<li><div class=\"author\">mpc<\/div><\/li>\n\t\t<\/ul>\n\t<\/div><!--caption-->\n  <\/div><!--overlay-post-->\n<\/div>       \n<div id=\"post-16448\" class=\"post-16448 post type-post status-publish format-standard hentry category-genel\">\n <div class=\"overlay-post\">\n\t<div class=\"thumbnail-post\" style=\"background-image:url();\"><\/div>\n\t<div class=\"overlay\"><\/div>\n\t<div class=\"caption\">\n\t    \t\t   <p class=\"cat-name\">Overall<\/p>\n\t\t\t\t<h3 class=\"post-title\"><a href=\"http:\/\/www.ercancelik.com\/en\/paypal-casinos-2026-beste-online-casinos-cat-queen-casino-uber-paypal\/\">PayPal Casinos 2026 Beste Online Casinos cat queen Casino \u00fcber PayPal<\/a><\/h3>\n\t\t<ul class=\"meta-post\">\n\t\t\t<li class=\"date\">16 April 2026<\/li>\n\t\t\t<li><div class=\"author\">mpc<\/div><\/li>\n\t\t<\/ul>\n\t<\/div><!--caption-->\n  <\/div><!--overlay-post-->\n<\/div>       \n<div id=\"post-16446\" class=\"post-16446 post type-post status-publish format-standard hentry category-genel\">\n <div class=\"overlay-post\">\n\t<div class=\"thumbnail-post\" style=\"background-image:url();\"><\/div>\n\t<div class=\"overlay\"><\/div>\n\t<div class=\"caption\">\n\t    \t\t   <p class=\"cat-name\">Overall<\/p>\n\t\t\t\t<h3 class=\"post-title\"><a href=\"http:\/\/www.ercancelik.com\/en\/gemarkung-herr-bet-poing-online-hauptseite\/\">Gemarkung Herr Bet Poing Online\u00a0&#8211;\u00a0Hauptseite<\/a><\/h3>\n\t\t<ul class=\"meta-post\">\n\t\t\t<li class=\"date\">16 April 2026<\/li>\n\t\t\t<li><div class=\"author\">mpc<\/div><\/li>\n\t\t<\/ul>\n\t<\/div><!--caption-->\n  <\/div><!--overlay-post-->\n<\/div>           <\/div>\n  <\/div>\n  <\/div>\n<\/div>\t\t\t\t<\/div>\n\t\t\t\t<\/div>\n\t\t\t\t<div class=\"elementor-element elementor-element-5e81e23 elementor-widget elementor-widget-spacer\" data-id=\"5e81e23\" data-element_type=\"widget\" data-e-type=\"widget\" data-widget_type=\"spacer.default\">\n\t\t\t\t<div class=\"elementor-widget-container\">\n\t\t\t\t\t\t\t<div class=\"elementor-spacer\">\n\t\t\t<div class=\"elementor-spacer-inner\"><\/div>\n\t\t<\/div>\n\t\t\t\t\t\t<\/div>\n\t\t\t\t<\/div>\n\t\t\t\t\t<\/div>\n\t\t<\/div>\n\t\t\t\t\t<\/div>\n\t\t<\/section>\n\t\t\t\t<section class=\"elementor-section elementor-top-section elementor-element elementor-element-567d4d7 bg-dark2-mode elementor-section-stretched elementor-section-boxed elementor-section-height-default elementor-section-height-default\" data-id=\"567d4d7\" data-element_type=\"section\" data-e-type=\"section\" data-settings=\"{&quot;background_background&quot;:&quot;classic&quot;,&quot;stretch_section&quot;:&quot;section-stretched&quot;}\">\n\t\t\t\t\t\t<div class=\"elementor-container elementor-column-gap-default\">\n\t\t\t\t\t<div class=\"elementor-column elementor-col-100 elementor-top-column elementor-element elementor-element-28728a5\" data-id=\"28728a5\" data-element_type=\"column\" data-e-type=\"column\">\n\t\t\t<div class=\"elementor-widget-wrap\">\n\t\t\t\t\t\t\t<\/div>\n\t\t<\/div>\n\t\t\t\t\t<\/div>\n\t\t<\/section>\n\t\t\t\t<section class=\"elementor-section elementor-top-section elementor-element elementor-element-fdcf283 elementor-section-full_width elementor-section-stretched elementor-section-height-default elementor-section-height-default\" data-id=\"fdcf283\" data-element_type=\"section\" data-e-type=\"section\" data-settings=\"{&quot;background_background&quot;:&quot;classic&quot;,&quot;stretch_section&quot;:&quot;section-stretched&quot;}\">\n\t\t\t\t\t\t<div class=\"elementor-container elementor-column-gap-default\">\n\t\t\t\t\t<div class=\"elementor-column elementor-col-100 elementor-top-column elementor-element elementor-element-462dc0d\" data-id=\"462dc0d\" data-element_type=\"column\" data-e-type=\"column\">\n\t\t\t<div class=\"elementor-widget-wrap\">\n\t\t\t\t\t\t\t<\/div>\n\t\t<\/div>\n\t\t\t\t\t<\/div>\n\t\t<\/section>\n\t\t\t\t<\/div>","protected":false},"excerpt":{"rendered":"<p>Genel Ercan \u00c7elik&#8217;ten Yeni Proje! 15 Temmuz 2024 mpc Ercan \u00c7elik Ercan \u00c7elik\u2019ten bir yeni proje daha! 27 Haziran 2024 mpc Genel Katalo\u011fumuz Yenilendi! 27 Haziran 2024 mpc<\/p>","protected":false},"author":1,"featured_media":0,"parent":0,"menu_order":0,"comment_status":"closed","ping_status":"closed","template":"","meta":{"footnotes":""},"class_list":["post-308","page","type-page","status-publish","hentry"],"_links":{"self":[{"href":"http:\/\/www.ercancelik.com\/en\/wp-json\/wp\/v2\/pages\/308","targetHints":{"allow":["GET"]}}],"collection":[{"href":"http:\/\/www.ercancelik.com\/en\/wp-json\/wp\/v2\/pages"}],"about":[{"href":"http:\/\/www.ercancelik.com\/en\/wp-json\/wp\/v2\/types\/page"}],"author":[{"embeddable":true,"href":"http:\/\/www.ercancelik.com\/en\/wp-json\/wp\/v2\/users\/1"}],"replies":[{"embeddable":true,"href":"http:\/\/www.ercancelik.com\/en\/wp-json\/wp\/v2\/comments?post=308"}],"version-history":[{"count":7,"href":"http:\/\/www.ercancelik.com\/en\/wp-json\/wp\/v2\/pages\/308\/revisions"}],"predecessor-version":[{"id":10012,"href":"http:\/\/www.ercancelik.com\/en\/wp-json\/wp\/v2\/pages\/308\/revisions\/10012"}],"wp:attachment":[{"href":"http:\/\/www.ercancelik.com\/en\/wp-json\/wp\/v2\/media?parent=308"}],"curies":[{"name":"wp","href":"https:\/\/api.w.org\/{rel}","templated":true}]}}