{"id":457,"date":"2022-02-10T13:03:56","date_gmt":"2022-02-10T13:03:56","guid":{"rendered":"https:\/\/motivoweb.com\/zad\/?page_id=457"},"modified":"2024-10-11T20:59:16","modified_gmt":"2024-10-11T17:59:16","slug":"iletisim","status":"publish","type":"page","link":"http:\/\/www.ercancelik.com\/en\/iletisim\/","title":{"rendered":"Contact"},"content":{"rendered":"<div data-elementor-type=\"wp-page\" data-elementor-id=\"457\" class=\"elementor elementor-457\" data-elementor-post-type=\"page\">\n\t\t\t\t\t\t<section class=\"elementor-section elementor-top-section elementor-element elementor-element-92d3231 elementor-section-stretched elementor-section-full_width elementor-section-height-default elementor-section-height-default\" data-id=\"92d3231\" data-element_type=\"section\" data-e-type=\"section\" data-settings=\"{&quot;stretch_section&quot;:&quot;section-stretched&quot;}\">\n\t\t\t\t\t\t<div class=\"elementor-container elementor-column-gap-default\">\n\t\t\t\t\t<div class=\"elementor-column elementor-col-100 elementor-top-column elementor-element elementor-element-32a8c21\" data-id=\"32a8c21\" data-element_type=\"column\" data-e-type=\"column\">\n\t\t\t<div class=\"elementor-widget-wrap elementor-element-populated\">\n\t\t\t\t\t\t<div class=\"elementor-element elementor-element-fe2384b elementor-widget__width-initial elementor-widget elementor-widget-google_maps\" data-id=\"fe2384b\" data-element_type=\"widget\" data-e-type=\"widget\" data-widget_type=\"google_maps.default\">\n\t\t\t\t<div class=\"elementor-widget-container\">\n\t\t\t\t\t\t\t<div class=\"elementor-custom-embed\">\n\t\t\t<iframe loading=\"lazy\"\n\t\t\t\t\tsrc=\"https:\/\/maps.google.com\/maps?q=Ercan%20%C3%87elik%20Mimar%20Sinan%20Mah.%20Dalbast%C4%B1%20Sokak%20T%C3%BCrk%C3%B6z%20Park%20Sitesi%20A1%20Blok%20No%3A1%2F1%20%C4%B0%C3%A7%20Kap%C4%B1%20No%3A%2028%20K%C3%B6rfez%2FKocaeli&#038;t=m&#038;z=16&#038;output=embed&#038;iwloc=near\"\n\t\t\t\t\ttitle=\"Ercan \u00c7elik Mimar Sinan Mah. Dalbast\u0131 Sokak T\u00fcrk\u00f6z Park Sitesi A1 Blok No:1\/1 \u0130\u00e7 Kap\u0131 No: 28 K\u00f6rfez\/Kocaeli\"\n\t\t\t\t\taria-label=\"Ercan \u00c7elik Mimar Sinan Mah. Dalbast\u0131 Sokak T\u00fcrk\u00f6z Park Sitesi A1 Blok No:1\/1 \u0130\u00e7 Kap\u0131 No: 28 K\u00f6rfez\/Kocaeli\"\n\t\t\t><\/iframe>\n\t\t<\/div>\n\t\t\t\t\t\t<\/div>\n\t\t\t\t<\/div>\n\t\t\t\t\t<\/div>\n\t\t<\/div>\n\t\t\t\t\t<\/div>\n\t\t<\/section>\n\t\t\t\t<section class=\"elementor-section elementor-top-section elementor-element elementor-element-f830cc2 elementor-section-boxed elementor-section-height-default elementor-section-height-default\" data-id=\"f830cc2\" data-element_type=\"section\" data-e-type=\"section\">\n\t\t\t\t\t\t<div class=\"elementor-container elementor-column-gap-default\">\n\t\t\t\t\t<div class=\"elementor-column elementor-col-100 elementor-top-column elementor-element elementor-element-f29a4d1\" data-id=\"f29a4d1\" data-element_type=\"column\" data-e-type=\"column\">\n\t\t\t<div class=\"elementor-widget-wrap elementor-element-populated\">\n\t\t\t\t\t\t<section class=\"elementor-section elementor-inner-section elementor-element elementor-element-cfd4ab8 elementor-section-boxed elementor-section-height-default elementor-section-height-default\" data-id=\"cfd4ab8\" data-element_type=\"section\" data-e-type=\"section\">\n\t\t\t\t\t\t<div class=\"elementor-container elementor-column-gap-default\">\n\t\t\t\t\t<div class=\"elementor-column elementor-col-50 elementor-inner-column elementor-element elementor-element-59f59cc\" data-id=\"59f59cc\" data-element_type=\"column\" data-e-type=\"column\">\n\t\t\t<div class=\"elementor-widget-wrap elementor-element-populated\">\n\t\t\t\t\t\t<div class=\"elementor-element elementor-element-5b2fd59 elementor-widget elementor-widget-mo-heading-block\" data-id=\"5b2fd59\" data-element_type=\"widget\" data-e-type=\"widget\" data-widget_type=\"mo-heading-block.default\">\n\t\t\t\t<div class=\"elementor-widget-container\">\n\t\t\t\t\t<div class=\"mo-element-mo-heading-block mo-element\">   <div class=\"mo-title-box title-box-style-3 text-left\">\n      <div class=\"content-inner\">\n                     <h5 class=\"sub-title\" data-title=\"Ercan \u00c7elik\"><span>Ercan \u00c7elik<\/span><\/h5>\n           \n                     <h3 class=\"title\">Contact with us<\/h3>\n                        <\/div>\n   <\/div>\n   <div class=\"clearfix\"><\/div><\/div>\t\t\t\t<\/div>\n\t\t\t\t<\/div>\n\t\t\t\t<div class=\"elementor-element elementor-element-bcd0abd elementor-widget-tablet__width-initial elementor-widget elementor-widget-mo-icon-box\" data-id=\"bcd0abd\" data-element_type=\"widget\" data-e-type=\"widget\" data-widget_type=\"mo-icon-box.default\">\n\t\t\t\t<div class=\"elementor-widget-container\">\n\t\t\t\t\t<div class=\"mo-element-mo-icon-box mo-element\"><div class=\"service iconbox icon-box-style1\">\n   <div class=\"content-inner\">\n      <div class=\"icon-wrap\"><svg xmlns=\"http:\/\/www.w3.org\/2000\/svg\" xmlns:xlink=\"http:\/\/www.w3.org\/1999\/xlink\" id=\"Layer_1\" x=\"0px\" y=\"0px\" viewbox=\"0 0 512 512\" style=\"enable-background:new 0 0 512 512;\" xml:space=\"preserve\"><g>\t<g>\t\t<g>\t\t\t<path d=\"M256.001,102.279c-40.796,0-73.986,33.19-73.986,73.987s33.19,73.987,73.986,73.987s73.986-33.19,73.986-73.987    S296.796,102.279,256.001,102.279z M256.001,229.855c-29.549,0-53.588-24.039-53.588-53.589s24.039-53.589,53.588-53.589    s53.588,24.04,53.588,53.589S285.55,229.855,256.001,229.855z\"><\/path>\t\t\t<path d=\"M256.001,0C158.807,0,79.735,79.072,79.734,176.266c0,50.92,28.457,122.4,84.577,212.453    c41.357,66.363,83.309,118.933,83.727,119.456c1.937,2.417,4.866,3.825,7.963,3.825c3.096,0,6.026-1.407,7.961-3.825    c0.418-0.523,42.371-53.093,83.727-119.456c56.121-90.055,84.577-161.534,84.577-212.453C432.266,79.072,353.194,0,256.001,0z     M256.001,485.176c-32.832-42.917-155.867-210.342-155.867-308.91c0-85.946,69.922-155.867,155.867-155.867    S411.868,90.32,411.868,176.266C411.868,274.834,288.833,442.259,256.001,485.176z\"><\/path>\t\t<\/g>\t<\/g><\/g><g>\t<g>\t\t<path d=\"M370.919,90.578c-17.969-24.063-43.574-42.227-72.098-51.145c-5.383-1.683-11.098,1.316-12.779,6.692   c-1.68,5.376,1.316,11.097,6.692,12.778c51.564,16.12,86.209,63.285,86.209,117.363c0,5.633,4.567,10.199,10.199,10.199   s10.199-4.566,10.198-10.199C399.34,145.107,389.512,115.476,370.919,90.578z\"><\/path>\t<\/g><\/g><g>\t<g>\t\t<path d=\"M264.776,33.188c-2.902-0.175-5.854-0.264-8.775-0.264c-5.632,0-10.199,4.566-10.199,10.199   c0,5.633,4.567,10.199,10.199,10.199c2.512,0,5.051,0.076,7.543,0.227c0.21,0.013,0.418,0.019,0.626,0.019   c5.351,0,9.842-4.17,10.17-9.584C274.68,38.362,270.399,33.529,264.776,33.188z\"><\/path>\t<\/g><\/g><g><\/g><g><\/g><g><\/g><g><\/g><g><\/g><g><\/g><g><\/g><g><\/g><g><\/g><g><\/g><g><\/g><g><\/g><g><\/g><g><\/g><g><\/g><\/svg><\/div>\n      <div class=\"title-wrap\">\n         <h6  class=\"title\" data-title=\"Adres\"><span>Adress<\/span><\/h6>\t\n          <div class=\"content\">Mimar Sinan Mah. Dalbast\u0131 Sokak T\u00fcrk\u00f6z Park Sitesi A1 Blok No:1\/1 \u0130\u00e7 Kap\u0131 No: 28\nK\u00f6rfez\/Kocaeli<\/div>               <\/div>\n   <\/div>   \n<\/div><\/div>\t\t\t\t<\/div>\n\t\t\t\t<\/div>\n\t\t\t\t<div class=\"elementor-element elementor-element-0528e81 elementor-widget elementor-widget-mo-icon-box\" data-id=\"0528e81\" data-element_type=\"widget\" data-e-type=\"widget\" data-widget_type=\"mo-icon-box.default\">\n\t\t\t\t<div class=\"elementor-widget-container\">\n\t\t\t\t\t<div class=\"mo-element-mo-icon-box mo-element\"><div class=\"service iconbox icon-box-style1\">\n   <div class=\"content-inner\">\n      <div class=\"icon-wrap\"><svg xmlns=\"http:\/\/www.w3.org\/2000\/svg\" xmlns:xlink=\"http:\/\/www.w3.org\/1999\/xlink\" id=\"Capa_1\" x=\"0px\" y=\"0px\" viewbox=\"0 0 484.4 484.4\" style=\"enable-background:new 0 0 484.4 484.4;\" xml:space=\"preserve\"><g>\t<path d=\"M467.844,350.3c-20.3-20.5-40.6-40.7-60.3-60.2c-10.7-10.6-23.2-16.2-36.3-16.2c-13.1,0-25.6,5.6-36.2,16.1l-2.7,2.7  c-10.7,10.6-21.8,21.6-32.5,32.6c-2.2-1.1-4.4-2.2-6.5-3.3c-4.9-2.4-9.6-4.7-13.7-7.3c-32.2-20.2-61.8-47.1-90.4-82.4  c-13.9-17.1-23.6-32.3-30.4-47.7c9.5-9.2,18.8-18.6,27.9-27.8c2.3-2.3,4.7-4.7,7-7c22.3-22.4,22.2-51.4-0.1-73.9  c-6.8-6.9-13.8-13.8-20.5-20.5c-3-3-6-6-9-9c-3.2-3.2-6.3-6.3-9.5-9.5c-6.8-6.9-13.9-14-21-20.9c-10.7-10.5-23.3-16-36.3-16  s-25.6,5.5-36.2,16c-5.1,5.1-10.3,10.2-15.2,15.2c-7.2,7.3-14.7,14.8-22.2,22c-14,13.3-21.8,30.1-23.3,50  c-2.3,31.3,6.4,59.6,14.2,80.8c17.8,47.9,45,93.3,83.2,138.8c47.6,56.6,104.9,101.4,170.3,133.3c36,17.5,66.9,26.4,97,28.1  c2.2,0.1,4.4,0.2,6.5,0.2c25.4,0,46.3-9,62.1-26.6c6.8-7.6,14.1-14.7,21.8-22.2c3.9-3.8,7.9-7.7,11.9-11.7  C489.844,401.4,489.944,372.6,467.844,350.3z M448.444,404.9c-3.8,3.8-7.7,7.6-11.5,11.4c-7.7,7.5-15.7,15.3-23.1,23.6  c-11.7,13.1-26.5,18.6-47,17.5c-26.5-1.5-54-9.5-86.7-25.4c-62-30.2-116.4-72.7-161.5-126.3c-36.2-43.1-61.9-85.8-78.6-130.8  c-10.3-27.6-14.1-49-12.6-69.3c1-13.1,5.9-23.8,15-32.4c7.7-7.7,15.3-15.4,22.7-22.8c4.9-4.9,9.9-10,14.9-15  c3.8-3.8,9.9-8.3,17.3-8.3c7.4,0,13.5,4.5,17.4,8.3c6.9,6.8,14,13.9,20.7,20.7c3.2,3.2,6.3,6.4,9.5,9.5c3,3,6,6,9,9  c6.7,6.7,13.6,13.6,20.4,20.4c12,12.1,12.1,23.8,0.1,35.8c-2.3,2.4-4.7,4.7-7,7.1c-9.7,9.8-19.8,20-29.9,29.7c-5,4.8-9.9,13-5,24.8  c7.8,18.7,19.1,36.9,35.5,57.1c30.5,37.5,62.3,66.4,97,88.2c5.4,3.4,10.9,6.1,16.2,8.7c3.2,1.5,6.1,3,9,4.6c3.6,2,7.2,2.9,10.8,2.9  l0,0c5.7,0,11-2.5,15.7-7.3c11.3-11.7,23.1-23.3,34.4-34.6l2.7-2.7c3.8-3.8,9.9-8.3,17.2-8.3c7.3,0,13.4,4.5,17.3,8.3  c19.6,19.5,39.9,39.7,60.1,60.1C460.144,380.9,460.044,393.2,448.444,404.9z\"><\/path><\/g><g><\/g><g><\/g><g><\/g><g><\/g><g><\/g><g><\/g><g><\/g><g><\/g><g><\/g><g><\/g><g><\/g><g><\/g><g><\/g><g><\/g><g><\/g><\/svg><\/div>\n      <div class=\"title-wrap\">\n         <h6  class=\"title\" data-title=\"Telefon\"><span>Phone<\/span><\/h6>\t\n          <div class=\"content\">0 262 526 30 41<br>\n0 262 526 30 42<\/div>               <\/div>\n   <\/div>   \n<\/div><\/div>\t\t\t\t<\/div>\n\t\t\t\t<\/div>\n\t\t\t\t<div class=\"elementor-element elementor-element-b46e007 elementor-widget elementor-widget-mo-icon-box\" data-id=\"b46e007\" data-element_type=\"widget\" data-e-type=\"widget\" data-widget_type=\"mo-icon-box.default\">\n\t\t\t\t<div class=\"elementor-widget-container\">\n\t\t\t\t\t<div class=\"mo-element-mo-icon-box mo-element\"><div class=\"service iconbox icon-box-style1\">\n   <div class=\"content-inner\">\n      <div class=\"icon-wrap\"><svg xmlns=\"http:\/\/www.w3.org\/2000\/svg\" height=\"512pt\" viewbox=\"0 0 512 512\" width=\"512pt\"><path d=\"m176 451.988281c-5.519531 0-10 4.480469-10 10 0 5.523438 4.480469 10 10 10s10-4.476562 10-10c0-5.519531-4.480469-10-10-10zm0 0\"><\/path><path d=\"m499.359375 155.863281c-.046875-.035156-.097656-.066406-.144531-.101562l-83.214844-57.039063v-28.734375c0-5.519531-4.476562-10-10-10h-48.050781l-73.050781-50.796875c-17.285157-12.246094-40.511719-12.246094-57.726563-.050781l-73.132813 50.847656h-48.039062c-5.523438 0-10 4.480469-10 10v28.734375l-83.214844 57.039063c-.046875.03125-.097656.066406-.144531.101562-8.046875 5.726563-12.640625 15.007813-12.640625 24.464844v301.660156c0 16.230469 13.125 30 30 30h452c16.886719 0 30-13.78125 30-30v-301.660156c0-9.851563-4.917969-18.96875-12.640625-24.464844zm-7.359375 324.945313-166.800781-139.90625 166.800781-148.960938zm-472-288.867188 166.800781 148.960938-166.800781 139.90625zm181.875 162.421875 20.347656 18.171875c9.246094 8.46875 21.238282 13.128906 33.777344 13.128906s24.53125-4.660156 33.777344-13.128906l20.347656-18.171875 164.085938 137.625h-436.421876zm283.828125-183.613281-69.703125 62.25v-110.03125zm-247.042969-145.238281c10.371094-7.347657 24.308594-7.351563 34.75.046875l49.507813 34.429687h-133.84375zm157.339844 54.476562v170.871094l-119.589844 106.800781c-.035156.03125-.070312.0625-.105468.09375-11.574219 10.632813-29.035157 10.632813-40.609376 0-.035156-.03125-.066406-.0625-.101562-.09375l-119.59375-106.800781c0-39.320313 0-134.394531 0-170.871094zm-300 153.011719-69.703125-62.25 69.703125-47.78125zm0 0\"><\/path><path d=\"m336 451.988281h-120c-5.523438 0-10 4.480469-10 10 0 5.523438 4.476562 10 10 10h120c5.523438 0 10-4.476562 10-10 0-5.519531-4.476562-10-10-10zm0 0\"><\/path><path d=\"m256 299.988281c5.523438 0 10-4.476562 10-10 0-5.519531-4.476562-10-10-10-38.597656 0-70-31.398437-70-70 0-38.597656 31.402344-70 70-70s70 31.402344 70 70v20c0 5.515625-4.484375 10-10 10s-10-4.484375-10-10v-20c0-27.566406-22.429688-50-50-50s-50 22.433594-50 50c0 27.570313 22.429688 50 50 50 13.441406 0 25.648438-5.339843 34.644531-13.996093 5.320313 8.402343 14.695313 13.996093 25.355469 13.996093 16.542969 0 30-13.457031 30-30v-20c0-49.625-40.375-90-90-90s-90 40.375-90 90c0 49.628907 40.375 90 90 90zm0-60c-16.542969 0-30-13.457031-30-30 0-16.539062 13.457031-30 30-30s30 13.460938 30 30c0 16.542969-13.457031 30-30 30zm0 0\"><\/path><\/svg><\/div>\n      <div class=\"title-wrap\">\n         <h6  class=\"title\" data-title=\"E-Posta\"><span>E-Mail<\/span><\/h6>\t\n          <div class=\"content\">bilgi@ercancelik.com<\/div>               <\/div>\n   <\/div>   \n<\/div><\/div>\t\t\t\t<\/div>\n\t\t\t\t<\/div>\n\t\t\t\t<div class=\"elementor-element elementor-element-d59cb5a elementor-widget elementor-widget-spacer\" data-id=\"d59cb5a\" data-element_type=\"widget\" data-e-type=\"widget\" data-widget_type=\"spacer.default\">\n\t\t\t\t<div class=\"elementor-widget-container\">\n\t\t\t\t\t\t\t<div class=\"elementor-spacer\">\n\t\t\t<div class=\"elementor-spacer-inner\"><\/div>\n\t\t<\/div>\n\t\t\t\t\t\t<\/div>\n\t\t\t\t<\/div>\n\t\t\t\t\t<\/div>\n\t\t<\/div>\n\t\t\t\t<div class=\"elementor-column elementor-col-50 elementor-inner-column elementor-element elementor-element-342e997\" data-id=\"342e997\" data-element_type=\"column\" data-e-type=\"column\">\n\t\t\t<div class=\"elementor-widget-wrap elementor-element-populated\">\n\t\t\t\t\t\t<div class=\"elementor-element elementor-element-b325d32 elementor-widget elementor-widget-mo-heading-block\" data-id=\"b325d32\" data-element_type=\"widget\" data-e-type=\"widget\" data-widget_type=\"mo-heading-block.default\">\n\t\t\t\t<div class=\"elementor-widget-container\">\n\t\t\t\t\t<div class=\"mo-element-mo-heading-block mo-element\">   <div class=\"mo-title-box title-box-style-3 text-left\">\n      <div class=\"content-inner\">\n                     <h5 class=\"sub-title\" data-title=\"Sizlere Nas\u0131l Yard\u0131mc\u0131 Olabiliriz?\"><span>How Can We Help You?<\/span><\/h5>\n           \n                     <h3 class=\"title\">Quick Contact Form<\/h3>\n                        <\/div>\n   <\/div>\n   <div class=\"clearfix\"><\/div><\/div>\t\t\t\t<\/div>\n\t\t\t\t<\/div>\n\t\t\t\t<div class=\"elementor-element elementor-element-9b243be elementor-widget elementor-widget-text-editor\" data-id=\"9b243be\" data-element_type=\"widget\" data-e-type=\"widget\" data-widget_type=\"text-editor.default\">\n\t\t\t\t<div class=\"elementor-widget-container\">\n\t\t\t\t\t\t\t\t\t<p>\n<div class=\"wpcf7 no-js\" id=\"wpcf7-f106-o1\" lang=\"en-US\" dir=\"ltr\" data-wpcf7-id=\"106\">\n<div class=\"screen-reader-response\"><p role=\"status\" aria-live=\"polite\" aria-atomic=\"true\"><\/p> <ul><\/ul><\/div>\n<form action=\"\/en\/wp-json\/wp\/v2\/pages\/457#wpcf7-f106-o1\" method=\"post\" class=\"wpcf7-form init\" aria-label=\"Contact form\" novalidate=\"novalidate\" data-status=\"init\" data-trp-original-action=\"\/en\/wp-json\/wp\/v2\/pages\/457#wpcf7-f106-o1\">\n<fieldset class=\"hidden-fields-container\"><input type=\"hidden\" name=\"_wpcf7\" value=\"106\" \/><input type=\"hidden\" name=\"_wpcf7_version\" value=\"6.1.5\" \/><input type=\"hidden\" name=\"_wpcf7_locale\" value=\"en_US\" \/><input type=\"hidden\" name=\"_wpcf7_unit_tag\" value=\"wpcf7-f106-o1\" \/><input type=\"hidden\" name=\"_wpcf7_container_post\" value=\"0\" \/><input type=\"hidden\" name=\"_wpcf7_posted_data_hash\" value=\"\" \/>\n<\/fieldset>\n<div class=\"row\">\n\t<div class=\"col-sm-6 col-xs-6 input sm-margin\">\n\t\t<p><label> Name-Surname<br \/>\n<span class=\"wpcf7-form-control-wrap\" data-name=\"your-name\"><input size=\"40\" maxlength=\"400\" class=\"wpcf7-form-control wpcf7-text wpcf7-validates-as-required input_field_grey\" aria-required=\"true\" aria-invalid=\"false\" value=\"\" type=\"text\" name=\"your-name\" \/><\/span><\/label>\n\t\t<\/p>\n\t<\/div>\n\t<div class=\"col-sm-6 col-xs-6 input sm-margin\">\n\t\t<p><label> E-Mail<br \/>\n<span class=\"wpcf7-form-control-wrap\" data-name=\"your-email\"><input size=\"40\" maxlength=\"400\" class=\"wpcf7-form-control wpcf7-email wpcf7-validates-as-required wpcf7-text wpcf7-validates-as-email input_field_grey\" aria-required=\"true\" aria-invalid=\"false\" value=\"\" type=\"email\" name=\"your-email\" \/><\/span><\/label>\n\t\t<\/p>\n\t<\/div>\n\t<div class=\"col-sm-6 col-xs-6 input sm-margin\">\n\t\t<p><label> Phone<br \/>\n<span class=\"wpcf7-form-control-wrap\" data-name=\"tel-476\"><input size=\"40\" maxlength=\"400\" class=\"wpcf7-form-control wpcf7-tel wpcf7-text wpcf7-validates-as-tel input_field_grey\" aria-invalid=\"false\" value=\"\" type=\"tel\" name=\"tel-476\" \/><\/span><\/label>\n\t\t<\/p>\n\t<\/div>\n\t<div class=\"col-sm-6 col-xs-6 input sm-margin\">\n\t\t<p><label> Subject<br \/>\n<span class=\"wpcf7-form-control-wrap\" data-name=\"text-313\"><input size=\"40\" maxlength=\"400\" class=\"wpcf7-form-control wpcf7-text input_field_grey\" aria-invalid=\"false\" value=\"\" type=\"text\" name=\"text-313\" \/><\/span><\/label>\n\t\t<\/p>\n\t<\/div>\n\t<div class=\"col-sm-12 input\">\n\t\t<p><label> Company Information<br \/>\n<span class=\"wpcf7-form-control-wrap\" data-name=\"text-410\"><input size=\"40\" maxlength=\"400\" class=\"wpcf7-form-control wpcf7-text input_field_grey\" aria-invalid=\"false\" value=\"\" type=\"text\" name=\"text-410\" \/><\/span><\/label>\n\t\t<\/p>\n\t<\/div>\n\t<div class=\"col-sm-12 input\">\n\t\t<p><label> Message<br \/>\n<span class=\"wpcf7-form-control-wrap\" data-name=\"your-message\"><textarea cols=\"40\" rows=\"8\" maxlength=\"2000\" class=\"wpcf7-form-control wpcf7-textarea input_field_grey\" id=\"your-message\" aria-invalid=\"false\" placeholder=\"\" name=\"your-message\"><\/textarea><\/span><\/label>\n\t\t<\/p>\n\t<\/div>\n\t<div class=\"col-sm-12 sm-margin\">\n\t\t<p><input class=\"wpcf7-form-control wpcf7-submit has-spinner center bg-gradient radius0\" type=\"submit\" value=\"Submit\" \/>\n\t\t<\/p>\n\t<\/div>\n<\/div><div class=\"wpcf7-response-output\" aria-hidden=\"true\"><\/div>\n<input type=\"hidden\" name=\"trp-form-language\" value=\"en\"\/><\/form>\n<\/div>\n<\/p><p>\u00a0<\/p>\t\t\t\t\t\t\t\t<\/div>\n\t\t\t\t<\/div>\n\t\t\t\t\t<\/div>\n\t\t<\/div>\n\t\t\t\t\t<\/div>\n\t\t<\/section>\n\t\t\t\t\t<\/div>\n\t\t<\/div>\n\t\t\t\t\t<\/div>\n\t\t<\/section>\n\t\t\t\t<\/div>","protected":false},"excerpt":{"rendered":"<p>Ercan \u00c7elik \u0130leti\u015fim Bilgilerimiz Adres Mimar Sinan Mah. Dalbast\u0131 Sokak T\u00fcrk\u00f6z Park Sitesi A1 Blok No:1\/1 \u0130\u00e7 Kap\u0131 No: 28 K\u00f6rfez\/Kocaeli Telefon 0 262 526 30 41 0 262 526 30 42 E-Posta bilgi@ercancelik.com Sizlere Nas\u0131l Yard\u0131mc\u0131 Olabiliriz? H\u0131zl\u0131 \u0130leti\u015fim Formu \u00a0<\/p>","protected":false},"author":1,"featured_media":0,"parent":0,"menu_order":0,"comment_status":"closed","ping_status":"closed","template":"","meta":{"footnotes":""},"class_list":["post-457","page","type-page","status-publish","hentry"],"_links":{"self":[{"href":"http:\/\/www.ercancelik.com\/en\/wp-json\/wp\/v2\/pages\/457","targetHints":{"allow":["GET"]}}],"collection":[{"href":"http:\/\/www.ercancelik.com\/en\/wp-json\/wp\/v2\/pages"}],"about":[{"href":"http:\/\/www.ercancelik.com\/en\/wp-json\/wp\/v2\/types\/page"}],"author":[{"embeddable":true,"href":"http:\/\/www.ercancelik.com\/en\/wp-json\/wp\/v2\/users\/1"}],"replies":[{"embeddable":true,"href":"http:\/\/www.ercancelik.com\/en\/wp-json\/wp\/v2\/comments?post=457"}],"version-history":[{"count":130,"href":"http:\/\/www.ercancelik.com\/en\/wp-json\/wp\/v2\/pages\/457\/revisions"}],"predecessor-version":[{"id":12396,"href":"http:\/\/www.ercancelik.com\/en\/wp-json\/wp\/v2\/pages\/457\/revisions\/12396"}],"wp:attachment":[{"href":"http:\/\/www.ercancelik.com\/en\/wp-json\/wp\/v2\/media?parent=457"}],"curies":[{"name":"wp","href":"https:\/\/api.w.org\/{rel}","templated":true}]}}