{"id":620,"date":"2022-02-12T12:09:00","date_gmt":"2022-02-12T12:09:00","guid":{"rendered":"https:\/\/motivoweb.com\/zad\/?page_id=620"},"modified":"2024-09-10T15:14:55","modified_gmt":"2024-09-10T12:14:55","slug":"hizmetler","status":"publish","type":"page","link":"http:\/\/www.ercancelik.com\/en\/hizmetler\/","title":{"rendered":"Services"},"content":{"rendered":"<div data-elementor-type=\"wp-page\" data-elementor-id=\"620\" class=\"elementor elementor-620\" data-elementor-post-type=\"page\">\n\t\t\t\t<div class=\"elementor-element elementor-element-5fe3d6a e-flex e-con-boxed e-con e-parent\" data-id=\"5fe3d6a\" data-element_type=\"container\" data-e-type=\"container\">\n\t\t\t\t\t<div class=\"e-con-inner\">\n\t\t<a class=\"elementor-element elementor-element-5d952e3 e-con-full e-flex e-con e-child\" data-id=\"5d952e3\" data-element_type=\"container\" data-e-type=\"container\" href=\"\/en\/proses-borulama-isleri\/\">\n\t\t\t\t<div class=\"elementor-element elementor-element-62a7fe0 elementor-widget elementor-widget-mo-image-box\" data-id=\"62a7fe0\" data-element_type=\"widget\" data-e-type=\"widget\" data-widget_type=\"mo-image-box.default\">\n\t\t\t\t<div class=\"elementor-widget-container\">\n\t\t\t\t\t<div class=\"mo-element-mo-image-box mo-element\">\n  \n\n \n\n\n\n\n  <div class=\"image-box image-box-style4\">\n        <div class=\"img-perspective2\" style=\"background-image:url(http:\/\/www.ercancelik.com\/wp-content\/uploads\/2024\/07\/proses-borulama.jpg)\"><\/div>\n    <div class=\"perspective_overlay\"><\/div>\n    <div class=\"perspective-caption\">\n                        <h6 class=\"perspective-title\">Process Piping Works<\/h6> \n        <div class=\"desc\">\n           <div class=\"content\"><\/div>\n        <\/div>\n            <\/div>\n  <\/div>\n \n\n \n\n \n\n \n\n\n \n\n\n \n\n\n <\/div>\t\t\t\t<\/div>\n\t\t\t\t<\/div>\n\t\t\t\t<\/a>\n\t\t<a class=\"elementor-element elementor-element-9f86709 e-con-full e-flex e-con e-child\" data-id=\"9f86709\" data-element_type=\"container\" data-e-type=\"container\" href=\"\/en\/endustriyel-depolama-tanklari\/\">\n\t\t\t\t<div class=\"elementor-element elementor-element-890c0c1 elementor-widget elementor-widget-mo-image-box\" data-id=\"890c0c1\" data-element_type=\"widget\" data-e-type=\"widget\" data-widget_type=\"mo-image-box.default\">\n\t\t\t\t<div class=\"elementor-widget-container\">\n\t\t\t\t\t<div class=\"mo-element-mo-image-box mo-element\">\n  \n\n \n\n\n\n\n  <div class=\"image-box image-box-style4\">\n        <div class=\"img-perspective2\" style=\"background-image:url(http:\/\/www.ercancelik.com\/wp-content\/uploads\/2024\/09\/4ba7b23b9e7b437ce57d0889fadb7ccc.png)\"><\/div>\n    <div class=\"perspective_overlay\"><\/div>\n    <div class=\"perspective-caption\">\n                        <h6 class=\"perspective-title\">Industrial Storage Tanks<\/h6> \n        <div class=\"desc\">\n           <div class=\"content\"><\/div>\n        <\/div>\n            <\/div>\n  <\/div>\n \n\n \n\n \n\n \n\n\n \n\n\n \n\n\n <\/div>\t\t\t\t<\/div>\n\t\t\t\t<\/div>\n\t\t\t\t<\/a>\n\t\t<a class=\"elementor-element elementor-element-e20277c e-con-full e-flex e-con e-child\" data-id=\"e20277c\" data-element_type=\"container\" data-e-type=\"container\" href=\"\/en\/endustriyel-ekipman-sistemleri\/\">\n\t\t\t\t<div class=\"elementor-element elementor-element-19fc934 elementor-widget elementor-widget-mo-image-box\" data-id=\"19fc934\" data-element_type=\"widget\" data-e-type=\"widget\" data-widget_type=\"mo-image-box.default\">\n\t\t\t\t<div class=\"elementor-widget-container\">\n\t\t\t\t\t<div class=\"mo-element-mo-image-box mo-element\">\n  \n\n \n\n\n\n\n  <div class=\"image-box image-box-style4\">\n        <div class=\"img-perspective2\" style=\"background-image:url(http:\/\/www.ercancelik.com\/wp-content\/uploads\/2024\/07\/endustriyel-ekipman-sistemleri.jpg)\"><\/div>\n    <div class=\"perspective_overlay\"><\/div>\n    <div class=\"perspective-caption\">\n                        <h6 class=\"perspective-title\">Industrial Equipment Systems<\/h6> \n        <div class=\"desc\">\n           <div class=\"content\"><\/div>\n        <\/div>\n            <\/div>\n  <\/div>\n \n\n \n\n \n\n \n\n\n \n\n\n \n\n\n <\/div>\t\t\t\t<\/div>\n\t\t\t\t<\/div>\n\t\t\t\t<\/a>\n\t\t\t\t\t<\/div>\n\t\t\t\t<\/div>\n\t\t<div class=\"elementor-element elementor-element-93c3d4b e-flex e-con-boxed e-con e-parent\" data-id=\"93c3d4b\" data-element_type=\"container\" data-e-type=\"container\">\n\t\t\t\t\t<div class=\"e-con-inner\">\n\t\t<a class=\"elementor-element elementor-element-419eeb0 e-con-full e-flex e-con e-child\" data-id=\"419eeb0\" data-element_type=\"container\" data-e-type=\"container\" href=\"\/en\/insaat-isleri\/\">\n\t\t\t\t<div class=\"elementor-element elementor-element-5345fe7 elementor-widget elementor-widget-mo-image-box\" data-id=\"5345fe7\" data-element_type=\"widget\" data-e-type=\"widget\" data-widget_type=\"mo-image-box.default\">\n\t\t\t\t<div class=\"elementor-widget-container\">\n\t\t\t\t\t<div class=\"mo-element-mo-image-box mo-element\">\n  \n\n \n\n\n\n\n  <div class=\"image-box image-box-style4\">\n        <div class=\"img-perspective2\" style=\"background-image:url(http:\/\/www.ercancelik.com\/wp-content\/uploads\/2024\/07\/insaat-isleri.jpg)\"><\/div>\n    <div class=\"perspective_overlay\"><\/div>\n    <div class=\"perspective-caption\">\n                        <h6 class=\"perspective-title\">Construction works<\/h6> \n        <div class=\"desc\">\n           <div class=\"content\"><\/div>\n        <\/div>\n            <\/div>\n  <\/div>\n \n\n \n\n \n\n \n\n\n \n\n\n \n\n\n <\/div>\t\t\t\t<\/div>\n\t\t\t\t<\/div>\n\t\t\t\t<\/a>\n\t\t<a class=\"elementor-element elementor-element-bfd7b6d e-con-full e-flex e-con e-child\" data-id=\"bfd7b6d\" data-element_type=\"container\" data-e-type=\"container\" href=\"\/en\/celik-konstruksiyon-isleri\/\">\n\t\t\t\t<div class=\"elementor-element elementor-element-b7d56b1 elementor-widget elementor-widget-mo-image-box\" data-id=\"b7d56b1\" data-element_type=\"widget\" data-e-type=\"widget\" data-widget_type=\"mo-image-box.default\">\n\t\t\t\t<div class=\"elementor-widget-container\">\n\t\t\t\t\t<div class=\"mo-element-mo-image-box mo-element\">\n  \n\n \n\n\n\n\n  <div class=\"image-box image-box-style4\">\n        <div class=\"img-perspective2\" style=\"background-image:url(http:\/\/www.ercancelik.com\/wp-content\/uploads\/2024\/07\/celik-islemleri.jpg)\"><\/div>\n    <div class=\"perspective_overlay\"><\/div>\n    <div class=\"perspective-caption\">\n                        <h6 class=\"perspective-title\">Steel Construction Works<\/h6> \n        <div class=\"desc\">\n           <div class=\"content\"><\/div>\n        <\/div>\n            <\/div>\n  <\/div>\n \n\n \n\n \n\n \n\n\n \n\n\n \n\n\n <\/div>\t\t\t\t<\/div>\n\t\t\t\t<\/div>\n\t\t\t\t<\/a>\n\t\t<a class=\"elementor-element elementor-element-8a926ee e-con-full e-flex e-con e-child\" data-id=\"8a926ee\" data-element_type=\"container\" data-e-type=\"container\" href=\"\/en\/muhendislik-ve-tasarim\/\">\n\t\t\t\t<div class=\"elementor-element elementor-element-1d09482 elementor-widget elementor-widget-mo-image-box\" data-id=\"1d09482\" data-element_type=\"widget\" data-e-type=\"widget\" data-widget_type=\"mo-image-box.default\">\n\t\t\t\t<div class=\"elementor-widget-container\">\n\t\t\t\t\t<div class=\"mo-element-mo-image-box mo-element\">\n  \n\n \n\n\n\n\n  <div class=\"image-box image-box-style4\">\n        <div class=\"img-perspective2\" style=\"background-image:url(http:\/\/www.ercancelik.com\/wp-content\/uploads\/2022\/01\/tupras-rup-resid-upgrade-project-yeralti-borulama-isleri.jpg)\"><\/div>\n    <div class=\"perspective_overlay\"><\/div>\n    <div class=\"perspective-caption\">\n                        <h6 class=\"perspective-title\">Engineering Design<\/h6> \n        <div class=\"desc\">\n           <div class=\"content\"><\/div>\n        <\/div>\n            <\/div>\n  <\/div>\n \n\n \n\n \n\n \n\n\n \n\n\n \n\n\n <\/div>\t\t\t\t<\/div>\n\t\t\t\t<\/div>\n\t\t\t\t<\/a>\n\t\t\t\t\t<\/div>\n\t\t\t\t<\/div>\n\t\t\t\t<section class=\"elementor-section elementor-top-section elementor-element elementor-element-2266711 elementor-section-boxed elementor-section-height-default elementor-section-height-default\" data-id=\"2266711\" data-element_type=\"section\" data-e-type=\"section\">\n\t\t\t\t\t\t<div class=\"elementor-container elementor-column-gap-default\">\n\t\t\t\t\t<div class=\"elementor-column elementor-col-100 elementor-top-column elementor-element elementor-element-b2be07c\" data-id=\"b2be07c\" data-element_type=\"column\" data-e-type=\"column\">\n\t\t\t<div class=\"elementor-widget-wrap\">\n\t\t\t\t\t\t\t<\/div>\n\t\t<\/div>\n\t\t\t\t\t<\/div>\n\t\t<\/section>\n\t\t\t\t<\/div>","protected":false},"excerpt":{"rendered":"<p>Proses Borulama \u0130\u015fleri End\u00fcstriyel Depolama Tanklar\u0131 End\u00fcstriyel Ekipman Sistemleri \u0130n\u015faat \u0130\u015fleri \u00c7elik Konstr\u00fcksiyon \u0130\u015fleri M\u00fchendislik Tasar\u0131m<\/p>","protected":false},"author":1,"featured_media":0,"parent":0,"menu_order":0,"comment_status":"closed","ping_status":"closed","template":"","meta":{"footnotes":""},"class_list":["post-620","page","type-page","status-publish","hentry"],"_links":{"self":[{"href":"http:\/\/www.ercancelik.com\/en\/wp-json\/wp\/v2\/pages\/620","targetHints":{"allow":["GET"]}}],"collection":[{"href":"http:\/\/www.ercancelik.com\/en\/wp-json\/wp\/v2\/pages"}],"about":[{"href":"http:\/\/www.ercancelik.com\/en\/wp-json\/wp\/v2\/types\/page"}],"author":[{"embeddable":true,"href":"http:\/\/www.ercancelik.com\/en\/wp-json\/wp\/v2\/users\/1"}],"replies":[{"embeddable":true,"href":"http:\/\/www.ercancelik.com\/en\/wp-json\/wp\/v2\/comments?post=620"}],"version-history":[{"count":47,"href":"http:\/\/www.ercancelik.com\/en\/wp-json\/wp\/v2\/pages\/620\/revisions"}],"predecessor-version":[{"id":10988,"href":"http:\/\/www.ercancelik.com\/en\/wp-json\/wp\/v2\/pages\/620\/revisions\/10988"}],"wp:attachment":[{"href":"http:\/\/www.ercancelik.com\/en\/wp-json\/wp\/v2\/media?parent=620"}],"curies":[{"name":"wp","href":"https:\/\/api.w.org\/{rel}","templated":true}]}}