{"id":8186,"date":"2023-11-09T08:03:55","date_gmt":"2023-11-09T08:03:55","guid":{"rendered":"https:\/\/motivoweb.com\/saga\/?page_id=8186"},"modified":"2024-10-09T20:49:51","modified_gmt":"2024-10-09T17:49:51","slug":"projeler","status":"publish","type":"page","link":"http:\/\/www.ercancelik.com\/en\/projeler\/","title":{"rendered":"Projects"},"content":{"rendered":"<div data-elementor-type=\"wp-page\" data-elementor-id=\"8186\" class=\"elementor elementor-8186\" data-elementor-post-type=\"page\">\n\t\t\t\t<div class=\"elementor-element elementor-element-99c6d6a e-flex e-con-boxed e-con e-parent\" data-id=\"99c6d6a\" data-element_type=\"container\" data-e-type=\"container\">\n\t\t\t\t\t<div class=\"e-con-inner\">\n\t\t\t\t<div class=\"elementor-element elementor-element-29216c1 elementor-widget elementor-widget-mo-portfolio\" data-id=\"29216c1\" data-element_type=\"widget\" data-e-type=\"widget\" data-widget_type=\"mo-portfolio.default\">\n\t\t\t\t<div class=\"elementor-widget-container\">\n\t\t\t\t\t<div class=\"mo-element-mo-portfolio mo-element\"><div class=\"project-filter-wrapper\">\n  \n<div class=\"projects-grid projects-style-1\">\n\t\n   <div class=\"project-item category-35\">\n\t\t<div class=\"portfolio-effect1\">\n\t       <div class=\"img-inner\">\n\t<div class=\"img-portfolio\" style=\"background-image: url(http:\/\/www.ercancelik.com\/wp-content\/uploads\/2023\/09\/tupras-izmir-rafinesi.jpeg)\">\n\t\t<a class=\"portfolio-link\" data-title=\"\" href=\"\/en\/tupras-izmir-rafinerisi-u7000-cdu-revamp-2-projesi\/\"><\/a>\t\n\t<\/div>\n<\/div>\n<div class=\"caption-inner\">\n\t<a class=\"portfolio-link\" data-title=\"\" href=\"\/en\/tupras-izmir-rafinerisi-u7000-cdu-revamp-2-projesi\/\"><h5 class=\"portfolio-title\">TUPRAS Izmir Refinery U7000 CDU Revamp-2 Project<\/h5><\/a>\t\n\t<p class=\"portfolio-cates\"><a class=\"term\" data-title=\"Tesis Projesi\" href=\"http:\/\/www.ercancelik.com\/en\/proje-tipi\/tesis-projesi\/\"><span>Facility Project<\/span><\/a><span class=\"divider\">\/<\/span><\/p> \n<\/div>\t\t   <\/div>\n\t\t<\/div>\n\t\n   <div class=\"project-item category-35\">\n\t\t<div class=\"portfolio-effect1\">\n\t       <div class=\"img-inner\">\n\t<div class=\"img-portfolio\" style=\"background-image: url(http:\/\/www.ercancelik.com\/wp-content\/uploads\/2023\/09\/rafineri-a-ve-b-scaled.jpeg)\">\n\t\t<a class=\"portfolio-link\" data-title=\"\" href=\"\/en\/rafineri-a-ve-b-bolgeleri-arasi-muhtelif-boru-hatlari-tesisi-projesi\/\"><\/a>\t\n\t<\/div>\n<\/div>\n<div class=\"caption-inner\">\n\t<a class=\"portfolio-link\" data-title=\"\" href=\"\/en\/rafineri-a-ve-b-bolgeleri-arasi-muhtelif-boru-hatlari-tesisi-projesi\/\"><h5 class=\"portfolio-title\">Various Pipelines Works Project Between Refinery A and B Zone<\/h5><\/a>\t\n\t<p class=\"portfolio-cates\"><a class=\"term\" data-title=\"Tesis Projesi\" href=\"http:\/\/www.ercancelik.com\/en\/proje-tipi\/tesis-projesi\/\"><span>Facility Project<\/span><\/a><span class=\"divider\">\/<\/span><\/p> \n<\/div>\t\t   <\/div>\n\t\t<\/div>\n\t\n   <div class=\"project-item category-32\">\n\t\t<div class=\"portfolio-effect1\">\n\t       <div class=\"img-inner\">\n\t<div class=\"img-portfolio\" style=\"background-image: url(http:\/\/www.ercancelik.com\/wp-content\/uploads\/2022\/01\/izmit-rafinesi.png)\">\n\t\t<a class=\"portfolio-link\" data-title=\"\" href=\"\/en\/izmit-rafinerisi-depolama-tanklari-bakim-onarim-ve-degisim-isleri\/\"><\/a>\t\n\t<\/div>\n<\/div>\n<div class=\"caption-inner\">\n\t<a class=\"portfolio-link\" data-title=\"\" href=\"\/en\/izmit-rafinerisi-depolama-tanklari-bakim-onarim-ve-degisim-isleri\/\"><h5 class=\"portfolio-title\">Izmit Refinery Storage Tanks Maintenance, Repair and Replacement Works<\/h5><\/a>\t\n\t<p class=\"portfolio-cates\"><a class=\"term\" data-title=\"Onar\u0131m \u0130\u015fleri\" href=\"http:\/\/www.ercancelik.com\/en\/proje-tipi\/onarim-isleri\/\"><span>Repair Works<\/span><\/a><span class=\"divider\">\/<\/span><\/p> \n<\/div>\t\t   <\/div>\n\t\t<\/div>\n\t\n   <div class=\"project-item category-38\">\n\t\t<div class=\"portfolio-effect1\">\n\t       <div class=\"img-inner\">\n\t<div class=\"img-portfolio\" style=\"background-image: url(http:\/\/www.ercancelik.com\/wp-content\/uploads\/2022\/01\/tupras-rup-resid-upgrade-project-yeralti-borulama-isleri.jpg)\">\n\t\t<a class=\"portfolio-link\" data-title=\"\" href=\"\/en\/tupras-rup-resid-upgrade-project-yeralti-borulama-isleri\/\"><\/a>\t\n\t<\/div>\n<\/div>\n<div class=\"caption-inner\">\n\t<a class=\"portfolio-link\" data-title=\"\" href=\"\/en\/tupras-rup-resid-upgrade-project-yeralti-borulama-isleri\/\"><h5 class=\"portfolio-title\">Tupras Rup (Resid Upgrade Project) Underground Piping Works<\/h5><\/a>\t\n\t<p class=\"portfolio-cates\"><a class=\"term\" data-title=\"Borulama \u0130\u015flemleri\" href=\"http:\/\/www.ercancelik.com\/en\/proje-tipi\/borulama-islemleri\/\"><span>Piping Operations<\/span><\/a><span class=\"divider\">\/<\/span><\/p> \n<\/div>\t\t   <\/div>\n\t\t<\/div>\n\t\n   <div class=\"project-item category-31\">\n\t\t<div class=\"portfolio-effect1\">\n\t       <div class=\"img-inner\">\n\t<div class=\"img-portfolio\" style=\"background-image: url(http:\/\/www.ercancelik.com\/wp-content\/uploads\/2022\/01\/rup-rafinesi-ercan-celik.png)\">\n\t\t<a class=\"portfolio-link\" data-title=\"\" href=\"\/en\/2019-yili-rup-rafinerisi-planli-durusunda-proje-modernizasyon-isleri\/\"><\/a>\t\n\t<\/div>\n<\/div>\n<div class=\"caption-inner\">\n\t<a class=\"portfolio-link\" data-title=\"\" href=\"\/en\/2019-yili-rup-rafinerisi-planli-durusunda-proje-modernizasyon-isleri\/\"><h5 class=\"portfolio-title\">2019 RUP Refinery Turnaround Project Modernization Works<\/h5><\/a>\t\n\t<p class=\"portfolio-cates\"><a class=\"term\" data-title=\"Modernizasyon\" href=\"http:\/\/www.ercancelik.com\/en\/proje-tipi\/modernizasyon\/\"><span>Modernizasyon<\/span><\/a><span class=\"divider\">\/<\/span><\/p> \n<\/div>\t\t   <\/div>\n\t\t<\/div>\n\t\n   <div class=\"project-item category-38\">\n\t\t<div class=\"portfolio-effect1\">\n\t       <div class=\"img-inner\">\n\t<div class=\"img-portfolio\" style=\"background-image: url(http:\/\/www.ercancelik.com\/wp-content\/uploads\/2022\/01\/rafineri-yangin-suyu-hatlari-hdpe-borulama-isleri.jpg)\">\n\t\t<a class=\"portfolio-link\" data-title=\"\" href=\"\/en\/rafineri-yangin-suyu-hatlari-hdpe-borulama-isleri\/\"><\/a>\t\n\t<\/div>\n<\/div>\n<div class=\"caption-inner\">\n\t<a class=\"portfolio-link\" data-title=\"\" href=\"\/en\/rafineri-yangin-suyu-hatlari-hdpe-borulama-isleri\/\"><h5 class=\"portfolio-title\">Refinery Fire Water Lines - HDPE Piping Works<\/h5><\/a>\t\n\t<p class=\"portfolio-cates\"><a class=\"term\" data-title=\"Borulama \u0130\u015flemleri\" href=\"http:\/\/www.ercancelik.com\/en\/proje-tipi\/borulama-islemleri\/\"><span>Piping Operations<\/span><\/a><span class=\"divider\">\/<\/span><\/p> \n<\/div>\t\t   <\/div>\n\t\t<\/div>\n\t\n   <div class=\"project-item category-38\">\n\t\t<div class=\"portfolio-effect1\">\n\t       <div class=\"img-inner\">\n\t<div class=\"img-portfolio\" style=\"background-image: url(http:\/\/www.ercancelik.com\/wp-content\/uploads\/2024\/01\/02a5cf991813d0a522ab420378c20e84.png)\">\n\t\t<a class=\"portfolio-link\" data-title=\"\" href=\"\/en\/ven-216-027-hdpe-yeralti-borulama-isleri-irak\/\"><\/a>\t\n\t<\/div>\n<\/div>\n<div class=\"caption-inner\">\n\t<a class=\"portfolio-link\" data-title=\"\" href=\"\/en\/ven-216-027-hdpe-yeralti-borulama-isleri-irak\/\"><h5 class=\"portfolio-title\">VEN 216 027 HDPE Underground Piping Works - IRAQ<\/h5><\/a>\t\n\t<p class=\"portfolio-cates\"><a class=\"term\" data-title=\"Borulama \u0130\u015flemleri\" href=\"http:\/\/www.ercancelik.com\/en\/proje-tipi\/borulama-islemleri\/\"><span>Piping Operations<\/span><\/a><span class=\"divider\">\/<\/span><\/p> \n<\/div>\t\t   <\/div>\n\t\t<\/div>\n\t\n   <div class=\"project-item category-38\">\n\t\t<div class=\"portfolio-effect1\">\n\t       <div class=\"img-inner\">\n\t<div class=\"img-portfolio\" style=\"background-image: url(http:\/\/www.ercancelik.com\/wp-content\/uploads\/2024\/01\/c81d0e3cfddfa55392ac9cd1e8750ae6-1.png)\">\n\t\t<a class=\"portfolio-link\" data-title=\"\" href=\"\/en\/tupras-rafinerisi-kolon-ekipmani-modifikasyonu-projesi\/\"><\/a>\t\n\t<\/div>\n<\/div>\n<div class=\"caption-inner\">\n\t<a class=\"portfolio-link\" data-title=\"\" href=\"\/en\/tupras-rafinerisi-kolon-ekipmani-modifikasyonu-projesi\/\"><h5 class=\"portfolio-title\">Tupras Refinery - Column Equipment Modification Project<\/h5><\/a>\t\n\t<p class=\"portfolio-cates\"><a class=\"term\" data-title=\"Borulama \u0130\u015flemleri\" href=\"http:\/\/www.ercancelik.com\/en\/proje-tipi\/borulama-islemleri\/\"><span>Piping Operations<\/span><\/a><span class=\"divider\">\/<\/span><\/p> \n<\/div>\t\t   <\/div>\n\t\t<\/div>\n\t\n   <div class=\"project-item category-38\">\n\t\t<div class=\"portfolio-effect1\">\n\t       <div class=\"img-inner\">\n\t<div class=\"img-portfolio\" style=\"background-image: url(http:\/\/www.ercancelik.com\/wp-content\/uploads\/2024\/01\/f2c67d9a83d8158b4147806d1d57a9d8.jpg)\">\n\t\t<a class=\"portfolio-link\" data-title=\"\" href=\"\/en\/tpao-tank-imalati-montaji-ve-borulamasi-projesi\/\"><\/a>\t\n\t<\/div>\n<\/div>\n<div class=\"caption-inner\">\n\t<a class=\"portfolio-link\" data-title=\"\" href=\"\/en\/tpao-tank-imalati-montaji-ve-borulamasi-projesi\/\"><h5 class=\"portfolio-title\">Tpao Tank Fabrication, Erection and Piping Project<\/h5><\/a>\t\n\t<p class=\"portfolio-cates\"><a class=\"term\" data-title=\"Borulama \u0130\u015flemleri\" href=\"http:\/\/www.ercancelik.com\/en\/proje-tipi\/borulama-islemleri\/\"><span>Piping Operations<\/span><\/a><span class=\"divider\">\/<\/span><\/p> \n<\/div>\t\t   <\/div>\n\t\t<\/div>\n\t\n   <div class=\"project-item category-35\">\n\t\t<div class=\"portfolio-effect1\">\n\t       <div class=\"img-inner\">\n\t<div class=\"img-portfolio\" style=\"background-image: url(http:\/\/www.ercancelik.com\/wp-content\/uploads\/2022\/01\/methantor-tesisi.jpg)\">\n\t\t<a class=\"portfolio-link\" data-title=\"\" href=\"\/en\/methanator-unitesi\/\"><\/a>\t\n\t<\/div>\n<\/div>\n<div class=\"caption-inner\">\n\t<a class=\"portfolio-link\" data-title=\"\" href=\"\/en\/methanator-unitesi\/\"><h5 class=\"portfolio-title\">Methanation Unit Facility<\/h5><\/a>\t\n\t<p class=\"portfolio-cates\"><a class=\"term\" data-title=\"Tesis Projesi\" href=\"http:\/\/www.ercancelik.com\/en\/proje-tipi\/tesis-projesi\/\"><span>Facility Project<\/span><\/a><span class=\"divider\">\/<\/span><\/p> \n<\/div>\t\t   <\/div>\n\t\t<\/div>\n\t\n   <div class=\"project-item category-38\">\n\t\t<div class=\"portfolio-effect1\">\n\t       <div class=\"img-inner\">\n\t<div class=\"img-portfolio\" style=\"background-image: url(http:\/\/www.ercancelik.com\/wp-content\/uploads\/2022\/01\/rafine-karadolum.jpg)\">\n\t\t<a class=\"portfolio-link\" data-title=\"\" href=\"\/en\/rafineri-karadolum-demiryolu-ust-gecis-boru-koprusu-montaji-ve-boru-hatlari-deplase-projesi\/\"><\/a>\t\n\t<\/div>\n<\/div>\n<div class=\"caption-inner\">\n\t<a class=\"portfolio-link\" data-title=\"\" href=\"\/en\/rafineri-karadolum-demiryolu-ust-gecis-boru-koprusu-montaji-ve-boru-hatlari-deplase-projesi\/\"><h5 class=\"portfolio-title\">Refinery Land Loading - Railway Upper Steel Pipe Bridge Erection and Pipelines Displaced Project<\/h5><\/a>\t\n\t<p class=\"portfolio-cates\"><a class=\"term\" data-title=\"Borulama \u0130\u015flemleri\" href=\"http:\/\/www.ercancelik.com\/en\/proje-tipi\/borulama-islemleri\/\"><span>Piping Operations<\/span><\/a><span class=\"divider\">\/<\/span><\/p> \n<\/div>\t\t   <\/div>\n\t\t<\/div>\n\t\n   <div class=\"project-item category-32\">\n\t\t<div class=\"portfolio-effect1\">\n\t       <div class=\"img-inner\">\n\t<div class=\"img-portfolio\" style=\"background-image: url(http:\/\/www.ercancelik.com\/wp-content\/uploads\/2022\/01\/metal-bakim-onarim.png)\">\n\t\t<a class=\"portfolio-link\" data-title=\"\" href=\"\/en\/izmit-rafinerisi-metal-bakim-onarim-isleri\/\"><\/a>\t\n\t<\/div>\n<\/div>\n<div class=\"caption-inner\">\n\t<a class=\"portfolio-link\" data-title=\"\" href=\"\/en\/izmit-rafinerisi-metal-bakim-onarim-isleri\/\"><h5 class=\"portfolio-title\">Izmit Refinery Metal Maintenance and Repair Works<\/h5><\/a>\t\n\t<p class=\"portfolio-cates\"><a class=\"term\" data-title=\"Onar\u0131m \u0130\u015fleri\" href=\"http:\/\/www.ercancelik.com\/en\/proje-tipi\/onarim-isleri\/\"><span>Repair Works<\/span><\/a><span class=\"divider\">\/<\/span><\/p> \n<\/div>\t\t   <\/div>\n\t\t<\/div>\n\t  <\/div>\n<\/div><\/div>\t\t\t\t<\/div>\n\t\t\t\t<\/div>\n\t\t\t\t<div class=\"elementor-element elementor-element-f61c671 elementor-hidden-desktop elementor-hidden-tablet elementor-hidden-mobile elementor-widget elementor-widget-mo-portfolio\" data-id=\"f61c671\" data-element_type=\"widget\" data-e-type=\"widget\" data-widget_type=\"mo-portfolio.default\">\n\t\t\t\t<div class=\"elementor-widget-container\">\n\t\t\t\t\t<div class=\"mo-element-mo-portfolio mo-element\"><div class=\"project-filter-wrapper\">\n  \n<div class=\"projects-grid projects-style-1 pf_2_cols\">\n\t\n   <div class=\"project-item category-60\">\n\t\t<div class=\"portfolio-effect1\">\n\t       <div class=\"img-inner\">\n\t<div class=\"img-portfolio\" style=\"background-image: url(http:\/\/www.ercancelik.com\/wp-content\/uploads\/2024\/07\/cropped-ercancelik.png)\">\n\t\t<a class=\"portfolio-link\" data-title=\"\" href=\"\/en\/basari-ile-tamamlanan-projelerimiz\/\"><\/a>\t\n\t<\/div>\n<\/div>\n<div class=\"caption-inner\">\n\t<a class=\"portfolio-link\" data-title=\"\" href=\"\/en\/basari-ile-tamamlanan-projelerimiz\/\"><h5 class=\"portfolio-title\">BA\u015eARI \u0130LE TAMAMLANAN PROJELER\u0130M\u0130Z<\/h5><\/a>\t\n\t<p class=\"portfolio-cates\"><a class=\"term\" data-title=\"Ercan \u00c7elik\" href=\"http:\/\/www.ercancelik.com\/en\/proje-tipi\/ercan-celik\/\"><span>Ercan \u00c7elik<\/span><\/a><span class=\"divider\">\/<\/span><\/p> \n<\/div>\t\t   <\/div>\n\t\t<\/div>\n\t  <\/div>\n<\/div><\/div>\t\t\t\t<\/div>\n\t\t\t\t<\/div>\n\t\t\t\t\t<\/div>\n\t\t\t\t<\/div>\n\t\t\t\t<section class=\"elementor-section elementor-top-section elementor-element elementor-element-56aafd6 elementor-section-full_width responsive-padding elementor-section-stretched elementor-section-height-default elementor-section-height-default\" data-id=\"56aafd6\" data-element_type=\"section\" data-e-type=\"section\" data-settings=\"{&quot;stretch_section&quot;:&quot;section-stretched&quot;}\">\n\t\t\t\t\t\t<div class=\"elementor-container elementor-column-gap-default\">\n\t\t\t\t\t<div class=\"elementor-column elementor-col-100 elementor-top-column elementor-element elementor-element-8a36338\" data-id=\"8a36338\" data-element_type=\"column\" data-e-type=\"column\">\n\t\t\t<div class=\"elementor-widget-wrap elementor-element-populated\">\n\t\t\t\t\t\t<section class=\"elementor-section elementor-inner-section elementor-element elementor-element-27af55f elementor-section-boxed elementor-section-height-default elementor-section-height-default\" data-id=\"27af55f\" data-element_type=\"section\" data-e-type=\"section\">\n\t\t\t\t\t\t<div class=\"elementor-container elementor-column-gap-default\">\n\t\t\t\t\t<div class=\"elementor-column elementor-col-50 elementor-inner-column elementor-element elementor-element-ee92268\" data-id=\"ee92268\" data-element_type=\"column\" data-e-type=\"column\">\n\t\t\t<div class=\"elementor-widget-wrap\">\n\t\t\t\t\t\t\t<\/div>\n\t\t<\/div>\n\t\t\t\t<div class=\"elementor-column elementor-col-50 elementor-inner-column elementor-element elementor-element-4e865fc\" data-id=\"4e865fc\" data-element_type=\"column\" data-e-type=\"column\">\n\t\t\t<div class=\"elementor-widget-wrap\">\n\t\t\t\t\t\t\t<\/div>\n\t\t<\/div>\n\t\t\t\t\t<\/div>\n\t\t<\/section>\n\t\t\t\t\t<\/div>\n\t\t<\/div>\n\t\t\t\t\t<\/div>\n\t\t<\/section>\n\t\t<div class=\"elementor-element elementor-element-94a89e6 e-flex e-con-boxed e-con e-parent\" data-id=\"94a89e6\" data-element_type=\"container\" data-e-type=\"container\">\n\t\t\t\t\t<div class=\"e-con-inner\">\n\t\t\t\t<div class=\"elementor-element elementor-element-b9a6c49 elementor-widget elementor-widget-image\" data-id=\"b9a6c49\" data-element_type=\"widget\" data-e-type=\"widget\" data-widget_type=\"image.default\">\n\t\t\t\t<div class=\"elementor-widget-container\">\n\t\t\t\t\t\t\t\t\t\t\t\t\t\t\t\t<a href=\"\/en\/basari-ile-tamamlanan-projelerimiz\/\">\n\t\t\t\t\t\t\t<img fetchpriority=\"high\" decoding=\"async\" width=\"1170\" height=\"485\" src=\"https:\/\/www.ercancelik.com\/wp-content\/uploads\/2024\/09\/basari-ile-tamamlanan-projelerimiz-01.jpg\" class=\"attachment-full size-full wp-image-11668\" alt=\"\" srcset=\"https:\/\/www.ercancelik.com\/wp-content\/uploads\/2024\/09\/basari-ile-tamamlanan-projelerimiz-01.jpg 1170w, https:\/\/www.ercancelik.com\/wp-content\/uploads\/2024\/09\/basari-ile-tamamlanan-projelerimiz-01-300x124.jpg 300w, https:\/\/www.ercancelik.com\/wp-content\/uploads\/2024\/09\/basari-ile-tamamlanan-projelerimiz-01-1024x424.jpg 1024w, https:\/\/www.ercancelik.com\/wp-content\/uploads\/2024\/09\/basari-ile-tamamlanan-projelerimiz-01-768x318.jpg 768w, https:\/\/www.ercancelik.com\/wp-content\/uploads\/2024\/09\/basari-ile-tamamlanan-projelerimiz-01-18x7.jpg 18w, https:\/\/www.ercancelik.com\/wp-content\/uploads\/2024\/09\/basari-ile-tamamlanan-projelerimiz-01-720x298.jpg 720w, https:\/\/www.ercancelik.com\/wp-content\/uploads\/2024\/09\/basari-ile-tamamlanan-projelerimiz-01-24x10.jpg 24w, https:\/\/www.ercancelik.com\/wp-content\/uploads\/2024\/09\/basari-ile-tamamlanan-projelerimiz-01-36x15.jpg 36w, https:\/\/www.ercancelik.com\/wp-content\/uploads\/2024\/09\/basari-ile-tamamlanan-projelerimiz-01-48x20.jpg 48w\" sizes=\"(max-width: 1170px) 100vw, 1170px\" \/>\t\t\t\t\t\t\t\t<\/a>\n\t\t\t\t\t\t\t\t\t\t\t\t\t\t\t<\/div>\n\t\t\t\t<\/div>\n\t\t\t\t\t<\/div>\n\t\t\t\t<\/div>\n\t\t<div class=\"elementor-element elementor-element-0af5429 e-flex e-con-boxed e-con e-parent\" data-id=\"0af5429\" data-element_type=\"container\" data-e-type=\"container\">\n\t\t\t\t\t<div class=\"e-con-inner\">\n\t\t<div class=\"elementor-element elementor-element-dcf467b e-con-full e-flex e-con e-child\" data-id=\"dcf467b\" data-element_type=\"container\" data-e-type=\"container\">\n\t\t\t\t<\/div>\n\t\t<div class=\"elementor-element elementor-element-bd5c01a e-con-full e-flex e-con e-child\" data-id=\"bd5c01a\" data-element_type=\"container\" data-e-type=\"container\">\n\t\t\t\t<\/div>\n\t\t<div class=\"elementor-element elementor-element-051889a e-con-full e-flex e-con e-child\" data-id=\"051889a\" data-element_type=\"container\" data-e-type=\"container\">\n\t\t\t\t<\/div>\n\t\t\t\t\t<\/div>\n\t\t\t\t<\/div>\n\t\t\t\t<\/div>","protected":false},"excerpt":{"rendered":"<p>T\u00dcPRA\u015e \u0130ZM\u0130R RAF\u0130NER\u0130S\u0130 &#8211; U7000 CDU REVAMP-2 PROJES\u0130 Tesis Projesi\/ RAF\u0130NER\u0130 A VE B B\u00d6LGELER\u0130 ARASI MUHTEL\u0130F BORU HATLARI TES\u0130S\u0130 PROJES\u0130 Tesis Projesi\/ \u0130ZM\u0130T RAF\u0130NER\u0130S\u0130 DEPOLAMA TANKLARI BAKIM, ONARIM VE DE\u011e\u0130\u015e\u0130M \u0130\u015eLER\u0130 Onar\u0131m \u0130\u015fleri\/ T\u00dcPRA\u015e RUP (RESID UPGRADE PROJECT) YERALTI BORULAMA \u0130\u015eLER\u0130 Borulama \u0130\u015flemleri\/ 2019 YILI RUP RAF\u0130NER\u0130S\u0130 PLANLI DURU\u015eUNDA PROJE MODERN\u0130ZASYON \u0130\u015eLER\u0130 Modernizasyon\/ METHANATOR [&hellip;]<\/p>\n","protected":false},"author":1,"featured_media":0,"parent":0,"menu_order":0,"comment_status":"closed","ping_status":"closed","template":"","meta":{"footnotes":""},"class_list":["post-8186","page","type-page","status-publish","hentry"],"_links":{"self":[{"href":"http:\/\/www.ercancelik.com\/en\/wp-json\/wp\/v2\/pages\/8186","targetHints":{"allow":["GET"]}}],"collection":[{"href":"http:\/\/www.ercancelik.com\/en\/wp-json\/wp\/v2\/pages"}],"about":[{"href":"http:\/\/www.ercancelik.com\/en\/wp-json\/wp\/v2\/types\/page"}],"author":[{"embeddable":true,"href":"http:\/\/www.ercancelik.com\/en\/wp-json\/wp\/v2\/users\/1"}],"replies":[{"embeddable":true,"href":"http:\/\/www.ercancelik.com\/en\/wp-json\/wp\/v2\/comments?post=8186"}],"version-history":[{"count":100,"href":"http:\/\/www.ercancelik.com\/en\/wp-json\/wp\/v2\/pages\/8186\/revisions"}],"predecessor-version":[{"id":11785,"href":"http:\/\/www.ercancelik.com\/en\/wp-json\/wp\/v2\/pages\/8186\/revisions\/11785"}],"wp:attachment":[{"href":"http:\/\/www.ercancelik.com\/en\/wp-json\/wp\/v2\/media?parent=8186"}],"curies":[{"name":"wp","href":"https:\/\/api.w.org\/{rel}","templated":true}]}}