{"id":9432,"date":"2024-07-16T14:06:04","date_gmt":"2024-07-16T11:06:04","guid":{"rendered":"http:\/\/www.ercancelik.com\/?page_id=9432"},"modified":"2024-10-15T09:51:40","modified_gmt":"2024-10-15T06:51:40","slug":"endustriyel-depolama-tanklari","status":"publish","type":"page","link":"http:\/\/www.ercancelik.com\/en\/hizmetler\/endustriyel-depolama-tanklari\/","title":{"rendered":"Industrial Storage Tanks"},"content":{"rendered":"<div data-elementor-type=\"wp-page\" data-elementor-id=\"9432\" class=\"elementor elementor-9432\" data-elementor-post-type=\"page\">\n\t\t\t\t\t\t<section class=\"elementor-section elementor-top-section elementor-element elementor-element-17df8b5 elementor-section-boxed elementor-section-height-default elementor-section-height-default\" data-id=\"17df8b5\" data-element_type=\"section\" data-e-type=\"section\">\n\t\t\t\t\t\t<div class=\"elementor-container elementor-column-gap-default\">\n\t\t\t\t\t<div class=\"elementor-column elementor-col-100 elementor-top-column elementor-element elementor-element-64ea887\" data-id=\"64ea887\" data-element_type=\"column\" data-e-type=\"column\">\n\t\t\t<div class=\"elementor-widget-wrap elementor-element-populated\">\n\t\t\t\t\t\t<section class=\"elementor-section elementor-inner-section elementor-element elementor-element-66143e2 elementor-section-boxed elementor-section-height-default elementor-section-height-default\" data-id=\"66143e2\" data-element_type=\"section\" data-e-type=\"section\">\n\t\t\t\t\t\t<div class=\"elementor-container elementor-column-gap-default\">\n\t\t\t\t\t<div class=\"elementor-column elementor-col-50 elementor-inner-column elementor-element elementor-element-a149234\" data-id=\"a149234\" data-element_type=\"column\" data-e-type=\"column\">\n\t\t\t<div class=\"elementor-widget-wrap elementor-element-populated\">\n\t\t\t\t\t\t<div class=\"elementor-element elementor-element-82b7708 elementor-widget__width-initial elementor-widget elementor-widget-mo-image\" data-id=\"82b7708\" data-element_type=\"widget\" data-e-type=\"widget\" data-widget_type=\"mo-image.default\">\n\t\t\t\t<div class=\"elementor-widget-container\">\n\t\t\t\t\t\n<div class=\"mo-img-fancy\"   >\n\t\t<div class=\"mo-img-fancy-container align-items-center\">\n\t\t\t\t<figure   >\n\t\t\t<img fetchpriority=\"high\" decoding=\"async\" width=\"650\" height=\"384\" src=\"http:\/\/www.ercancelik.com\/wp-content\/uploads\/2024\/09\/4ba7b23b9e7b437ce57d0889fadb7ccc.png\" class=\"attachment-full size-full wp-image-10911\" alt=\"\" srcset=\"http:\/\/www.ercancelik.com\/wp-content\/uploads\/2024\/09\/4ba7b23b9e7b437ce57d0889fadb7ccc.png 650w, http:\/\/www.ercancelik.com\/wp-content\/uploads\/2024\/09\/4ba7b23b9e7b437ce57d0889fadb7ccc-300x177.png 300w, http:\/\/www.ercancelik.com\/wp-content\/uploads\/2024\/09\/4ba7b23b9e7b437ce57d0889fadb7ccc-18x12.png 18w, http:\/\/www.ercancelik.com\/wp-content\/uploads\/2024\/09\/4ba7b23b9e7b437ce57d0889fadb7ccc-24x14.png 24w, http:\/\/www.ercancelik.com\/wp-content\/uploads\/2024\/09\/4ba7b23b9e7b437ce57d0889fadb7ccc-36x21.png 36w, http:\/\/www.ercancelik.com\/wp-content\/uploads\/2024\/09\/4ba7b23b9e7b437ce57d0889fadb7ccc-48x28.png 48w\" sizes=\"(max-width: 650px) 100vw, 650px\" \/>\t\t\t\t\t\t\t\t\t\t\t\t\t\t<\/figure>\n\t\t\t\n\t<\/div>\n<\/div>\n\n\t\t\t\t<\/div>\n\t\t\t\t<\/div>\n\t\t\t\t<div class=\"elementor-element elementor-element-bbcee27 elementor-widget elementor-widget-mo-list-number\" data-id=\"bbcee27\" data-element_type=\"widget\" data-e-type=\"widget\" data-widget_type=\"mo-list-number.default\">\n\t\t\t\t<div class=\"elementor-widget-container\">\n\t\t\t\t\t<div class=\"mo-element-mo-list-number mo-element\">\n   <div class=\"list-style list-style3\">\n      <ul class=\"list-style\">\n                     <li>\n               <h4 class=\"title\">Vertical and horizantal cylindrical tanks<\/h4>\n\t\t\t\t\t\t\n            <\/li>\n                     <li>\n               <h4 class=\"title\">Condensate and steam tanks<\/h4>\n\t\t\t\t\t <div class=\"descrption\">\n<\/div> \t\n            <\/li>\n                     <li>\n               <h4 class=\"title\"> All kinds of fuel, water and oil tanks<\/h4>\n\t\t\t\t\t <div class=\"descrption\">\n<\/div> \t\n            <\/li>\n                     <li>\n               <h4 class=\"title\"> Custom manufacturing tanks <\/h4>\n\t\t\t\t\t <div class=\"descrption\">\n<\/div> \t\n            <\/li>\n                     <li>\n               <h4 class=\"title\">Water softener tanks<\/h4>\n\t\t\t\t\t <div class=\"descrption\">\n<\/div> \t\n            <\/li>\n                     <li>\n               <h4 class=\"title\"> Manufacturing and mounting of additive tanks<\/h4>\n\t\t\t\t\t <div class=\"descrption\">\n<\/div> \t\n            <\/li>\n                     <li>\n               <h4 class=\"title\"> Pressure vessels<\/h4>\n\t\t\t\t\t <div class=\"descrption\">\n<\/div> \t\n            <\/li>\n                     <li>\n               <h4 class=\"title\"> Fabrication and installation of foam tanks<\/h4>\n\t\t\t\t\t <div class=\"descrption\">\n<\/div> \t\n            <\/li>\n                     <li>\n               <h4 class=\"title\"> Installation of Dome Roof<\/h4>\n\t\t\t\t\t <div class=\"descrption\">\n<\/div> \t\n            <\/li>\n               <\/ul>  \n   <\/div>\n     \n\n     \n<\/div>\t\t\t\t<\/div>\n\t\t\t\t<\/div>\n\t\t\t\t\t<\/div>\n\t\t<\/div>\n\t\t\t\t<div class=\"elementor-column elementor-col-50 elementor-inner-column elementor-element elementor-element-c5cc5ee\" data-id=\"c5cc5ee\" data-element_type=\"column\" data-e-type=\"column\">\n\t\t\t<div class=\"elementor-widget-wrap elementor-element-populated\">\n\t\t\t\t\t\t<div class=\"elementor-element elementor-element-c81ee15 elementor-widget elementor-widget-heading\" data-id=\"c81ee15\" data-element_type=\"widget\" data-e-type=\"widget\" data-widget_type=\"heading.default\">\n\t\t\t\t<div class=\"elementor-widget-container\">\n\t\t\t\t\t<h2 class=\"elementor-heading-title elementor-size-default\">Other Services<\/h2>\t\t\t\t<\/div>\n\t\t\t\t<\/div>\n\t\t\t\t<div class=\"elementor-element elementor-element-5a1164a elementor-widget__width-initial elementor-widget elementor-widget-mo-navigation-menu\" data-id=\"5a1164a\" data-element_type=\"widget\" data-e-type=\"widget\" data-widget_type=\"mo-navigation-menu.default\">\n\t\t\t\t<div class=\"elementor-widget-container\">\n\t\t\t\t\t<div class=\"mo-element-mo-navigation-menu mo-element\">   <div class=\"mo-navigation-menu  menu-align-center\">\n      <div class=\"menu-company-container\"><ul id=\"menu-zb6s\" class=\"mo-nav-menu mo-main-menu\"><li id=\"menu-item-10994\" class=\"menu-item menu-item-type-post_type menu-item-object-page nomega-menu-item algleft menu-item-10994\"><a href=\"http:\/\/www.ercancelik.com\/en\/hizmetler\/proses-borulama-isleri\/\" data-hover=\"Proses Borulama \u0130\u015fleri\">Process Piping Works<\/a><\/li>\n<li id=\"menu-item-10990\" class=\"menu-item menu-item-type-post_type menu-item-object-page nomega-menu-item algleft menu-item-10990\"><a href=\"http:\/\/www.ercancelik.com\/en\/hizmetler\/endustriyel-depolama-tanklari\/\" data-hover=\"End\u00fcstriyel Depolama Tanklar\u0131\">Industrial Storage Tanks<\/a><\/li>\n<li id=\"menu-item-10991\" class=\"menu-item menu-item-type-post_type menu-item-object-page nomega-menu-item algleft menu-item-10991\"><a href=\"http:\/\/www.ercancelik.com\/en\/hizmetler\/endustriyel-ekipman-sistemleri\/\" data-hover=\"End\u00fcstriyel Ekipman Sistemleri\">Industrial Equipment Systems<\/a><\/li>\n<li id=\"menu-item-10989\" class=\"menu-item menu-item-type-post_type menu-item-object-page nomega-menu-item algleft menu-item-10989\"><a href=\"http:\/\/www.ercancelik.com\/en\/hizmetler\/celik-konstruksiyon-isleri\/\" data-hover=\"\u00c7elik Konstr\u00fcksiyon \u0130\u015fleri\">Steel Construction Works<\/a><\/li>\n<li id=\"menu-item-10992\" class=\"menu-item menu-item-type-post_type menu-item-object-page nomega-menu-item algleft menu-item-10992\"><a href=\"http:\/\/www.ercancelik.com\/en\/hizmetler\/insaat-isleri\/\" data-hover=\"\u0130n\u015faat \u0130\u015fleri\">Construction works<\/a><\/li>\n<li id=\"menu-item-10993\" class=\"menu-item menu-item-type-post_type menu-item-object-page nomega-menu-item algleft menu-item-10993\"><a href=\"http:\/\/www.ercancelik.com\/en\/hizmetler\/muhendislik-ve-tasarim\/\" data-hover=\"M\u00fchendislik ve Tasar\u0131m\">Engineering and Design<\/a><\/li>\n<\/ul><\/div>   <\/div><\/div>\t\t\t\t<\/div>\n\t\t\t\t<\/div>\n\t\t\t\t<div class=\"elementor-element elementor-element-8ae527c elementor-widget elementor-widget-spacer\" data-id=\"8ae527c\" data-element_type=\"widget\" data-e-type=\"widget\" data-widget_type=\"spacer.default\">\n\t\t\t\t<div class=\"elementor-widget-container\">\n\t\t\t\t\t\t\t<div class=\"elementor-spacer\">\n\t\t\t<div class=\"elementor-spacer-inner\"><\/div>\n\t\t<\/div>\n\t\t\t\t\t\t<\/div>\n\t\t\t\t<\/div>\n\t\t\t\t\t<\/div>\n\t\t<\/div>\n\t\t\t\t\t<\/div>\n\t\t<\/section>\n\t\t\t\t\t<\/div>\n\t\t<\/div>\n\t\t\t\t\t<\/div>\n\t\t<\/section>\n\t\t\t\t<section class=\"elementor-section elementor-top-section elementor-element elementor-element-2e23b6a elementor-section-boxed elementor-section-height-default elementor-section-height-default\" data-id=\"2e23b6a\" data-element_type=\"section\" data-e-type=\"section\">\n\t\t\t\t\t\t<div class=\"elementor-container elementor-column-gap-default\">\n\t\t\t\t\t<div class=\"elementor-column elementor-col-100 elementor-top-column elementor-element elementor-element-566e38a\" data-id=\"566e38a\" data-element_type=\"column\" data-e-type=\"column\">\n\t\t\t<div class=\"elementor-widget-wrap\">\n\t\t\t\t\t\t\t<\/div>\n\t\t<\/div>\n\t\t\t\t\t<\/div>\n\t\t<\/section>\n\t\t\t\t<\/div>","protected":false},"excerpt":{"rendered":"<p>Silindirik dikey ve yatay tanklar Kondens ve steam tanklar\u0131 Her \u00e7e\u015fit akaryak\u0131t, su ve ya\u011f tanklar\u0131 \u00d6zel imalat tanklar\u0131 Su yumu\u015fatma tanklar\u0131 Kat\u0131k tank imalat ve montaj\u0131 Bas\u0131n\u00e7l\u0131 kaplar K\u00f6p\u00fck tanklar\u0131 imalat ve montaj\u0131 Dome Roof tavan montaj\u0131 Di\u011fer Hizmetler Proses Borulama \u0130\u015fleri End\u00fcstriyel Depolama Tanklar\u0131 End\u00fcstriyel Ekipman Sistemleri \u00c7elik Konstr\u00fcksiyon \u0130\u015fleri \u0130n\u015faat \u0130\u015fleri M\u00fchendislik [&hellip;]<\/p>\n","protected":false},"author":1,"featured_media":0,"parent":620,"menu_order":0,"comment_status":"closed","ping_status":"closed","template":"","meta":{"footnotes":""},"class_list":["post-9432","page","type-page","status-publish","hentry"],"_links":{"self":[{"href":"http:\/\/www.ercancelik.com\/en\/wp-json\/wp\/v2\/pages\/9432","targetHints":{"allow":["GET"]}}],"collection":[{"href":"http:\/\/www.ercancelik.com\/en\/wp-json\/wp\/v2\/pages"}],"about":[{"href":"http:\/\/www.ercancelik.com\/en\/wp-json\/wp\/v2\/types\/page"}],"author":[{"embeddable":true,"href":"http:\/\/www.ercancelik.com\/en\/wp-json\/wp\/v2\/users\/1"}],"replies":[{"embeddable":true,"href":"http:\/\/www.ercancelik.com\/en\/wp-json\/wp\/v2\/comments?post=9432"}],"version-history":[{"count":317,"href":"http:\/\/www.ercancelik.com\/en\/wp-json\/wp\/v2\/pages\/9432\/revisions"}],"predecessor-version":[{"id":12759,"href":"http:\/\/www.ercancelik.com\/en\/wp-json\/wp\/v2\/pages\/9432\/revisions\/12759"}],"up":[{"embeddable":true,"href":"http:\/\/www.ercancelik.com\/en\/wp-json\/wp\/v2\/pages\/620"}],"wp:attachment":[{"href":"http:\/\/www.ercancelik.com\/en\/wp-json\/wp\/v2\/media?parent=9432"}],"curies":[{"name":"wp","href":"https:\/\/api.w.org\/{rel}","templated":true}]}}