{"id":9438,"date":"2024-07-16T14:13:01","date_gmt":"2024-07-16T11:13:01","guid":{"rendered":"http:\/\/www.ercancelik.com\/?page_id=9438"},"modified":"2024-10-15T09:52:52","modified_gmt":"2024-10-15T06:52:52","slug":"proses-borulama-isleri","status":"publish","type":"page","link":"http:\/\/www.ercancelik.com\/en\/hizmetler\/proses-borulama-isleri\/","title":{"rendered":"Process Piping Works"},"content":{"rendered":"<div data-elementor-type=\"wp-page\" data-elementor-id=\"9438\" class=\"elementor elementor-9438\" data-elementor-post-type=\"page\">\n\t\t\t\t\t\t<section class=\"elementor-section elementor-top-section elementor-element elementor-element-17df8b5 elementor-section-boxed elementor-section-height-default elementor-section-height-default\" data-id=\"17df8b5\" data-element_type=\"section\" data-e-type=\"section\">\n\t\t\t\t\t\t<div class=\"elementor-container elementor-column-gap-default\">\n\t\t\t\t\t<div class=\"elementor-column elementor-col-100 elementor-top-column elementor-element elementor-element-64ea887\" data-id=\"64ea887\" data-element_type=\"column\" data-e-type=\"column\">\n\t\t\t<div class=\"elementor-widget-wrap elementor-element-populated\">\n\t\t\t\t\t\t<section class=\"elementor-section elementor-inner-section elementor-element elementor-element-66143e2 elementor-section-boxed elementor-section-height-default elementor-section-height-default\" data-id=\"66143e2\" data-element_type=\"section\" data-e-type=\"section\">\n\t\t\t\t\t\t<div class=\"elementor-container elementor-column-gap-default\">\n\t\t\t\t\t<div class=\"elementor-column elementor-col-50 elementor-inner-column elementor-element elementor-element-a149234\" data-id=\"a149234\" data-element_type=\"column\" data-e-type=\"column\">\n\t\t\t<div class=\"elementor-widget-wrap elementor-element-populated\">\n\t\t\t\t\t\t<div class=\"elementor-element elementor-element-82b7708 elementor-widget__width-initial elementor-widget elementor-widget-mo-image\" data-id=\"82b7708\" data-element_type=\"widget\" data-e-type=\"widget\" data-widget_type=\"mo-image.default\">\n\t\t\t\t<div class=\"elementor-widget-container\">\n\t\t\t\t\t\n<div class=\"mo-img-fancy\"   >\n\t\t<div class=\"mo-img-fancy-container align-items-center\">\n\t\t\t\t<figure   >\n\t\t\t<img fetchpriority=\"high\" decoding=\"async\" width=\"1560\" height=\"962\" src=\"http:\/\/www.ercancelik.com\/wp-content\/uploads\/2024\/09\/9aa1f2c643abfe8ce681580fdb58395f.png\" class=\"attachment-full size-full wp-image-11443\" alt=\"\" srcset=\"http:\/\/www.ercancelik.com\/wp-content\/uploads\/2024\/09\/9aa1f2c643abfe8ce681580fdb58395f.png 1560w, http:\/\/www.ercancelik.com\/wp-content\/uploads\/2024\/09\/9aa1f2c643abfe8ce681580fdb58395f-300x185.png 300w, http:\/\/www.ercancelik.com\/wp-content\/uploads\/2024\/09\/9aa1f2c643abfe8ce681580fdb58395f-1024x631.png 1024w, http:\/\/www.ercancelik.com\/wp-content\/uploads\/2024\/09\/9aa1f2c643abfe8ce681580fdb58395f-768x474.png 768w, http:\/\/www.ercancelik.com\/wp-content\/uploads\/2024\/09\/9aa1f2c643abfe8ce681580fdb58395f-1536x947.png 1536w, http:\/\/www.ercancelik.com\/wp-content\/uploads\/2024\/09\/9aa1f2c643abfe8ce681580fdb58395f-18x12.png 18w, http:\/\/www.ercancelik.com\/wp-content\/uploads\/2024\/09\/9aa1f2c643abfe8ce681580fdb58395f-720x444.png 720w, http:\/\/www.ercancelik.com\/wp-content\/uploads\/2024\/09\/9aa1f2c643abfe8ce681580fdb58395f-24x15.png 24w, http:\/\/www.ercancelik.com\/wp-content\/uploads\/2024\/09\/9aa1f2c643abfe8ce681580fdb58395f-36x22.png 36w, http:\/\/www.ercancelik.com\/wp-content\/uploads\/2024\/09\/9aa1f2c643abfe8ce681580fdb58395f-48x30.png 48w\" sizes=\"(max-width: 1560px) 100vw, 1560px\" \/>\t\t\t\t\t\t\t\t\t\t\t\t\t\t<\/figure>\n\t\t\t\n\t<\/div>\n<\/div>\n\n\t\t\t\t<\/div>\n\t\t\t\t<\/div>\n\t\t\t\t<div class=\"elementor-element elementor-element-7e60827 elementor-widget elementor-widget-mo-list-number\" data-id=\"7e60827\" data-element_type=\"widget\" data-e-type=\"widget\" data-widget_type=\"mo-list-number.default\">\n\t\t\t\t<div class=\"elementor-widget-container\">\n\t\t\t\t\t<div class=\"mo-element-mo-list-number mo-element\">\n   <div class=\"list-style list-style3\">\n      <ul class=\"list-style\">\n                     <li>\n               <h4 class=\"title\">Underground Piping <\/h4>\n\t\t\t\t\t\t\n            <\/li>\n                     <li>\n               <h4 class=\"title\">Aboveground Pipingv<\/h4>\n\t\t\t\t\t <div class=\"descrption\">\n<\/div> \t\n            <\/li>\n                     <li>\n               <h4 class=\"title\"> Industrial Piping<\/h4>\n\t\t\t\t\t <div class=\"descrption\">\n<\/div> \t\n            <\/li>\n                     <li>\n               <h4 class=\"title\"> Fuel Plants Piping<\/h4>\n\t\t\t\t\t <div class=\"descrption\">\n<\/div> \t\n            <\/li>\n                     <li>\n               <h4 class=\"title\"> Installation of Hydrants and foam systems and piping <\/h4>\n\t\t\t\t\t <div class=\"descrption\">\n<\/div> \t\n            <\/li>\n                     <li>\n               <h4 class=\"title\">Over Bridge steel pipelines<\/h4>\n\t\t\t\t\t <div class=\"descrption\">\n<\/div> \t\n            <\/li>\n                     <li>\n               <h4 class=\"title\"> Manufacturing and mounting of collectors <\/h4>\n\t\t\t\t\t <div class=\"descrption\">\n<\/div> \t\n            <\/li>\n                     <li>\n               <h4 class=\"title\">Manufacturing and mounting of coil lines<\/h4>\n\t\t\t\t\t <div class=\"descrption\">\n<\/div> \t\n            <\/li>\n                     <li>\n               <h4 class=\"title\"> Installation of HDPE pipe lines<\/h4>\n\t\t\t\t\t <div class=\"descrption\">\n<\/div> \t\n            <\/li>\n                     <li>\n               <h4 class=\"title\"> Manufacturing and mounting of pig barrel<\/h4>\n\t\t\t\t\t <div class=\"descrption\">\n<\/div> \t\n            <\/li>\n               <\/ul>  \n   <\/div>\n     \n\n     \n<\/div>\t\t\t\t<\/div>\n\t\t\t\t<\/div>\n\t\t\t\t\t<\/div>\n\t\t<\/div>\n\t\t\t\t<div class=\"elementor-column elementor-col-50 elementor-inner-column elementor-element elementor-element-4edb32d\" data-id=\"4edb32d\" data-element_type=\"column\" data-e-type=\"column\">\n\t\t\t<div class=\"elementor-widget-wrap elementor-element-populated\">\n\t\t\t\t\t\t<div class=\"elementor-element elementor-element-275d9b5 elementor-widget__width-initial elementor-widget elementor-widget-heading\" data-id=\"275d9b5\" data-element_type=\"widget\" data-e-type=\"widget\" data-widget_type=\"heading.default\">\n\t\t\t\t<div class=\"elementor-widget-container\">\n\t\t\t\t\t<h2 class=\"elementor-heading-title elementor-size-default\">Other Services<\/h2>\t\t\t\t<\/div>\n\t\t\t\t<\/div>\n\t\t\t\t<div class=\"elementor-element elementor-element-890108a elementor-widget elementor-widget-mo-navigation-menu\" data-id=\"890108a\" data-element_type=\"widget\" data-e-type=\"widget\" data-widget_type=\"mo-navigation-menu.default\">\n\t\t\t\t<div class=\"elementor-widget-container\">\n\t\t\t\t\t<div class=\"mo-element-mo-navigation-menu mo-element\">   <div class=\"mo-navigation-menu  menu-align-center\">\n      <div class=\"menu-company-container\"><ul id=\"menu-tvuc\" class=\"mo-nav-menu mo-main-menu\"><li id=\"menu-item-10994\" class=\"menu-item menu-item-type-post_type menu-item-object-page nomega-menu-item algleft menu-item-10994\"><a href=\"http:\/\/www.ercancelik.com\/en\/hizmetler\/proses-borulama-isleri\/\" data-hover=\"Proses Borulama \u0130\u015fleri\">Process Piping Works<\/a><\/li>\n<li id=\"menu-item-10990\" class=\"menu-item menu-item-type-post_type menu-item-object-page nomega-menu-item algleft menu-item-10990\"><a href=\"http:\/\/www.ercancelik.com\/en\/hizmetler\/endustriyel-depolama-tanklari\/\" data-hover=\"End\u00fcstriyel Depolama Tanklar\u0131\">Industrial Storage Tanks<\/a><\/li>\n<li id=\"menu-item-10991\" class=\"menu-item menu-item-type-post_type menu-item-object-page nomega-menu-item algleft menu-item-10991\"><a href=\"http:\/\/www.ercancelik.com\/en\/hizmetler\/endustriyel-ekipman-sistemleri\/\" data-hover=\"End\u00fcstriyel Ekipman Sistemleri\">Industrial Equipment Systems<\/a><\/li>\n<li id=\"menu-item-10989\" class=\"menu-item menu-item-type-post_type menu-item-object-page nomega-menu-item algleft menu-item-10989\"><a href=\"http:\/\/www.ercancelik.com\/en\/hizmetler\/celik-konstruksiyon-isleri\/\" data-hover=\"\u00c7elik Konstr\u00fcksiyon \u0130\u015fleri\">Steel Construction Works<\/a><\/li>\n<li id=\"menu-item-10992\" class=\"menu-item menu-item-type-post_type menu-item-object-page nomega-menu-item algleft menu-item-10992\"><a href=\"http:\/\/www.ercancelik.com\/en\/hizmetler\/insaat-isleri\/\" data-hover=\"\u0130n\u015faat \u0130\u015fleri\">Construction works<\/a><\/li>\n<li id=\"menu-item-10993\" class=\"menu-item menu-item-type-post_type menu-item-object-page nomega-menu-item algleft menu-item-10993\"><a href=\"http:\/\/www.ercancelik.com\/en\/hizmetler\/muhendislik-ve-tasarim\/\" data-hover=\"M\u00fchendislik ve Tasar\u0131m\">Engineering and Design<\/a><\/li>\n<\/ul><\/div>   <\/div><\/div>\t\t\t\t<\/div>\n\t\t\t\t<\/div>\n\t\t\t\t\t<\/div>\n\t\t<\/div>\n\t\t\t\t\t<\/div>\n\t\t<\/section>\n\t\t\t\t\t<\/div>\n\t\t<\/div>\n\t\t\t\t\t<\/div>\n\t\t<\/section>\n\t\t\t\t<\/div>","protected":false},"excerpt":{"rendered":"<p>Yeralt\u0131 borulama Yer\u00fcst\u00fc borulama End\u00fcstriyel borulama Akaryak\u0131t tesisleri borulama Hidrant ve k\u00f6p\u00fck sistemlerinin kurulumu ve borulama \u00c7elik boru k\u00f6pr\u00fc ge\u00e7i\u015fli hatlar Kollekt\u00f6r imalat ve montaj Serpantin hatlar\u0131n\u0131n imalat ve montaj\u0131 HDPE boru hatlar\u0131n\u0131n montaj\u0131 Pig kovan\u0131 imalat ve montaj\u0131 Di\u011fer Hizmetler Proses Borulama \u0130\u015fleri End\u00fcstriyel Depolama Tanklar\u0131 End\u00fcstriyel Ekipman Sistemleri \u00c7elik Konstr\u00fcksiyon \u0130\u015fleri \u0130n\u015faat \u0130\u015fleri [&hellip;]<\/p>\n","protected":false},"author":1,"featured_media":0,"parent":620,"menu_order":0,"comment_status":"closed","ping_status":"closed","template":"","meta":{"footnotes":""},"class_list":["post-9438","page","type-page","status-publish","hentry"],"_links":{"self":[{"href":"http:\/\/www.ercancelik.com\/en\/wp-json\/wp\/v2\/pages\/9438","targetHints":{"allow":["GET"]}}],"collection":[{"href":"http:\/\/www.ercancelik.com\/en\/wp-json\/wp\/v2\/pages"}],"about":[{"href":"http:\/\/www.ercancelik.com\/en\/wp-json\/wp\/v2\/types\/page"}],"author":[{"embeddable":true,"href":"http:\/\/www.ercancelik.com\/en\/wp-json\/wp\/v2\/users\/1"}],"replies":[{"embeddable":true,"href":"http:\/\/www.ercancelik.com\/en\/wp-json\/wp\/v2\/comments?post=9438"}],"version-history":[{"count":139,"href":"http:\/\/www.ercancelik.com\/en\/wp-json\/wp\/v2\/pages\/9438\/revisions"}],"predecessor-version":[{"id":12764,"href":"http:\/\/www.ercancelik.com\/en\/wp-json\/wp\/v2\/pages\/9438\/revisions\/12764"}],"up":[{"embeddable":true,"href":"http:\/\/www.ercancelik.com\/en\/wp-json\/wp\/v2\/pages\/620"}],"wp:attachment":[{"href":"http:\/\/www.ercancelik.com\/en\/wp-json\/wp\/v2\/media?parent=9438"}],"curies":[{"name":"wp","href":"https:\/\/api.w.org\/{rel}","templated":true}]}}