{"id":9443,"date":"2024-07-16T14:16:46","date_gmt":"2024-07-16T11:16:46","guid":{"rendered":"http:\/\/www.ercancelik.com\/?page_id=9443"},"modified":"2024-10-15T09:53:23","modified_gmt":"2024-10-15T06:53:23","slug":"endustriyel-ekipman-sistemleri","status":"publish","type":"page","link":"http:\/\/www.ercancelik.com\/en\/hizmetler\/endustriyel-ekipman-sistemleri\/","title":{"rendered":"Industrial Equipment Systems"},"content":{"rendered":"<div data-elementor-type=\"wp-page\" data-elementor-id=\"9443\" class=\"elementor elementor-9443\" data-elementor-post-type=\"page\">\n\t\t\t\t\t\t<section class=\"elementor-section elementor-top-section elementor-element elementor-element-17df8b5 elementor-section-boxed elementor-section-height-default elementor-section-height-default\" data-id=\"17df8b5\" data-element_type=\"section\" data-e-type=\"section\">\n\t\t\t\t\t\t<div class=\"elementor-container elementor-column-gap-default\">\n\t\t\t\t\t<div class=\"elementor-column elementor-col-100 elementor-top-column elementor-element elementor-element-64ea887\" data-id=\"64ea887\" data-element_type=\"column\" data-e-type=\"column\">\n\t\t\t<div class=\"elementor-widget-wrap elementor-element-populated\">\n\t\t\t\t\t\t<section class=\"elementor-section elementor-inner-section elementor-element elementor-element-66143e2 elementor-section-boxed elementor-section-height-default elementor-section-height-default\" data-id=\"66143e2\" data-element_type=\"section\" data-e-type=\"section\">\n\t\t\t\t\t\t<div class=\"elementor-container elementor-column-gap-default\">\n\t\t\t\t\t<div class=\"elementor-column elementor-col-50 elementor-inner-column elementor-element elementor-element-a149234\" data-id=\"a149234\" data-element_type=\"column\" data-e-type=\"column\">\n\t\t\t<div class=\"elementor-widget-wrap elementor-element-populated\">\n\t\t\t\t\t\t<div class=\"elementor-element elementor-element-82b7708 elementor-widget__width-initial elementor-widget elementor-widget-mo-image\" data-id=\"82b7708\" data-element_type=\"widget\" data-e-type=\"widget\" data-widget_type=\"mo-image.default\">\n\t\t\t\t<div class=\"elementor-widget-container\">\n\t\t\t\t\t\n<div class=\"mo-img-fancy\"   >\n\t\t<div class=\"mo-img-fancy-container align-items-center\">\n\t\t\t\t<figure   >\n\t\t\t<img fetchpriority=\"high\" decoding=\"async\" width=\"1560\" height=\"962\" src=\"http:\/\/www.ercancelik.com\/wp-content\/uploads\/2024\/09\/2f0577b4da3ee6a45ed89151b300344e.png\" class=\"attachment-full size-full wp-image-11463\" alt=\"\" srcset=\"http:\/\/www.ercancelik.com\/wp-content\/uploads\/2024\/09\/2f0577b4da3ee6a45ed89151b300344e.png 1560w, http:\/\/www.ercancelik.com\/wp-content\/uploads\/2024\/09\/2f0577b4da3ee6a45ed89151b300344e-300x185.png 300w, http:\/\/www.ercancelik.com\/wp-content\/uploads\/2024\/09\/2f0577b4da3ee6a45ed89151b300344e-1024x631.png 1024w, http:\/\/www.ercancelik.com\/wp-content\/uploads\/2024\/09\/2f0577b4da3ee6a45ed89151b300344e-768x474.png 768w, http:\/\/www.ercancelik.com\/wp-content\/uploads\/2024\/09\/2f0577b4da3ee6a45ed89151b300344e-1536x947.png 1536w, http:\/\/www.ercancelik.com\/wp-content\/uploads\/2024\/09\/2f0577b4da3ee6a45ed89151b300344e-18x12.png 18w, http:\/\/www.ercancelik.com\/wp-content\/uploads\/2024\/09\/2f0577b4da3ee6a45ed89151b300344e-720x444.png 720w, http:\/\/www.ercancelik.com\/wp-content\/uploads\/2024\/09\/2f0577b4da3ee6a45ed89151b300344e-24x15.png 24w, http:\/\/www.ercancelik.com\/wp-content\/uploads\/2024\/09\/2f0577b4da3ee6a45ed89151b300344e-36x22.png 36w, http:\/\/www.ercancelik.com\/wp-content\/uploads\/2024\/09\/2f0577b4da3ee6a45ed89151b300344e-48x30.png 48w\" sizes=\"(max-width: 1560px) 100vw, 1560px\" \/>\t\t\t\t\t\t\t\t\t\t\t\t\t\t<\/figure>\n\t\t\t\n\t<\/div>\n<\/div>\n\n\t\t\t\t<\/div>\n\t\t\t\t<\/div>\n\t\t\t\t<div class=\"elementor-element elementor-element-7e60827 elementor-widget elementor-widget-mo-list-number\" data-id=\"7e60827\" data-element_type=\"widget\" data-e-type=\"widget\" data-widget_type=\"mo-list-number.default\">\n\t\t\t\t<div class=\"elementor-widget-container\">\n\t\t\t\t\t<div class=\"mo-element-mo-list-number mo-element\">\n   <div class=\"list-style list-style3\">\n      <ul class=\"list-style\">\n                     <li>\n               <h4 class=\"title\">Installation works of fuel pumping stations<\/h4>\n\t\t\t\t\t\t\n            <\/li>\n                     <li>\n               <h4 class=\"title\"> Installation of water pumping stations <\/h4>\n\t\t\t\t\t <div class=\"descrption\">\n<\/div> \t\n            <\/li>\n                     <li>\n               <h4 class=\"title\">Installation of the national marker systems<\/h4>\n\t\t\t\t\t <div class=\"descrption\">\n<\/div> \t\n            <\/li>\n                     <li>\n               <h4 class=\"title\"> Installation of additive systems <\/h4>\n\t\t\t\t\t <div class=\"descrption\">\n<\/div> \t\n            <\/li>\n                     <li>\n               <h4 class=\"title\">Installation of complete systems of filling islands<\/h4>\n\t\t\t\t\t <div class=\"descrption\">\n<\/div> \t\n            <\/li>\n                     <li>\n               <h4 class=\"title\">Mounting of boiler rooms<\/h4>\n\t\t\t\t\t <div class=\"descrption\">\n<\/div> \t\n            <\/li>\n                     <li>\n               <h4 class=\"title\">Pontoon mounting works for floating roof and closed-open systems <\/h4>\n\t\t\t\t\t <div class=\"descrption\">\n<\/div> \t\n            <\/li>\n                     <li>\n               <h4 class=\"title\">Manufacturing and mounting of hydrant, foam chambers, foam nozzles<\/h4>\n\t\t\t\t\t <div class=\"descrption\">\n<\/div> \t\n            <\/li>\n                     <li>\n               <h4 class=\"title\"> Treatment systems<\/h4>\n\t\t\t\t\t <div class=\"descrption\">\n<\/div> \t\n            <\/li>\n               <\/ul>  \n   <\/div>\n     \n\n     \n<\/div>\t\t\t\t<\/div>\n\t\t\t\t<\/div>\n\t\t\t\t\t<\/div>\n\t\t<\/div>\n\t\t\t\t<div class=\"elementor-column elementor-col-50 elementor-inner-column elementor-element elementor-element-99fabbb\" data-id=\"99fabbb\" data-element_type=\"column\" data-e-type=\"column\" data-settings=\"{&quot;background_background&quot;:&quot;classic&quot;}\">\n\t\t\t<div class=\"elementor-widget-wrap elementor-element-populated\">\n\t\t\t\t\t\t<div class=\"elementor-element elementor-element-11d6891 elementor-widget elementor-widget-heading\" data-id=\"11d6891\" data-element_type=\"widget\" data-e-type=\"widget\" data-widget_type=\"heading.default\">\n\t\t\t\t<div class=\"elementor-widget-container\">\n\t\t\t\t\t<h2 class=\"elementor-heading-title elementor-size-default\">Other Services<\/h2>\t\t\t\t<\/div>\n\t\t\t\t<\/div>\n\t\t\t\t<div class=\"elementor-element elementor-element-4f03d5e elementor-widget elementor-widget-mo-navigation-menu\" data-id=\"4f03d5e\" data-element_type=\"widget\" data-e-type=\"widget\" data-widget_type=\"mo-navigation-menu.default\">\n\t\t\t\t<div class=\"elementor-widget-container\">\n\t\t\t\t\t<div class=\"mo-element-mo-navigation-menu mo-element\">   <div class=\"mo-navigation-menu  menu-align-center\">\n      <div class=\"menu-company-container\"><ul id=\"menu-d044\" class=\"mo-nav-menu mo-main-menu\"><li id=\"menu-item-10994\" class=\"menu-item menu-item-type-post_type menu-item-object-page nomega-menu-item algleft menu-item-10994\"><a href=\"http:\/\/www.ercancelik.com\/en\/hizmetler\/proses-borulama-isleri\/\" data-hover=\"Proses Borulama \u0130\u015fleri\">Process Piping Works<\/a><\/li>\n<li id=\"menu-item-10990\" class=\"menu-item menu-item-type-post_type menu-item-object-page nomega-menu-item algleft menu-item-10990\"><a href=\"http:\/\/www.ercancelik.com\/en\/hizmetler\/endustriyel-depolama-tanklari\/\" data-hover=\"End\u00fcstriyel Depolama Tanklar\u0131\">Industrial Storage Tanks<\/a><\/li>\n<li id=\"menu-item-10991\" class=\"menu-item menu-item-type-post_type menu-item-object-page nomega-menu-item algleft menu-item-10991\"><a href=\"http:\/\/www.ercancelik.com\/en\/hizmetler\/endustriyel-ekipman-sistemleri\/\" data-hover=\"End\u00fcstriyel Ekipman Sistemleri\">Industrial Equipment Systems<\/a><\/li>\n<li id=\"menu-item-10989\" class=\"menu-item menu-item-type-post_type menu-item-object-page nomega-menu-item algleft menu-item-10989\"><a href=\"http:\/\/www.ercancelik.com\/en\/hizmetler\/celik-konstruksiyon-isleri\/\" data-hover=\"\u00c7elik Konstr\u00fcksiyon \u0130\u015fleri\">Steel Construction Works<\/a><\/li>\n<li id=\"menu-item-10992\" class=\"menu-item menu-item-type-post_type menu-item-object-page nomega-menu-item algleft menu-item-10992\"><a href=\"http:\/\/www.ercancelik.com\/en\/hizmetler\/insaat-isleri\/\" data-hover=\"\u0130n\u015faat \u0130\u015fleri\">Construction works<\/a><\/li>\n<li id=\"menu-item-10993\" class=\"menu-item menu-item-type-post_type menu-item-object-page nomega-menu-item algleft menu-item-10993\"><a href=\"http:\/\/www.ercancelik.com\/en\/hizmetler\/muhendislik-ve-tasarim\/\" data-hover=\"M\u00fchendislik ve Tasar\u0131m\">Engineering and Design<\/a><\/li>\n<\/ul><\/div>   <\/div><\/div>\t\t\t\t<\/div>\n\t\t\t\t<\/div>\n\t\t\t\t\t<\/div>\n\t\t<\/div>\n\t\t\t\t\t<\/div>\n\t\t<\/section>\n\t\t\t\t\t<\/div>\n\t\t<\/div>\n\t\t\t\t\t<\/div>\n\t\t<\/section>\n\t\t\t\t<\/div>","protected":false},"excerpt":{"rendered":"<p>Akaryak\u0131t pompa istasyonlar\u0131n\u0131n kurulum i\u015fleri Su pompa istasyonlar\u0131n\u0131n kurulumu Ulusal marker sistemlerinin kurulumu Kat\u0131k sistemlerinin kurulumu Dolum adalar\u0131n\u0131n komple sistemlerinin kurulumu Kazan dairelerinin montaj\u0131 Y\u00fczer tavan ve kapal\u0131 a\u00e7\u0131k sistemlere \u015famand\u0131ra montaj i\u015fleri Hidrant, k\u00f6p\u00fck odalar\u0131, k\u00f6p\u00fck nozullar\u0131 imalat ve montaj i\u015fleri Ar\u0131tma sistemleri Di\u011fer Hizmetler Proses Borulama \u0130\u015fleri End\u00fcstriyel Depolama Tanklar\u0131 End\u00fcstriyel Ekipman Sistemleri [&hellip;]<\/p>\n","protected":false},"author":1,"featured_media":0,"parent":620,"menu_order":0,"comment_status":"closed","ping_status":"closed","template":"","meta":{"footnotes":""},"class_list":["post-9443","page","type-page","status-publish","hentry"],"_links":{"self":[{"href":"http:\/\/www.ercancelik.com\/en\/wp-json\/wp\/v2\/pages\/9443","targetHints":{"allow":["GET"]}}],"collection":[{"href":"http:\/\/www.ercancelik.com\/en\/wp-json\/wp\/v2\/pages"}],"about":[{"href":"http:\/\/www.ercancelik.com\/en\/wp-json\/wp\/v2\/types\/page"}],"author":[{"embeddable":true,"href":"http:\/\/www.ercancelik.com\/en\/wp-json\/wp\/v2\/users\/1"}],"replies":[{"embeddable":true,"href":"http:\/\/www.ercancelik.com\/en\/wp-json\/wp\/v2\/comments?post=9443"}],"version-history":[{"count":172,"href":"http:\/\/www.ercancelik.com\/en\/wp-json\/wp\/v2\/pages\/9443\/revisions"}],"predecessor-version":[{"id":12767,"href":"http:\/\/www.ercancelik.com\/en\/wp-json\/wp\/v2\/pages\/9443\/revisions\/12767"}],"up":[{"embeddable":true,"href":"http:\/\/www.ercancelik.com\/en\/wp-json\/wp\/v2\/pages\/620"}],"wp:attachment":[{"href":"http:\/\/www.ercancelik.com\/en\/wp-json\/wp\/v2\/media?parent=9443"}],"curies":[{"name":"wp","href":"https:\/\/api.w.org\/{rel}","templated":true}]}}