{"id":9458,"date":"2024-07-16T14:25:11","date_gmt":"2024-07-16T11:25:11","guid":{"rendered":"http:\/\/www.ercancelik.com\/?page_id=9458"},"modified":"2024-10-15T09:54:34","modified_gmt":"2024-10-15T06:54:34","slug":"muhendislik-ve-tasarim","status":"publish","type":"page","link":"http:\/\/www.ercancelik.com\/en\/hizmetler\/muhendislik-ve-tasarim\/","title":{"rendered":"Engineering and Design"},"content":{"rendered":"<div data-elementor-type=\"wp-page\" data-elementor-id=\"9458\" class=\"elementor elementor-9458\" data-elementor-post-type=\"page\">\n\t\t\t\t\t\t<section class=\"elementor-section elementor-top-section elementor-element elementor-element-17df8b5 elementor-section-boxed elementor-section-height-default elementor-section-height-default\" data-id=\"17df8b5\" data-element_type=\"section\" data-e-type=\"section\">\n\t\t\t\t\t\t<div class=\"elementor-container elementor-column-gap-default\">\n\t\t\t\t\t<div class=\"elementor-column elementor-col-100 elementor-top-column elementor-element elementor-element-64ea887\" data-id=\"64ea887\" data-element_type=\"column\" data-e-type=\"column\">\n\t\t\t<div class=\"elementor-widget-wrap elementor-element-populated\">\n\t\t\t\t\t\t<section class=\"elementor-section elementor-inner-section elementor-element elementor-element-66143e2 elementor-section-boxed elementor-section-height-default elementor-section-height-default\" data-id=\"66143e2\" data-element_type=\"section\" data-e-type=\"section\">\n\t\t\t\t\t\t<div class=\"elementor-container elementor-column-gap-default\">\n\t\t\t\t\t<div class=\"elementor-column elementor-col-50 elementor-inner-column elementor-element elementor-element-a149234\" data-id=\"a149234\" data-element_type=\"column\" data-e-type=\"column\">\n\t\t\t<div class=\"elementor-widget-wrap elementor-element-populated\">\n\t\t\t\t\t\t<div class=\"elementor-element elementor-element-82b7708 elementor-widget__width-initial elementor-widget elementor-widget-mo-image\" data-id=\"82b7708\" data-element_type=\"widget\" data-e-type=\"widget\" data-widget_type=\"mo-image.default\">\n\t\t\t\t<div class=\"elementor-widget-container\">\n\t\t\t\t\t\n<div class=\"mo-img-fancy\"   >\n\t\t<div class=\"mo-img-fancy-container align-items-center\">\n\t\t\t\t<figure   >\n\t\t\t<img fetchpriority=\"high\" decoding=\"async\" width=\"1699\" height=\"1002\" src=\"http:\/\/www.ercancelik.com\/wp-content\/uploads\/2024\/09\/d39b52b068dd5e62b52d56671f7020b0.jpg\" class=\"attachment-full size-full wp-image-11476\" alt=\"\" srcset=\"http:\/\/www.ercancelik.com\/wp-content\/uploads\/2024\/09\/d39b52b068dd5e62b52d56671f7020b0.jpg 1699w, http:\/\/www.ercancelik.com\/wp-content\/uploads\/2024\/09\/d39b52b068dd5e62b52d56671f7020b0-300x177.jpg 300w, http:\/\/www.ercancelik.com\/wp-content\/uploads\/2024\/09\/d39b52b068dd5e62b52d56671f7020b0-1024x604.jpg 1024w, http:\/\/www.ercancelik.com\/wp-content\/uploads\/2024\/09\/d39b52b068dd5e62b52d56671f7020b0-768x453.jpg 768w, http:\/\/www.ercancelik.com\/wp-content\/uploads\/2024\/09\/d39b52b068dd5e62b52d56671f7020b0-1536x906.jpg 1536w, http:\/\/www.ercancelik.com\/wp-content\/uploads\/2024\/09\/d39b52b068dd5e62b52d56671f7020b0-18x12.jpg 18w, http:\/\/www.ercancelik.com\/wp-content\/uploads\/2024\/09\/d39b52b068dd5e62b52d56671f7020b0-720x425.jpg 720w, http:\/\/www.ercancelik.com\/wp-content\/uploads\/2024\/09\/d39b52b068dd5e62b52d56671f7020b0-24x14.jpg 24w, http:\/\/www.ercancelik.com\/wp-content\/uploads\/2024\/09\/d39b52b068dd5e62b52d56671f7020b0-36x21.jpg 36w, http:\/\/www.ercancelik.com\/wp-content\/uploads\/2024\/09\/d39b52b068dd5e62b52d56671f7020b0-48x28.jpg 48w\" sizes=\"(max-width: 1699px) 100vw, 1699px\" \/>\t\t\t\t\t\t\t\t\t\t\t\t\t\t<\/figure>\n\t\t\t\n\t<\/div>\n<\/div>\n\n\t\t\t\t<\/div>\n\t\t\t\t<\/div>\n\t\t\t\t<div class=\"elementor-element elementor-element-7e60827 elementor-widget elementor-widget-mo-list-number\" data-id=\"7e60827\" data-element_type=\"widget\" data-e-type=\"widget\" data-widget_type=\"mo-list-number.default\">\n\t\t\t\t<div class=\"elementor-widget-container\">\n\t\t\t\t\t<div class=\"mo-element-mo-list-number mo-element\">\n   <div class=\"list-style list-style3\">\n      <ul class=\"list-style\">\n                     <li>\n               <h4 class=\"title\">Engineering Services <\/h4>\n\t\t\t\t\t\t\n            <\/li>\n                     <li>\n               <h4 class=\"title\">Project Management <\/h4>\n\t\t\t\t\t <div class=\"descrption\">\n<\/div> \t\n            <\/li>\n                     <li>\n               <h4 class=\"title\">Project Design<\/h4>\n\t\t\t\t\t <div class=\"descrption\">\n<\/div> \t\n            <\/li>\n                     <li>\n               <h4 class=\"title\"> FEED Services<\/h4>\n\t\t\t\t\t <div class=\"descrption\">\n<\/div> \t\n            <\/li>\n               <\/ul>  \n   <\/div>\n     \n\n     \n<\/div>\t\t\t\t<\/div>\n\t\t\t\t<\/div>\n\t\t\t\t\t<\/div>\n\t\t<\/div>\n\t\t\t\t<div class=\"elementor-column elementor-col-50 elementor-inner-column elementor-element elementor-element-96c38b9\" data-id=\"96c38b9\" data-element_type=\"column\" data-e-type=\"column\">\n\t\t\t<div class=\"elementor-widget-wrap elementor-element-populated\">\n\t\t\t\t\t\t<div class=\"elementor-element elementor-element-f4c0170 elementor-widget elementor-widget-heading\" data-id=\"f4c0170\" data-element_type=\"widget\" data-e-type=\"widget\" data-widget_type=\"heading.default\">\n\t\t\t\t<div class=\"elementor-widget-container\">\n\t\t\t\t\t<h2 class=\"elementor-heading-title elementor-size-default\">Other Services<\/h2>\t\t\t\t<\/div>\n\t\t\t\t<\/div>\n\t\t\t\t<div class=\"elementor-element elementor-element-70d2f64 elementor-widget elementor-widget-mo-navigation-menu\" data-id=\"70d2f64\" data-element_type=\"widget\" data-e-type=\"widget\" data-widget_type=\"mo-navigation-menu.default\">\n\t\t\t\t<div class=\"elementor-widget-container\">\n\t\t\t\t\t<div class=\"mo-element-mo-navigation-menu mo-element\">   <div class=\"mo-navigation-menu  menu-align-center\">\n      <div class=\"menu-company-container\"><ul id=\"menu-xrg4\" class=\"mo-nav-menu mo-main-menu\"><li id=\"menu-item-10994\" class=\"menu-item menu-item-type-post_type menu-item-object-page nomega-menu-item algleft menu-item-10994\"><a href=\"http:\/\/www.ercancelik.com\/en\/hizmetler\/proses-borulama-isleri\/\" data-hover=\"Proses Borulama \u0130\u015fleri\">Process Piping Works<\/a><\/li>\n<li id=\"menu-item-10990\" class=\"menu-item menu-item-type-post_type menu-item-object-page nomega-menu-item algleft menu-item-10990\"><a href=\"http:\/\/www.ercancelik.com\/en\/hizmetler\/endustriyel-depolama-tanklari\/\" data-hover=\"End\u00fcstriyel Depolama Tanklar\u0131\">Industrial Storage Tanks<\/a><\/li>\n<li id=\"menu-item-10991\" class=\"menu-item menu-item-type-post_type menu-item-object-page nomega-menu-item algleft menu-item-10991\"><a href=\"http:\/\/www.ercancelik.com\/en\/hizmetler\/endustriyel-ekipman-sistemleri\/\" data-hover=\"End\u00fcstriyel Ekipman Sistemleri\">Industrial Equipment Systems<\/a><\/li>\n<li id=\"menu-item-10989\" class=\"menu-item menu-item-type-post_type menu-item-object-page nomega-menu-item algleft menu-item-10989\"><a href=\"http:\/\/www.ercancelik.com\/en\/hizmetler\/celik-konstruksiyon-isleri\/\" data-hover=\"\u00c7elik Konstr\u00fcksiyon \u0130\u015fleri\">Steel Construction Works<\/a><\/li>\n<li id=\"menu-item-10992\" class=\"menu-item menu-item-type-post_type menu-item-object-page nomega-menu-item algleft menu-item-10992\"><a href=\"http:\/\/www.ercancelik.com\/en\/hizmetler\/insaat-isleri\/\" data-hover=\"\u0130n\u015faat \u0130\u015fleri\">Construction works<\/a><\/li>\n<li id=\"menu-item-10993\" class=\"menu-item menu-item-type-post_type menu-item-object-page nomega-menu-item algleft menu-item-10993\"><a href=\"http:\/\/www.ercancelik.com\/en\/hizmetler\/muhendislik-ve-tasarim\/\" data-hover=\"M\u00fchendislik ve Tasar\u0131m\">Engineering and Design<\/a><\/li>\n<\/ul><\/div>   <\/div><\/div>\t\t\t\t<\/div>\n\t\t\t\t<\/div>\n\t\t\t\t\t<\/div>\n\t\t<\/div>\n\t\t\t\t\t<\/div>\n\t\t<\/section>\n\t\t\t\t\t<\/div>\n\t\t<\/div>\n\t\t\t\t\t<\/div>\n\t\t<\/section>\n\t\t\t\t<\/div>","protected":false},"excerpt":{"rendered":"<p>M\u00fchendislik Hizmetleri Proje Y\u00f6netimi Proje Tasar\u0131m\u0131 FEED Hizmetleri Di\u011fer Hizmetler Proses Borulama \u0130\u015fleri End\u00fcstriyel Depolama Tanklar\u0131 End\u00fcstriyel Ekipman Sistemleri \u00c7elik Konstr\u00fcksiyon \u0130\u015fleri \u0130n\u015faat \u0130\u015fleri M\u00fchendislik ve Tasar\u0131m<\/p>","protected":false},"author":1,"featured_media":0,"parent":620,"menu_order":0,"comment_status":"closed","ping_status":"closed","template":"","meta":{"footnotes":""},"class_list":["post-9458","page","type-page","status-publish","hentry"],"_links":{"self":[{"href":"http:\/\/www.ercancelik.com\/en\/wp-json\/wp\/v2\/pages\/9458","targetHints":{"allow":["GET"]}}],"collection":[{"href":"http:\/\/www.ercancelik.com\/en\/wp-json\/wp\/v2\/pages"}],"about":[{"href":"http:\/\/www.ercancelik.com\/en\/wp-json\/wp\/v2\/types\/page"}],"author":[{"embeddable":true,"href":"http:\/\/www.ercancelik.com\/en\/wp-json\/wp\/v2\/users\/1"}],"replies":[{"embeddable":true,"href":"http:\/\/www.ercancelik.com\/en\/wp-json\/wp\/v2\/comments?post=9458"}],"version-history":[{"count":52,"href":"http:\/\/www.ercancelik.com\/en\/wp-json\/wp\/v2\/pages\/9458\/revisions"}],"predecessor-version":[{"id":12776,"href":"http:\/\/www.ercancelik.com\/en\/wp-json\/wp\/v2\/pages\/9458\/revisions\/12776"}],"up":[{"embeddable":true,"href":"http:\/\/www.ercancelik.com\/en\/wp-json\/wp\/v2\/pages\/620"}],"wp:attachment":[{"href":"http:\/\/www.ercancelik.com\/en\/wp-json\/wp\/v2\/media?parent=9458"}],"curies":[{"name":"wp","href":"https:\/\/api.w.org\/{rel}","templated":true}]}}