{"id":9497,"date":"2024-07-16T15:25:37","date_gmt":"2024-07-16T12:25:37","guid":{"rendered":"http:\/\/www.ercancelik.com\/?page_id=9497"},"modified":"2024-10-02T09:09:35","modified_gmt":"2024-10-02T06:09:35","slug":"kalite-ve-cevre-politikamiz","status":"publish","type":"page","link":"http:\/\/www.ercancelik.com\/en\/kalite-ve-cevre-politikamiz\/","title":{"rendered":"Quality and Environmental Policy"},"content":{"rendered":"<div data-elementor-type=\"wp-page\" data-elementor-id=\"9497\" class=\"elementor elementor-9497\" data-elementor-post-type=\"page\">\n\t\t\t\t\t\t<section class=\"elementor-section elementor-top-section elementor-element elementor-element-07d6550 elementor-section-boxed elementor-section-height-default elementor-section-height-default\" data-id=\"07d6550\" data-element_type=\"section\" data-e-type=\"section\">\n\t\t\t\t\t\t<div class=\"elementor-container elementor-column-gap-default\">\n\t\t\t\t\t<div class=\"elementor-column elementor-col-100 elementor-top-column elementor-element elementor-element-3357ecf\" data-id=\"3357ecf\" data-element_type=\"column\" data-e-type=\"column\">\n\t\t\t<div class=\"elementor-widget-wrap elementor-element-populated\">\n\t\t\t\t\t\t<section class=\"elementor-section elementor-inner-section elementor-element elementor-element-99e47b5 elementor-section-boxed elementor-section-height-default elementor-section-height-default\" data-id=\"99e47b5\" data-element_type=\"section\" data-e-type=\"section\">\n\t\t\t\t\t\t<div class=\"elementor-container elementor-column-gap-default\">\n\t\t\t\t\t<div class=\"elementor-column elementor-col-50 elementor-inner-column elementor-element elementor-element-454432b elementor-hidden-mobile\" data-id=\"454432b\" data-element_type=\"column\" data-e-type=\"column\">\n\t\t\t<div class=\"elementor-widget-wrap elementor-element-populated\">\n\t\t\t\t\t\t<div class=\"elementor-element elementor-element-f7b1a8a elementor-widget elementor-widget-mo-image\" data-id=\"f7b1a8a\" data-element_type=\"widget\" data-e-type=\"widget\" data-widget_type=\"mo-image.default\">\n\t\t\t\t<div class=\"elementor-widget-container\">\n\t\t\t\t\t\n<div class=\"mo-img-fancy\"   >\n\t\t<div class=\"mo-img-fancy-container align-items-center\">\n\t\t\t\t<figure   >\n\t\t\t<img fetchpriority=\"high\" decoding=\"async\" width=\"782\" height=\"720\" src=\"http:\/\/www.ercancelik.com\/wp-content\/uploads\/2024\/07\/88ff1b461f9e113d512d89af06ad9080.png\" class=\"attachment-full size-full wp-image-9708\" alt=\"\" srcset=\"http:\/\/www.ercancelik.com\/wp-content\/uploads\/2024\/07\/88ff1b461f9e113d512d89af06ad9080.png 782w, http:\/\/www.ercancelik.com\/wp-content\/uploads\/2024\/07\/88ff1b461f9e113d512d89af06ad9080-300x276.png 300w, http:\/\/www.ercancelik.com\/wp-content\/uploads\/2024\/07\/88ff1b461f9e113d512d89af06ad9080-768x707.png 768w, http:\/\/www.ercancelik.com\/wp-content\/uploads\/2024\/07\/88ff1b461f9e113d512d89af06ad9080-13x12.png 13w, http:\/\/www.ercancelik.com\/wp-content\/uploads\/2024\/07\/88ff1b461f9e113d512d89af06ad9080-720x663.png 720w, http:\/\/www.ercancelik.com\/wp-content\/uploads\/2024\/07\/88ff1b461f9e113d512d89af06ad9080-24x22.png 24w, http:\/\/www.ercancelik.com\/wp-content\/uploads\/2024\/07\/88ff1b461f9e113d512d89af06ad9080-36x33.png 36w, http:\/\/www.ercancelik.com\/wp-content\/uploads\/2024\/07\/88ff1b461f9e113d512d89af06ad9080-48x44.png 48w\" sizes=\"(max-width: 782px) 100vw, 782px\" \/>\t\t\t\t\t\t\t\t\t\t\t\t\t\t<\/figure>\n\t\t\t\n\t<\/div>\n<\/div>\n\n\t\t\t\t<\/div>\n\t\t\t\t<\/div>\n\t\t\t\t\t<\/div>\n\t\t<\/div>\n\t\t\t\t<div class=\"elementor-column elementor-col-50 elementor-inner-column elementor-element elementor-element-4cc5e6b\" data-id=\"4cc5e6b\" data-element_type=\"column\" data-e-type=\"column\">\n\t\t\t<div class=\"elementor-widget-wrap elementor-element-populated\">\n\t\t\t\t\t\t<div class=\"elementor-element elementor-element-f3b14c9 elementor-widget elementor-widget-mo-heading-block\" data-id=\"f3b14c9\" data-element_type=\"widget\" data-e-type=\"widget\" data-widget_type=\"mo-heading-block.default\">\n\t\t\t\t<div class=\"elementor-widget-container\">\n\t\t\t\t\t<div class=\"mo-element-mo-heading-block mo-element\">   <div class=\"mo-title-box title-box-style-3 text-left\">\n      <div class=\"content-inner\">\n                     <h5 class=\"sub-title\" data-title=\"Ercan Celik \"><span>Ercan Celik <\/span><\/h5>\n           \n                     <h3 class=\"title\">Quality and Environmental Policy<\/h3>\n                        <\/div>\n   <\/div>\n   <div class=\"clearfix\"><\/div><\/div>\t\t\t\t<\/div>\n\t\t\t\t<\/div>\n\t\t\t\t<div class=\"elementor-element elementor-element-bc48160 elementor-widget elementor-widget-mo-list-number\" data-id=\"bc48160\" data-element_type=\"widget\" data-e-type=\"widget\" data-widget_type=\"mo-list-number.default\">\n\t\t\t\t<div class=\"elementor-widget-container\">\n\t\t\t\t\t<div class=\"mo-element-mo-list-number mo-element\">\n   <div class=\"list-style list-style3\">\n      <ul class=\"list-style\">\n                     <li>\n               <h4 class=\"title\">Directing our quality policy according to the information taken from our customers by providing coordination with out customers on operating and maintenance issues after our executed projects.<\/h4>\n\t\t\t\t\t\t\n            <\/li>\n                     <li>\n               <h4 class=\"title\">Providing the best working conditions o our workers and supporting constant development and education.<\/h4>\n\t\t\t\t\t <div class=\"descrption\">\n<\/div> \t\n            <\/li>\n                     <li>\n               <h4 class=\"title\">Being a leader institution in its sector with regard to technology and quality.<\/h4>\n\t\t\t\t\t <div class=\"descrption\">\n<\/div> \t\n            <\/li>\n                     <li>\n               <h4 class=\"title\">Recognizing Total Quality Management as a living condition and fulfilling all of its requirements.<\/h4>\n\t\t\t\t\t <div class=\"descrption\">\n<\/div> \t\n            <\/li>\n                     <li>\n               <h4 class=\"title\">We acknowledge and undertake to obey all conditions requested by laws, regulations, customers and ISO 9001:2008.<\/h4>\n\t\t\t\t\t <div class=\"descrption\">\n<\/div> \t\n            <\/li>\n               <\/ul>  \n   <\/div>\n     \n\n     \n<\/div>\t\t\t\t<\/div>\n\t\t\t\t<\/div>\n\t\t\t\t\t<\/div>\n\t\t<\/div>\n\t\t\t\t\t<\/div>\n\t\t<\/section>\n\t\t\t\t<section class=\"elementor-section elementor-inner-section elementor-element elementor-element-e4dea49 elementor-section-boxed elementor-section-height-default elementor-section-height-default\" data-id=\"e4dea49\" data-element_type=\"section\" data-e-type=\"section\">\n\t\t\t\t\t\t<div class=\"elementor-container elementor-column-gap-default\">\n\t\t\t\t\t<div class=\"elementor-column elementor-col-50 elementor-inner-column elementor-element elementor-element-f3d8d9e\" data-id=\"f3d8d9e\" data-element_type=\"column\" data-e-type=\"column\">\n\t\t\t<div class=\"elementor-widget-wrap elementor-element-populated\">\n\t\t\t\t\t\t<div class=\"elementor-element elementor-element-1f9710d elementor-widget elementor-widget-mo-list-number\" data-id=\"1f9710d\" data-element_type=\"widget\" data-e-type=\"widget\" data-widget_type=\"mo-list-number.default\">\n\t\t\t\t<div class=\"elementor-widget-container\">\n\t\t\t\t\t<div class=\"mo-element-mo-list-number mo-element\">\n   <div class=\"list-style list-style3\">\n      <ul class=\"list-style\">\n                     <li>\n               <h4 class=\"title\">\u00c7evre ile ilgili yay\u0131nlar\u0131 izleyerek, mevcut kanun ve y\u00f6netmeliklere uyar.<\/h4>\n\t\t\t\t\t\t\n            <\/li>\n                     <li>\n               <h4 class=\"title\">Controls the environmental pollution by minimizing it with environmental management system.<\/h4>\n\t\t\t\t\t <div class=\"descrption\">\n<\/div> \t\n            <\/li>\n                     <li>\n               <h4 class=\"title\">Undertakes to develope environmental performance constanly.<\/h4>\n\t\t\t\t\t <div class=\"descrption\">\n<\/div> \t\n            <\/li>\n                     <li>\n               <h4 class=\"title\">Uses methods reducing consumption of natural sources.<\/h4>\n\t\t\t\t\t <div class=\"descrption\">\n<\/div> \t\n            <\/li>\n                     <li>\n               <h4 class=\"title\">Concentrates on re-using and re-cycling\/re-evaluating processes.<\/h4>\n\t\t\t\t\t <div class=\"descrption\">\n<\/div> \t\n            <\/li>\n                     <li>\n               <h4 class=\"title\">Obeys ISO 14001 environmental policy in every condition.<\/h4>\n\t\t\t\t\t <div class=\"descrption\">\n<\/div> \t\n            <\/li>\n                     <li>\n               <h4 class=\"title\">Complies with all requirements of ISO 45001 occupational health and safety management systems.<\/h4>\n\t\t\t\t\t <div class=\"descrption\">\n<\/div> \t\n            <\/li>\n               <\/ul>  \n   <\/div>\n     \n\n     \n<\/div>\t\t\t\t<\/div>\n\t\t\t\t<\/div>\n\t\t\t\t\t<\/div>\n\t\t<\/div>\n\t\t\t\t<div class=\"elementor-column elementor-col-50 elementor-inner-column elementor-element elementor-element-f3fb8a4 elementor-hidden-mobile\" data-id=\"f3fb8a4\" data-element_type=\"column\" data-e-type=\"column\">\n\t\t\t<div class=\"elementor-widget-wrap elementor-element-populated\">\n\t\t\t\t\t\t<div class=\"elementor-element elementor-element-b47913e elementor-widget elementor-widget-mo-image\" data-id=\"b47913e\" data-element_type=\"widget\" data-e-type=\"widget\" data-widget_type=\"mo-image.default\">\n\t\t\t\t<div class=\"elementor-widget-container\">\n\t\t\t\t\t\n<div class=\"mo-img-fancy\"   >\n\t\t<div class=\"mo-img-fancy-container align-items-center\">\n\t\t\t\t<figure   >\n\t\t\t<img decoding=\"async\" width=\"690\" height=\"388\" src=\"http:\/\/www.ercancelik.com\/wp-content\/uploads\/2024\/07\/ercan-celik-hakkimizda-ofis-ici-gorseller04-1.jpg\" class=\"attachment-full size-full wp-image-9809\" alt=\"\" srcset=\"http:\/\/www.ercancelik.com\/wp-content\/uploads\/2024\/07\/ercan-celik-hakkimizda-ofis-ici-gorseller04-1.jpg 690w, http:\/\/www.ercancelik.com\/wp-content\/uploads\/2024\/07\/ercan-celik-hakkimizda-ofis-ici-gorseller04-1-300x169.jpg 300w, http:\/\/www.ercancelik.com\/wp-content\/uploads\/2024\/07\/ercan-celik-hakkimizda-ofis-ici-gorseller04-1-18x10.jpg 18w, http:\/\/www.ercancelik.com\/wp-content\/uploads\/2024\/07\/ercan-celik-hakkimizda-ofis-ici-gorseller04-1-24x13.jpg 24w, http:\/\/www.ercancelik.com\/wp-content\/uploads\/2024\/07\/ercan-celik-hakkimizda-ofis-ici-gorseller04-1-36x20.jpg 36w, http:\/\/www.ercancelik.com\/wp-content\/uploads\/2024\/07\/ercan-celik-hakkimizda-ofis-ici-gorseller04-1-48x27.jpg 48w\" sizes=\"(max-width: 690px) 100vw, 690px\" \/>\t\t\t\t\t\t\t\t\t\t\t\t\t\t<\/figure>\n\t\t\t\n\t<\/div>\n<\/div>\n\n\t\t\t\t<\/div>\n\t\t\t\t<\/div>\n\t\t\t\t\t<\/div>\n\t\t<\/div>\n\t\t\t\t\t<\/div>\n\t\t<\/section>\n\t\t\t\t\t<\/div>\n\t\t<\/div>\n\t\t\t\t\t<\/div>\n\t\t<\/section>\n\t\t\t\t<\/div>","protected":false},"excerpt":{"rendered":"<p>Ercan Celik Kalite ve \u00c7evre Politikam\u0131z Ger\u00e7ekle\u015ftirdi\u011fimiz projeler sonras\u0131nda, kullan\u0131m ve bak\u0131m konular\u0131nda, m\u00fc\u015fterilerimizle i\u015f birli\u011fini sa\u011flayarak, m\u00fc\u015fterilerimizden gelecek bilgiler do\u011frultusunda kalite politikam\u0131za y\u00f6n vermek. \u00c7al\u0131\u015fanlar\u0131m\u0131za en iyi \u00e7al\u0131\u015fma ortam\u0131n\u0131 sa\u011flamak, s\u00fcrekli geli\u015fmeyi ve \u00f6\u011frenmeyi desteklemek. Teknoloji ve kalite a\u00e7\u0131s\u0131ndan sekt\u00f6r\u00fcnde lider bir kurulu\u015f olmak. Toplam kalite y\u00f6netimini ya\u015fam \u015fart\u0131 olarak benimsemek ve gereklerini yerine [&hellip;]<\/p>\n","protected":false},"author":1,"featured_media":0,"parent":0,"menu_order":0,"comment_status":"closed","ping_status":"closed","template":"","meta":{"footnotes":""},"class_list":["post-9497","page","type-page","status-publish","hentry"],"_links":{"self":[{"href":"http:\/\/www.ercancelik.com\/en\/wp-json\/wp\/v2\/pages\/9497","targetHints":{"allow":["GET"]}}],"collection":[{"href":"http:\/\/www.ercancelik.com\/en\/wp-json\/wp\/v2\/pages"}],"about":[{"href":"http:\/\/www.ercancelik.com\/en\/wp-json\/wp\/v2\/types\/page"}],"author":[{"embeddable":true,"href":"http:\/\/www.ercancelik.com\/en\/wp-json\/wp\/v2\/users\/1"}],"replies":[{"embeddable":true,"href":"http:\/\/www.ercancelik.com\/en\/wp-json\/wp\/v2\/comments?post=9497"}],"version-history":[{"count":16,"href":"http:\/\/www.ercancelik.com\/en\/wp-json\/wp\/v2\/pages\/9497\/revisions"}],"predecessor-version":[{"id":11742,"href":"http:\/\/www.ercancelik.com\/en\/wp-json\/wp\/v2\/pages\/9497\/revisions\/11742"}],"wp:attachment":[{"href":"http:\/\/www.ercancelik.com\/en\/wp-json\/wp\/v2\/media?parent=9497"}],"curies":[{"name":"wp","href":"https:\/\/api.w.org\/{rel}","templated":true}]}}