{"id":9590,"date":"2024-07-22T08:53:33","date_gmt":"2024-07-22T05:53:33","guid":{"rendered":"http:\/\/www.ercancelik.com\/?page_id=9590"},"modified":"2024-10-24T09:22:41","modified_gmt":"2024-10-24T06:22:41","slug":"insan-kaynaklari","status":"publish","type":"page","link":"http:\/\/www.ercancelik.com\/en\/insan-kaynaklari\/","title":{"rendered":"Human Resources"},"content":{"rendered":"<div data-elementor-type=\"wp-page\" data-elementor-id=\"9590\" class=\"elementor elementor-9590\" data-elementor-post-type=\"page\">\n\t\t\t\t<div class=\"elementor-element elementor-element-a0dcc27 e-con-full e-flex e-con e-parent\" data-id=\"a0dcc27\" data-element_type=\"container\" data-e-type=\"container\" data-settings=\"{&quot;background_background&quot;:&quot;classic&quot;}\">\n\t\t<div class=\"elementor-element elementor-element-329640d e-con-full e-flex e-con e-child\" data-id=\"329640d\" data-element_type=\"container\" data-e-type=\"container\">\n\t\t\t\t<div class=\"elementor-element elementor-element-1ece131 elementor-widget elementor-widget-mo-heading-block\" data-id=\"1ece131\" data-element_type=\"widget\" data-e-type=\"widget\" data-widget_type=\"mo-heading-block.default\">\n\t\t\t\t<div class=\"elementor-widget-container\">\n\t\t\t\t\t<div class=\"mo-element-mo-heading-block mo-element\">   <div class=\"mo-title-box title-box-style-3 text-left\">\n      <div class=\"content-inner\">\n                     <h5 class=\"sub-title\" data-title=\"\u0130nsan Kaynaklar\u0131\"><span>Human Resources<\/span><\/h5>\n           \n                     <h3 class=\"title\">Shape Your Future, Join Our Team!<\/h3>\n                              <div class=\"title-desc\">To send your CV to our human resources and join our team, you can send us your detailed CV with the form.<\/div>\n               <\/div>\n   <\/div>\n   <div class=\"clearfix\"><\/div><\/div>\t\t\t\t<\/div>\n\t\t\t\t<\/div>\n\t\t\t\t<div class=\"elementor-element elementor-element-64e8cbe elementor-widget elementor-widget-text-editor\" data-id=\"64e8cbe\" data-element_type=\"widget\" data-e-type=\"widget\" data-widget_type=\"text-editor.default\">\n\t\t\t\t<div class=\"elementor-widget-container\">\n\t\t\t\t\t\t\t\t\t<p>\n<div class=\"wpcf7 no-js\" id=\"wpcf7-f103-o1\" lang=\"en-US\" dir=\"ltr\" data-wpcf7-id=\"103\">\n<div class=\"screen-reader-response\"><p role=\"status\" aria-live=\"polite\" aria-atomic=\"true\"><\/p> <ul><\/ul><\/div>\n<form action=\"\/en\/wp-json\/wp\/v2\/pages\/9590#wpcf7-f103-o1\" method=\"post\" class=\"wpcf7-form init\" aria-label=\"Contact form\" enctype=\"multipart\/form-data\" novalidate=\"novalidate\" data-status=\"init\" data-trp-original-action=\"\/en\/wp-json\/wp\/v2\/pages\/9590#wpcf7-f103-o1\">\n<fieldset class=\"hidden-fields-container\"><input type=\"hidden\" name=\"_wpcf7\" value=\"103\" \/><input type=\"hidden\" name=\"_wpcf7_version\" value=\"6.1.5\" \/><input type=\"hidden\" name=\"_wpcf7_locale\" value=\"en_US\" \/><input type=\"hidden\" name=\"_wpcf7_unit_tag\" value=\"wpcf7-f103-o1\" \/><input type=\"hidden\" name=\"_wpcf7_container_post\" value=\"0\" \/><input type=\"hidden\" name=\"_wpcf7_posted_data_hash\" value=\"\" \/>\n<\/fieldset>\n<div class=\"row\">\n\t<div class=\"col-sm-6 input no-margin-bottom\">\n\t\t<p><span class=\"wpcf7-form-control-wrap\" data-name=\"your-name\"><input size=\"40\" maxlength=\"400\" class=\"wpcf7-form-control wpcf7-text wpcf7-validates-as-required input_field_line\" aria-required=\"true\" aria-invalid=\"false\" placeholder=\"Your Name *\" value=\"\" type=\"text\" name=\"your-name\" \/><\/span>\n\t\t<\/p>\n\t<\/div>\n\t<div class=\"col-sm-6 input no-margin-bottom\">\n\t\t<p><span class=\"wpcf7-form-control-wrap\" data-name=\"your-email\"><input size=\"40\" maxlength=\"400\" class=\"wpcf7-form-control wpcf7-email wpcf7-validates-as-required wpcf7-text wpcf7-validates-as-email input_field_line\" aria-required=\"true\" aria-invalid=\"false\" placeholder=\"E-Mail *\" value=\"\" type=\"email\" name=\"your-email\" \/><\/span>\n\t\t<\/p>\n\t<\/div>\n<\/div>\n<div class=\"row\">\n\t<div class=\"col-sm-6 input no-margin-bottom\">\n\t\t<p><span class=\"wpcf7-form-control-wrap\" data-name=\"your-subject\"><input size=\"40\" maxlength=\"400\" class=\"wpcf7-form-control wpcf7-text input_field_line\" aria-invalid=\"false\" placeholder=\"Position you are applying for\" value=\"\" type=\"text\" name=\"your-subject\" \/><\/span>\n\t\t<\/p>\n\t<\/div>\n\t<div class=\"col-sm-6 input no-margin-bottom\">\n\t\t<p><span class=\"wpcf7-form-control-wrap\" data-name=\"your-phone\"><input size=\"40\" maxlength=\"400\" class=\"wpcf7-form-control wpcf7-text input_field_line\" aria-invalid=\"false\" placeholder=\"Phone\" value=\"\" type=\"text\" name=\"your-phone\" \/><\/span>\n\t\t<\/p>\n\t<\/div>\n<\/div>\n<div class=\"row\">\n\t<div class=\"col-sm-12 input no-margin-bottom\">\n\t\t<p><span class=\"wpcf7-form-control-wrap\" data-name=\"your-message\"><textarea cols=\"40\" rows=\"4\" maxlength=\"2000\" class=\"wpcf7-form-control wpcf7-textarea input_field_line\" id=\"your-message\" aria-invalid=\"false\" placeholder=\"Additional Information\" name=\"your-message\"><\/textarea><\/span>\n\t\t<\/p>\n\t<\/div>\n<\/div>\n<div class=\"row\">\n\t<div class=\"col-sm-12 input no-margin-bottom\">\n\t\t<p><span class=\"wpcf7-form-control-wrap\" data-name=\"file-474\"><input size=\"40\" class=\"wpcf7-form-control wpcf7-file\" accept=\"audio\/*,video\/*,image\/*\" aria-invalid=\"false\" type=\"file\" name=\"file-474\" \/><\/span>\n\t\t<\/p>\n\t<\/div>\n<\/div>\n<div class=\"row\">\n\t<div class=\"col-sm-12 input\">\n\t\t<p><span class=\"wpcf7-form-control-wrap\" data-name=\"acceptance-569\"><span class=\"wpcf7-form-control wpcf7-acceptance optional\"><span class=\"wpcf7-list-item\"><label><input type=\"checkbox\" name=\"acceptance-569\" value=\"1\" aria-invalid=\"false\" \/><span class=\"wpcf7-list-item-label\"><a href=\"\/en\/ercan-celik-limited-sirketi-kisisel-verilerin-korunmasi-ve-islenmesi-aydinlatma-metni\/\" target=\"_blank\" rel=\"noopener\">Ki\u015fisel Verilerin Korunmas\u0131 ve \u0130\u015flenmesi Ayd\u0131nlatma Metnini Okudum, Anlad\u0131m ve Onayl\u0131yorum.<\/a><\/span><\/label><\/span><\/span><\/span>\n\t\t<\/p>\n\t<\/div>\n<\/div>\n<div class=\"row\">\n\t<div class=\"col-sm-12\">\n\t\t<p><input class=\"wpcf7-form-control wpcf7-submit has-spinner button bg_primary radius0 hover_gradient\" type=\"submit\" value=\"Submit\" \/>\n\t\t<\/p>\n\t<\/div>\n<\/div><div class=\"wpcf7-response-output\" aria-hidden=\"true\"><\/div>\n<input type=\"hidden\" name=\"trp-form-language\" value=\"en\"\/><\/form>\n<\/div>\n<\/p>\t\t\t\t\t\t\t\t<\/div>\n\t\t\t\t<\/div>\n\t\t\t\t<\/div>\n\t\t<div class=\"elementor-element elementor-element-2d269f8 e-con-full e-flex e-con e-child\" data-id=\"2d269f8\" data-element_type=\"container\" data-e-type=\"container\">\n\t\t\t\t<div class=\"elementor-element elementor-element-8756f22 elementor-widget elementor-widget-image\" data-id=\"8756f22\" data-element_type=\"widget\" data-e-type=\"widget\" data-widget_type=\"image.default\">\n\t\t\t\t<div class=\"elementor-widget-container\">\n\t\t\t\t\t\t\t\t\t\t\t\t\t\t\t<img fetchpriority=\"high\" decoding=\"async\" width=\"550\" height=\"560\" src=\"http:\/\/www.ercancelik.com\/wp-content\/uploads\/2024\/10\/insan-kaynaklari-ercan-celik-h-1.jpg\" class=\"attachment-large size-large wp-image-12801\" alt=\"\" srcset=\"http:\/\/www.ercancelik.com\/wp-content\/uploads\/2024\/10\/insan-kaynaklari-ercan-celik-h-1.jpg 550w, http:\/\/www.ercancelik.com\/wp-content\/uploads\/2024\/10\/insan-kaynaklari-ercan-celik-h-1-295x300.jpg 295w, http:\/\/www.ercancelik.com\/wp-content\/uploads\/2024\/10\/insan-kaynaklari-ercan-celik-h-1-12x12.jpg 12w, http:\/\/www.ercancelik.com\/wp-content\/uploads\/2024\/10\/insan-kaynaklari-ercan-celik-h-1-24x24.jpg 24w, http:\/\/www.ercancelik.com\/wp-content\/uploads\/2024\/10\/insan-kaynaklari-ercan-celik-h-1-36x36.jpg 36w, http:\/\/www.ercancelik.com\/wp-content\/uploads\/2024\/10\/insan-kaynaklari-ercan-celik-h-1-48x48.jpg 48w\" sizes=\"(max-width: 550px) 100vw, 550px\" \/>\t\t\t\t\t\t\t\t\t\t\t\t\t\t\t<\/div>\n\t\t\t\t<\/div>\n\t\t\t\t<\/div>\n\t\t\t\t<\/div>\n\t\t\t\t<section class=\"elementor-section elementor-top-section elementor-element elementor-element-0656eee elementor-section-boxed elementor-section-height-default elementor-section-height-default\" data-id=\"0656eee\" data-element_type=\"section\" data-e-type=\"section\">\n\t\t\t\t\t\t<div class=\"elementor-container elementor-column-gap-default\">\n\t\t\t\t\t<div class=\"elementor-column elementor-col-100 elementor-top-column elementor-element elementor-element-9436479\" data-id=\"9436479\" data-element_type=\"column\" data-e-type=\"column\">\n\t\t\t<div class=\"elementor-widget-wrap elementor-element-populated\">\n\t\t\t\t\t\t<section class=\"elementor-section elementor-inner-section elementor-element elementor-element-59da1bb elementor-section-full_width elementor-section-height-default elementor-section-height-default\" data-id=\"59da1bb\" data-element_type=\"section\" data-e-type=\"section\">\n\t\t\t\t\t\t<div class=\"elementor-container elementor-column-gap-default\">\n\t\t\t\t\t<div class=\"elementor-column elementor-col-100 elementor-inner-column elementor-element elementor-element-ea5225b\" data-id=\"ea5225b\" data-element_type=\"column\" data-e-type=\"column\">\n\t\t\t<div class=\"elementor-widget-wrap elementor-element-populated\">\n\t\t\t\t\t\t<div class=\"elementor-element elementor-element-84165c6 elementor-widget elementor-widget-mo-marquee\" data-id=\"84165c6\" data-element_type=\"widget\" data-e-type=\"widget\" data-widget_type=\"mo-marquee.default\">\n\t\t\t\t<div class=\"elementor-widget-container\">\n\t\t\t\t\t<div class=\"mo-element-mo-marquee mo-element\"><div class=\"mo-marquee-container tpl2\">\n   <div class=\"mo-marquee tpl2\">\n                     <div class=\"item marquee-item\">\n               <h5 class=\"marquee-title\"><span>Ercan \u00c7elik<\/span><\/h5>\t\n            <\/div>\n                     <div class=\"item marquee-item\">\n               <h5 class=\"marquee-title\"><span>Ercan \u00c7elik<\/span><\/h5>\t\n            <\/div>\n                     <div class=\"item marquee-item\">\n               <h5 class=\"marquee-title\"><span>Ercan \u00c7elik<\/span><\/h5>\t\n            <\/div>\n                     <div class=\"item marquee-item\">\n               <h5 class=\"marquee-title\"><span>Ercan \u00c7elik<\/span><\/h5>\t\n            <\/div>\n                     <div class=\"item marquee-item\">\n               <h5 class=\"marquee-title\"><span>Ercan \u00c7elik<\/span><\/h5>\t\n            <\/div>\n            <\/div>\n<\/div><\/div>\t\t\t\t<\/div>\n\t\t\t\t<\/div>\n\t\t\t\t\t<\/div>\n\t\t<\/div>\n\t\t\t\t\t<\/div>\n\t\t<\/section>\n\t\t\t\t\t<\/div>\n\t\t<\/div>\n\t\t\t\t\t<\/div>\n\t\t<\/section>\n\t\t\t\t<\/div>","protected":false},"excerpt":{"rendered":"<p>\u0130nsan Kaynaklar\u0131 Gelece\u011finizi \u015eekillendirin, Ekibimize Kat\u0131l\u0131n! \u0130nsan kaynaklar\u0131m\u0131za CV g\u00f6ndermek ve ekibimize kat\u0131lmak i\u00e7in, ayr\u0131nt\u0131l\u0131 \u00f6zge\u00e7mi\u015finizi form ile birlikte bize iletebilirsiniz. Ercan \u00c7elik Ercan \u00c7elik Ercan \u00c7elik Ercan \u00c7elik Ercan \u00c7elik<\/p>","protected":false},"author":1,"featured_media":0,"parent":0,"menu_order":0,"comment_status":"closed","ping_status":"closed","template":"","meta":{"footnotes":""},"class_list":["post-9590","page","type-page","status-publish","hentry"],"_links":{"self":[{"href":"http:\/\/www.ercancelik.com\/en\/wp-json\/wp\/v2\/pages\/9590","targetHints":{"allow":["GET"]}}],"collection":[{"href":"http:\/\/www.ercancelik.com\/en\/wp-json\/wp\/v2\/pages"}],"about":[{"href":"http:\/\/www.ercancelik.com\/en\/wp-json\/wp\/v2\/types\/page"}],"author":[{"embeddable":true,"href":"http:\/\/www.ercancelik.com\/en\/wp-json\/wp\/v2\/users\/1"}],"replies":[{"embeddable":true,"href":"http:\/\/www.ercancelik.com\/en\/wp-json\/wp\/v2\/comments?post=9590"}],"version-history":[{"count":61,"href":"http:\/\/www.ercancelik.com\/en\/wp-json\/wp\/v2\/pages\/9590\/revisions"}],"predecessor-version":[{"id":12827,"href":"http:\/\/www.ercancelik.com\/en\/wp-json\/wp\/v2\/pages\/9590\/revisions\/12827"}],"wp:attachment":[{"href":"http:\/\/www.ercancelik.com\/en\/wp-json\/wp\/v2\/media?parent=9590"}],"curies":[{"name":"wp","href":"https:\/\/api.w.org\/{rel}","templated":true}]}}