{"id":9682,"date":"2024-07-22T14:35:51","date_gmt":"2024-07-22T11:35:51","guid":{"rendered":"http:\/\/www.ercancelik.com\/?page_id=9682"},"modified":"2024-10-10T11:43:28","modified_gmt":"2024-10-10T08:43:28","slug":"2019-yili-rup-rafinerisi-planli-durusunda-proje-modernizasyon-isleri","status":"publish","type":"page","link":"http:\/\/www.ercancelik.com\/en\/2019-yili-rup-rafinerisi-planli-durusunda-proje-modernizasyon-isleri\/","title":{"rendered":"2019 RUP Refinery Turnaround Project Modernization Works"},"content":{"rendered":"<div data-elementor-type=\"wp-page\" data-elementor-id=\"9682\" class=\"elementor elementor-9682\" data-elementor-post-type=\"page\">\n\t\t\t\t\t\t<section class=\"elementor-section elementor-top-section elementor-element elementor-element-17df8b5 elementor-section-boxed elementor-section-height-default elementor-section-height-default\" data-id=\"17df8b5\" data-element_type=\"section\" data-e-type=\"section\">\n\t\t\t\t\t\t<div class=\"elementor-container elementor-column-gap-default\">\n\t\t\t\t\t<div class=\"elementor-column elementor-col-100 elementor-top-column elementor-element elementor-element-64ea887\" data-id=\"64ea887\" data-element_type=\"column\" data-e-type=\"column\">\n\t\t\t<div class=\"elementor-widget-wrap elementor-element-populated\">\n\t\t\t\t\t\t<section class=\"elementor-section elementor-inner-section elementor-element elementor-element-66143e2 elementor-section-boxed elementor-section-height-default elementor-section-height-default\" data-id=\"66143e2\" data-element_type=\"section\" data-e-type=\"section\">\n\t\t\t\t\t\t<div class=\"elementor-container elementor-column-gap-default\">\n\t\t\t\t\t<div class=\"elementor-column elementor-col-50 elementor-inner-column elementor-element elementor-element-a149234 elementor-hidden-mobile\" data-id=\"a149234\" data-element_type=\"column\" data-e-type=\"column\">\n\t\t\t<div class=\"elementor-widget-wrap elementor-element-populated\">\n\t\t\t\t\t\t<div class=\"elementor-element elementor-element-f9d583c elementor-widget elementor-widget-image\" data-id=\"f9d583c\" data-element_type=\"widget\" data-e-type=\"widget\" data-widget_type=\"image.default\">\n\t\t\t\t<div class=\"elementor-widget-container\">\n\t\t\t\t\t\t\t\t\t\t\t\t\t\t\t<img fetchpriority=\"high\" decoding=\"async\" width=\"782\" height=\"720\" src=\"https:\/\/www.ercancelik.com\/wp-content\/uploads\/2024\/10\/2019-yili-planli-durusunda-proje-isleri.jpg\" class=\"attachment-large size-large wp-image-12015\" alt=\"\" srcset=\"https:\/\/www.ercancelik.com\/wp-content\/uploads\/2024\/10\/2019-yili-planli-durusunda-proje-isleri.jpg 782w, https:\/\/www.ercancelik.com\/wp-content\/uploads\/2024\/10\/2019-yili-planli-durusunda-proje-isleri-300x276.jpg 300w, https:\/\/www.ercancelik.com\/wp-content\/uploads\/2024\/10\/2019-yili-planli-durusunda-proje-isleri-768x707.jpg 768w, https:\/\/www.ercancelik.com\/wp-content\/uploads\/2024\/10\/2019-yili-planli-durusunda-proje-isleri-13x12.jpg 13w, https:\/\/www.ercancelik.com\/wp-content\/uploads\/2024\/10\/2019-yili-planli-durusunda-proje-isleri-720x663.jpg 720w, https:\/\/www.ercancelik.com\/wp-content\/uploads\/2024\/10\/2019-yili-planli-durusunda-proje-isleri-24x22.jpg 24w, https:\/\/www.ercancelik.com\/wp-content\/uploads\/2024\/10\/2019-yili-planli-durusunda-proje-isleri-36x33.jpg 36w, https:\/\/www.ercancelik.com\/wp-content\/uploads\/2024\/10\/2019-yili-planli-durusunda-proje-isleri-48x44.jpg 48w\" sizes=\"(max-width: 782px) 100vw, 782px\" \/>\t\t\t\t\t\t\t\t\t\t\t\t\t\t\t<\/div>\n\t\t\t\t<\/div>\n\t\t\t\t<div class=\"elementor-element elementor-element-70c37da gallery-spacing-custom elementor-widget elementor-widget-image-gallery\" data-id=\"70c37da\" data-element_type=\"widget\" data-e-type=\"widget\" data-widget_type=\"image-gallery.default\">\n\t\t\t\t<div class=\"elementor-widget-container\">\n\t\t\t\t\t\t\t<div class=\"elementor-image-gallery\">\n\t\t\t<div id='gallery-1' class='gallery galleryid-9682 gallery-columns-2 gallery-size-saga-small'><figure class='gallery-item'>\n\t\t\t<div class='gallery-icon landscape'>\n\t\t\t\t<a data-elementor-open-lightbox=\"yes\" data-elementor-lightbox-slideshow=\"70c37da\" data-elementor-lightbox-title=\"2019-yili-rup-rafinerisi-planli-durusunda-proje-modernizasyon-isleri-1\" data-e-action-hash=\"#elementor-action%3Aaction%3Dlightbox%26settings%3DeyJpZCI6MTIxMTUsInVybCI6Imh0dHBzOlwvXC93d3cuZXJjYW5jZWxpay5jb21cL3dwLWNvbnRlbnRcL3VwbG9hZHNcLzIwMjRcLzEwXC8yMDE5LXlpbGktcnVwLXJhZmluZXJpc2ktcGxhbmxpLWR1cnVzdW5kYS1wcm9qZS1tb2Rlcm5pemFzeW9uLWlzbGVyaS0xLmpwZyIsInNsaWRlc2hvdyI6IjcwYzM3ZGEifQ%3D%3D\" href='https:\/\/www.ercancelik.com\/wp-content\/uploads\/2024\/10\/2019-yili-rup-rafinerisi-planli-durusunda-proje-modernizasyon-isleri-1.jpg'><img decoding=\"async\" width=\"480\" height=\"400\" src=\"https:\/\/www.ercancelik.com\/wp-content\/uploads\/2024\/10\/2019-yili-rup-rafinerisi-planli-durusunda-proje-modernizasyon-isleri-1.jpg\" class=\"attachment-saga-small size-saga-small\" alt=\"\" srcset=\"https:\/\/www.ercancelik.com\/wp-content\/uploads\/2024\/10\/2019-yili-rup-rafinerisi-planli-durusunda-proje-modernizasyon-isleri-1.jpg 480w, https:\/\/www.ercancelik.com\/wp-content\/uploads\/2024\/10\/2019-yili-rup-rafinerisi-planli-durusunda-proje-modernizasyon-isleri-1-300x250.jpg 300w, https:\/\/www.ercancelik.com\/wp-content\/uploads\/2024\/10\/2019-yili-rup-rafinerisi-planli-durusunda-proje-modernizasyon-isleri-1-14x12.jpg 14w, https:\/\/www.ercancelik.com\/wp-content\/uploads\/2024\/10\/2019-yili-rup-rafinerisi-planli-durusunda-proje-modernizasyon-isleri-1-24x20.jpg 24w, https:\/\/www.ercancelik.com\/wp-content\/uploads\/2024\/10\/2019-yili-rup-rafinerisi-planli-durusunda-proje-modernizasyon-isleri-1-36x30.jpg 36w, https:\/\/www.ercancelik.com\/wp-content\/uploads\/2024\/10\/2019-yili-rup-rafinerisi-planli-durusunda-proje-modernizasyon-isleri-1-48x40.jpg 48w\" sizes=\"(max-width: 480px) 100vw, 480px\" \/><\/a>\n\t\t\t<\/div><\/figure><figure class='gallery-item'>\n\t\t\t<div class='gallery-icon landscape'>\n\t\t\t\t<a data-elementor-open-lightbox=\"yes\" data-elementor-lightbox-slideshow=\"70c37da\" data-elementor-lightbox-title=\"2019-yili-rup-rafinerisi-planli-durusunda-proje-modernizasyon-isleri-2\" data-e-action-hash=\"#elementor-action%3Aaction%3Dlightbox%26settings%3DeyJpZCI6MTIxMTYsInVybCI6Imh0dHBzOlwvXC93d3cuZXJjYW5jZWxpay5jb21cL3dwLWNvbnRlbnRcL3VwbG9hZHNcLzIwMjRcLzEwXC8yMDE5LXlpbGktcnVwLXJhZmluZXJpc2ktcGxhbmxpLWR1cnVzdW5kYS1wcm9qZS1tb2Rlcm5pemFzeW9uLWlzbGVyaS0yLmpwZyIsInNsaWRlc2hvdyI6IjcwYzM3ZGEifQ%3D%3D\" href='https:\/\/www.ercancelik.com\/wp-content\/uploads\/2024\/10\/2019-yili-rup-rafinerisi-planli-durusunda-proje-modernizasyon-isleri-2.jpg'><img decoding=\"async\" width=\"480\" height=\"400\" src=\"https:\/\/www.ercancelik.com\/wp-content\/uploads\/2024\/10\/2019-yili-rup-rafinerisi-planli-durusunda-proje-modernizasyon-isleri-2.jpg\" class=\"attachment-saga-small size-saga-small\" alt=\"\" srcset=\"https:\/\/www.ercancelik.com\/wp-content\/uploads\/2024\/10\/2019-yili-rup-rafinerisi-planli-durusunda-proje-modernizasyon-isleri-2.jpg 480w, https:\/\/www.ercancelik.com\/wp-content\/uploads\/2024\/10\/2019-yili-rup-rafinerisi-planli-durusunda-proje-modernizasyon-isleri-2-300x250.jpg 300w, https:\/\/www.ercancelik.com\/wp-content\/uploads\/2024\/10\/2019-yili-rup-rafinerisi-planli-durusunda-proje-modernizasyon-isleri-2-14x12.jpg 14w, https:\/\/www.ercancelik.com\/wp-content\/uploads\/2024\/10\/2019-yili-rup-rafinerisi-planli-durusunda-proje-modernizasyon-isleri-2-24x20.jpg 24w, https:\/\/www.ercancelik.com\/wp-content\/uploads\/2024\/10\/2019-yili-rup-rafinerisi-planli-durusunda-proje-modernizasyon-isleri-2-36x30.jpg 36w, https:\/\/www.ercancelik.com\/wp-content\/uploads\/2024\/10\/2019-yili-rup-rafinerisi-planli-durusunda-proje-modernizasyon-isleri-2-48x40.jpg 48w\" sizes=\"(max-width: 480px) 100vw, 480px\" \/><\/a>\n\t\t\t<\/div><\/figure>\n\t\t<\/div>\n\t\t<\/div>\n\t\t\t\t\t\t<\/div>\n\t\t\t\t<\/div>\n\t\t\t\t\t<\/div>\n\t\t<\/div>\n\t\t\t\t<div class=\"elementor-column elementor-col-50 elementor-inner-column elementor-element elementor-element-4edb32d\" data-id=\"4edb32d\" data-element_type=\"column\" data-e-type=\"column\">\n\t\t\t<div class=\"elementor-widget-wrap elementor-element-populated\">\n\t\t\t\t\t\t<div class=\"elementor-element elementor-element-4d4600b elementor-widget elementor-widget-text-editor\" data-id=\"4d4600b\" data-element_type=\"widget\" data-e-type=\"widget\" data-widget_type=\"text-editor.default\">\n\t\t\t\t<div class=\"elementor-widget-container\">\n\t\t\t\t\t\t\t\t\t<div class=\"wt-product-title\"><h5 class=\"post-title\"><a>2019 RUP Refinery Turnaround Project Modernization Works<\/a><\/h5><\/div><div class=\"wt-product-text\"><strong>Project Year:\u00a0<\/strong>2019<br \/><strong>Client:<\/strong><br \/>TUPRAS (Turkish Petroleum Refineries Co. Inc.) - Project Investments Directorate<\/div>\t\t\t\t\t\t\t\t<\/div>\n\t\t\t\t<\/div>\n\t\t\t\t<div class=\"elementor-element elementor-element-6efdbbf elementor-widget elementor-widget-image\" data-id=\"6efdbbf\" data-element_type=\"widget\" data-e-type=\"widget\" data-widget_type=\"image.default\">\n\t\t\t\t<div class=\"elementor-widget-container\">\n\t\t\t\t\t\t\t\t\t\t\t\t\t\t\t<img loading=\"lazy\" decoding=\"async\" width=\"149\" height=\"88\" src=\"https:\/\/www.ercancelik.com\/wp-content\/uploads\/2024\/09\/5c61406f8b271d637d47258793826506.jpg\" class=\"attachment-large size-large wp-image-11297\" alt=\"\" srcset=\"https:\/\/www.ercancelik.com\/wp-content\/uploads\/2024\/09\/5c61406f8b271d637d47258793826506.jpg 149w, https:\/\/www.ercancelik.com\/wp-content\/uploads\/2024\/09\/5c61406f8b271d637d47258793826506-18x12.jpg 18w, https:\/\/www.ercancelik.com\/wp-content\/uploads\/2024\/09\/5c61406f8b271d637d47258793826506-24x14.jpg 24w, https:\/\/www.ercancelik.com\/wp-content\/uploads\/2024\/09\/5c61406f8b271d637d47258793826506-36x21.jpg 36w, https:\/\/www.ercancelik.com\/wp-content\/uploads\/2024\/09\/5c61406f8b271d637d47258793826506-48x28.jpg 48w\" sizes=\"(max-width: 149px) 100vw, 149px\" \/>\t\t\t\t\t\t\t\t\t\t\t\t\t\t\t<\/div>\n\t\t\t\t<\/div>\n\t\t\t\t<div class=\"elementor-element elementor-element-f056be4 elementor-widget elementor-widget-text-editor\" data-id=\"f056be4\" data-element_type=\"widget\" data-e-type=\"widget\" data-widget_type=\"text-editor.default\">\n\t\t\t\t<div class=\"elementor-widget-container\">\n\t\t\t\t\t\t\t\t\t<h5><strong>SCOPE<\/strong><\/h5><p>PLT-147 Renevation of Piping Works of High Pressure Exchangers<\/p><p>15.000 WDI (Dia-inches) Piping Fabrication and Erection<\/p><p>20.000 m3 Scaffolding<sup>3<\/sup>\u00a0Scaffolding Installation<\/p><p>\u00a0<\/p><h5><strong>NUMBER OF EMPLOYESS<\/strong><\/h5><p>145 Staff \/ Month<\/p><p>Total: 240.000 Man-Hour Working (9 Months)<\/p>\t\t\t\t\t\t\t\t<\/div>\n\t\t\t\t<\/div>\n\t\t\t\t\t<\/div>\n\t\t<\/div>\n\t\t\t\t\t<\/div>\n\t\t<\/section>\n\t\t\t\t\t<\/div>\n\t\t<\/div>\n\t\t\t\t\t<\/div>\n\t\t<\/section>\n\t\t\t\t<\/div>","protected":false},"excerpt":{"rendered":"<p>2019 YILI RUP RAF\u0130NER\u0130S\u0130 PLANLI DURU\u015eUNDA PROJE MODERN\u0130ZASYON \u0130\u015eLER\u0130 Proje Y\u0131l\u0131:\u00a02019\u0130\u015fveren:T\u00dcPRA\u015e (T\u00fcrkiye Petrol Rafineleri A.\u015e.) &#8211; Proje Yat\u0131r\u0131mlar M\u00fcd\u00fcrl\u00fc\u011f\u00fc KAPSAM PLT-147 Y\u00fcksek Bas\u0131n\u00e7 E\u015fanj\u00f6rlerinin Yenilenmesi Kapsam\u0131ndaki Borulama \u0130\u015fleri 15.000 WDI (Dia-inc) Borulama \u0130malat ve Montaj\u0131 20.000 m3\u00a0\u0130skele Kurulumu \u00a0 \u00c7ALI\u015eAN SAYISI 145 Personel \/ Ay Toplam: 240.000 Adam \/ Saat \u00c7al\u0131\u015fma (9 Ay)<\/p>","protected":false},"author":1,"featured_media":0,"parent":0,"menu_order":0,"comment_status":"closed","ping_status":"closed","template":"","meta":{"footnotes":""},"class_list":["post-9682","page","type-page","status-publish","hentry"],"_links":{"self":[{"href":"http:\/\/www.ercancelik.com\/en\/wp-json\/wp\/v2\/pages\/9682","targetHints":{"allow":["GET"]}}],"collection":[{"href":"http:\/\/www.ercancelik.com\/en\/wp-json\/wp\/v2\/pages"}],"about":[{"href":"http:\/\/www.ercancelik.com\/en\/wp-json\/wp\/v2\/types\/page"}],"author":[{"embeddable":true,"href":"http:\/\/www.ercancelik.com\/en\/wp-json\/wp\/v2\/users\/1"}],"replies":[{"embeddable":true,"href":"http:\/\/www.ercancelik.com\/en\/wp-json\/wp\/v2\/comments?post=9682"}],"version-history":[{"count":46,"href":"http:\/\/www.ercancelik.com\/en\/wp-json\/wp\/v2\/pages\/9682\/revisions"}],"predecessor-version":[{"id":12119,"href":"http:\/\/www.ercancelik.com\/en\/wp-json\/wp\/v2\/pages\/9682\/revisions\/12119"}],"wp:attachment":[{"href":"http:\/\/www.ercancelik.com\/en\/wp-json\/wp\/v2\/media?parent=9682"}],"curies":[{"name":"wp","href":"https:\/\/api.w.org\/{rel}","templated":true}]}}