{"id":9747,"date":"2024-07-24T13:37:43","date_gmt":"2024-07-24T10:37:43","guid":{"rendered":"http:\/\/www.ercancelik.com\/?page_id=9747"},"modified":"2024-10-10T12:13:33","modified_gmt":"2024-10-10T09:13:33","slug":"rafineri-a-ve-b-bolgeleri-arasi-muhtelif-boru-hatlari-tesisi-projesi","status":"publish","type":"page","link":"http:\/\/www.ercancelik.com\/en\/rafineri-a-ve-b-bolgeleri-arasi-muhtelif-boru-hatlari-tesisi-projesi\/","title":{"rendered":"Various Pipelines Works Project Between Refinery A and B Zone"},"content":{"rendered":"<div data-elementor-type=\"wp-page\" data-elementor-id=\"9747\" class=\"elementor elementor-9747\" data-elementor-post-type=\"page\">\n\t\t\t\t\t\t<section class=\"elementor-section elementor-top-section elementor-element elementor-element-17df8b5 elementor-section-boxed elementor-section-height-default elementor-section-height-default\" data-id=\"17df8b5\" data-element_type=\"section\" data-e-type=\"section\">\n\t\t\t\t\t\t<div class=\"elementor-container elementor-column-gap-default\">\n\t\t\t\t\t<div class=\"elementor-column elementor-col-100 elementor-top-column elementor-element elementor-element-64ea887\" data-id=\"64ea887\" data-element_type=\"column\" data-e-type=\"column\">\n\t\t\t<div class=\"elementor-widget-wrap elementor-element-populated\">\n\t\t\t\t\t\t<section class=\"elementor-section elementor-inner-section elementor-element elementor-element-66143e2 elementor-section-boxed elementor-section-height-default elementor-section-height-default\" data-id=\"66143e2\" data-element_type=\"section\" data-e-type=\"section\">\n\t\t\t\t\t\t<div class=\"elementor-container elementor-column-gap-default\">\n\t\t\t\t\t<div class=\"elementor-column elementor-col-50 elementor-inner-column elementor-element elementor-element-a149234 elementor-hidden-mobile\" data-id=\"a149234\" data-element_type=\"column\" data-e-type=\"column\">\n\t\t\t<div class=\"elementor-widget-wrap elementor-element-populated\">\n\t\t\t\t\t\t<div class=\"elementor-element elementor-element-f9d583c elementor-widget elementor-widget-image\" data-id=\"f9d583c\" data-element_type=\"widget\" data-e-type=\"widget\" data-widget_type=\"image.default\">\n\t\t\t\t<div class=\"elementor-widget-container\">\n\t\t\t\t\t\t\t\t\t\t\t\t\t\t\t<img fetchpriority=\"high\" decoding=\"async\" width=\"782\" height=\"720\" src=\"https:\/\/www.ercancelik.com\/wp-content\/uploads\/2024\/10\/ercan-celik-rafineri-a-ve-b-bolgeleri-arasi-muhtelif-boru-hatlari-tesisi-projesi.jpg\" class=\"attachment-large size-large wp-image-12105\" alt=\"\" srcset=\"https:\/\/www.ercancelik.com\/wp-content\/uploads\/2024\/10\/ercan-celik-rafineri-a-ve-b-bolgeleri-arasi-muhtelif-boru-hatlari-tesisi-projesi.jpg 782w, https:\/\/www.ercancelik.com\/wp-content\/uploads\/2024\/10\/ercan-celik-rafineri-a-ve-b-bolgeleri-arasi-muhtelif-boru-hatlari-tesisi-projesi-300x276.jpg 300w, https:\/\/www.ercancelik.com\/wp-content\/uploads\/2024\/10\/ercan-celik-rafineri-a-ve-b-bolgeleri-arasi-muhtelif-boru-hatlari-tesisi-projesi-768x707.jpg 768w, https:\/\/www.ercancelik.com\/wp-content\/uploads\/2024\/10\/ercan-celik-rafineri-a-ve-b-bolgeleri-arasi-muhtelif-boru-hatlari-tesisi-projesi-13x12.jpg 13w, https:\/\/www.ercancelik.com\/wp-content\/uploads\/2024\/10\/ercan-celik-rafineri-a-ve-b-bolgeleri-arasi-muhtelif-boru-hatlari-tesisi-projesi-720x663.jpg 720w, https:\/\/www.ercancelik.com\/wp-content\/uploads\/2024\/10\/ercan-celik-rafineri-a-ve-b-bolgeleri-arasi-muhtelif-boru-hatlari-tesisi-projesi-24x22.jpg 24w, https:\/\/www.ercancelik.com\/wp-content\/uploads\/2024\/10\/ercan-celik-rafineri-a-ve-b-bolgeleri-arasi-muhtelif-boru-hatlari-tesisi-projesi-36x33.jpg 36w, https:\/\/www.ercancelik.com\/wp-content\/uploads\/2024\/10\/ercan-celik-rafineri-a-ve-b-bolgeleri-arasi-muhtelif-boru-hatlari-tesisi-projesi-48x44.jpg 48w\" sizes=\"(max-width: 782px) 100vw, 782px\" \/>\t\t\t\t\t\t\t\t\t\t\t\t\t\t\t<\/div>\n\t\t\t\t<\/div>\n\t\t\t\t<div class=\"elementor-element elementor-element-2bb5cd0 gallery-spacing-custom elementor-widget elementor-widget-image-gallery\" data-id=\"2bb5cd0\" data-element_type=\"widget\" data-e-type=\"widget\" data-widget_type=\"image-gallery.default\">\n\t\t\t\t<div class=\"elementor-widget-container\">\n\t\t\t\t\t\t\t<div class=\"elementor-image-gallery\">\n\t\t\t<div id='gallery-1' class='gallery galleryid-9747 gallery-columns-2 gallery-size-full'><figure class='gallery-item'>\n\t\t\t<div class='gallery-icon landscape'>\n\t\t\t\t<a data-elementor-open-lightbox=\"yes\" data-elementor-lightbox-slideshow=\"2bb5cd0\" data-elementor-lightbox-title=\"rafineri-a-ve-b\" data-e-action-hash=\"#elementor-action%3Aaction%3Dlightbox%26settings%3DeyJpZCI6OTI0MywidXJsIjoiaHR0cHM6XC9cL3d3dy5lcmNhbmNlbGlrLmNvbVwvd3AtY29udGVudFwvdXBsb2Fkc1wvMjAyM1wvMDlcL3JhZmluZXJpLWEtdmUtYi1zY2FsZWQuanBlZyIsInNsaWRlc2hvdyI6IjJiYjVjZDAifQ%3D%3D\" href='https:\/\/www.ercancelik.com\/wp-content\/uploads\/2023\/09\/rafineri-a-ve-b-scaled.jpeg'><img decoding=\"async\" width=\"2560\" height=\"1920\" src=\"https:\/\/www.ercancelik.com\/wp-content\/uploads\/2023\/09\/rafineri-a-ve-b-scaled.jpeg\" class=\"attachment-full size-full\" alt=\"\" srcset=\"https:\/\/www.ercancelik.com\/wp-content\/uploads\/2023\/09\/rafineri-a-ve-b-scaled.jpeg 2560w, https:\/\/www.ercancelik.com\/wp-content\/uploads\/2023\/09\/rafineri-a-ve-b-300x225.jpeg 300w, https:\/\/www.ercancelik.com\/wp-content\/uploads\/2023\/09\/rafineri-a-ve-b-1024x768.jpeg 1024w, https:\/\/www.ercancelik.com\/wp-content\/uploads\/2023\/09\/rafineri-a-ve-b-768x576.jpeg 768w, https:\/\/www.ercancelik.com\/wp-content\/uploads\/2023\/09\/rafineri-a-ve-b-1536x1152.jpeg 1536w, https:\/\/www.ercancelik.com\/wp-content\/uploads\/2023\/09\/rafineri-a-ve-b-2048x1536.jpeg 2048w, https:\/\/www.ercancelik.com\/wp-content\/uploads\/2023\/09\/rafineri-a-ve-b-720x540.jpeg 720w\" sizes=\"(max-width: 2560px) 100vw, 2560px\" \/><\/a>\n\t\t\t<\/div><\/figure><figure class='gallery-item'>\n\t\t\t<div class='gallery-icon landscape'>\n\t\t\t\t<a data-elementor-open-lightbox=\"yes\" data-elementor-lightbox-slideshow=\"2bb5cd0\" data-elementor-lightbox-title=\"rafineri-a-ve-b-ercan-celik\" data-e-action-hash=\"#elementor-action%3Aaction%3Dlightbox%26settings%3DeyJpZCI6MTEyNDEsInVybCI6Imh0dHBzOlwvXC93d3cuZXJjYW5jZWxpay5jb21cL3dwLWNvbnRlbnRcL3VwbG9hZHNcLzIwMjRcLzA5XC9yYWZpbmVyaS1hLXZlLWItZXJjYW4tY2VsaWsuanBnIiwic2xpZGVzaG93IjoiMmJiNWNkMCJ9\" href='https:\/\/www.ercancelik.com\/wp-content\/uploads\/2024\/09\/rafineri-a-ve-b-ercan-celik.jpg'><img decoding=\"async\" width=\"2560\" height=\"1920\" src=\"https:\/\/www.ercancelik.com\/wp-content\/uploads\/2024\/09\/rafineri-a-ve-b-ercan-celik.jpg\" class=\"attachment-full size-full\" alt=\"\" srcset=\"https:\/\/www.ercancelik.com\/wp-content\/uploads\/2024\/09\/rafineri-a-ve-b-ercan-celik.jpg 2560w, https:\/\/www.ercancelik.com\/wp-content\/uploads\/2024\/09\/rafineri-a-ve-b-ercan-celik-300x225.jpg 300w, https:\/\/www.ercancelik.com\/wp-content\/uploads\/2024\/09\/rafineri-a-ve-b-ercan-celik-1024x768.jpg 1024w, https:\/\/www.ercancelik.com\/wp-content\/uploads\/2024\/09\/rafineri-a-ve-b-ercan-celik-768x576.jpg 768w, https:\/\/www.ercancelik.com\/wp-content\/uploads\/2024\/09\/rafineri-a-ve-b-ercan-celik-1536x1152.jpg 1536w, https:\/\/www.ercancelik.com\/wp-content\/uploads\/2024\/09\/rafineri-a-ve-b-ercan-celik-2048x1536.jpg 2048w, https:\/\/www.ercancelik.com\/wp-content\/uploads\/2024\/09\/rafineri-a-ve-b-ercan-celik-16x12.jpg 16w, https:\/\/www.ercancelik.com\/wp-content\/uploads\/2024\/09\/rafineri-a-ve-b-ercan-celik-720x540.jpg 720w, https:\/\/www.ercancelik.com\/wp-content\/uploads\/2024\/09\/rafineri-a-ve-b-ercan-celik-24x18.jpg 24w, https:\/\/www.ercancelik.com\/wp-content\/uploads\/2024\/09\/rafineri-a-ve-b-ercan-celik-36x27.jpg 36w, https:\/\/www.ercancelik.com\/wp-content\/uploads\/2024\/09\/rafineri-a-ve-b-ercan-celik-48x36.jpg 48w\" sizes=\"(max-width: 2560px) 100vw, 2560px\" \/><\/a>\n\t\t\t<\/div><\/figure>\n\t\t<\/div>\n\t\t<\/div>\n\t\t\t\t\t\t<\/div>\n\t\t\t\t<\/div>\n\t\t\t\t\t<\/div>\n\t\t<\/div>\n\t\t\t\t<div class=\"elementor-column elementor-col-50 elementor-inner-column elementor-element elementor-element-4edb32d\" data-id=\"4edb32d\" data-element_type=\"column\" data-e-type=\"column\">\n\t\t\t<div class=\"elementor-widget-wrap elementor-element-populated\">\n\t\t\t\t\t\t<div class=\"elementor-element elementor-element-4d4600b elementor-widget elementor-widget-text-editor\" data-id=\"4d4600b\" data-element_type=\"widget\" data-e-type=\"widget\" data-widget_type=\"text-editor.default\">\n\t\t\t\t<div class=\"elementor-widget-container\">\n\t\t\t\t\t\t\t\t\t<div class=\"wt-product-title\"><h5 class=\"post-title\"><a>TUPRAS Izmir Refinery U7000 CDU Revamp-2 Project<\/a><\/h5><\/div><div class=\"wt-product-text\"><strong>Project Year:\u00a0<\/strong>2018<br \/><strong>Client: <\/strong>T\u00dcPRA\u015e (T\u00fcrkiye Petrol Rafineleri A.\u015e.) &#8211; (HAVATEK.A.\u015e)<\/div>\t\t\t\t\t\t\t\t<\/div>\n\t\t\t\t<\/div>\n\t\t\t\t<div class=\"elementor-element elementor-element-6eea504 elementor-widget elementor-widget-image\" data-id=\"6eea504\" data-element_type=\"widget\" data-e-type=\"widget\" data-widget_type=\"image.default\">\n\t\t\t\t<div class=\"elementor-widget-container\">\n\t\t\t\t\t\t\t\t\t\t\t\t\t\t\t<img loading=\"lazy\" decoding=\"async\" width=\"149\" height=\"88\" src=\"https:\/\/www.ercancelik.com\/wp-content\/uploads\/2024\/09\/9323185bd447222d5dc65976ee5179b5.jpg\" class=\"attachment-large size-large wp-image-11095\" alt=\"\" srcset=\"https:\/\/www.ercancelik.com\/wp-content\/uploads\/2024\/09\/9323185bd447222d5dc65976ee5179b5.jpg 149w, https:\/\/www.ercancelik.com\/wp-content\/uploads\/2024\/09\/9323185bd447222d5dc65976ee5179b5-18x12.jpg 18w, https:\/\/www.ercancelik.com\/wp-content\/uploads\/2024\/09\/9323185bd447222d5dc65976ee5179b5-24x14.jpg 24w, https:\/\/www.ercancelik.com\/wp-content\/uploads\/2024\/09\/9323185bd447222d5dc65976ee5179b5-36x21.jpg 36w, https:\/\/www.ercancelik.com\/wp-content\/uploads\/2024\/09\/9323185bd447222d5dc65976ee5179b5-48x28.jpg 48w\" sizes=\"(max-width: 149px) 100vw, 149px\" \/>\t\t\t\t\t\t\t\t\t\t\t\t\t\t\t<\/div>\n\t\t\t\t<\/div>\n\t\t\t\t<div class=\"elementor-element elementor-element-fd33faa elementor-widget elementor-widget-text-editor\" data-id=\"fd33faa\" data-element_type=\"widget\" data-e-type=\"widget\" data-widget_type=\"text-editor.default\">\n\t\t\t\t<div class=\"elementor-widget-container\">\n\t\t\t\t\t\t\t\t\t<h5><strong>SCOPE\u00a0<\/strong><\/h5><p>Project Design, Piping and Construction Works;<\/p><p>124.000 WDI (Dia-inches) Piping Fabrication and Erection<\/p><p>950 Tons Pipes and Fittings Supply and Erection<\/p><p>62.000 m3 Scaffolding Supply and Erection<sup>3<\/sup>\u00a0Scaffolding Supply and Installation<\/p><h5><strong><br \/>NUMBER OF EMPLOYESS<\/strong><\/h5><p>455 Staff \/ Month<\/p><p>Total: 704.500 Man - Hour Working (14 Mounths)<\/p>\t\t\t\t\t\t\t\t<\/div>\n\t\t\t\t<\/div>\n\t\t\t\t\t<\/div>\n\t\t<\/div>\n\t\t\t\t\t<\/div>\n\t\t<\/section>\n\t\t\t\t\t<\/div>\n\t\t<\/div>\n\t\t\t\t\t<\/div>\n\t\t<\/section>\n\t\t<div class=\"elementor-element elementor-element-3cb23b5 e-flex e-con-boxed e-con e-parent\" data-id=\"3cb23b5\" data-element_type=\"container\" data-e-type=\"container\">\n\t\t\t\t\t<div class=\"e-con-inner\">\n\t\t\t\t<div class=\"elementor-element elementor-element-d0de896 elementor-widget elementor-widget-mo-image\" data-id=\"d0de896\" data-element_type=\"widget\" data-e-type=\"widget\" data-widget_type=\"mo-image.default\">\n\t\t\t\t<div class=\"elementor-widget-container\">\n\t\t\t\t\t\n<div class=\"mo-img-fancy\"   >\n\t\t<div class=\"mo-img-fancy-container align-items-center\">\n\t\t\t\t<figure   >\n\t\t\t\t\t\t\t\t\t\t\t\t\t\t\t\t\t<\/figure>\n\t\t\t\n\t<\/div>\n<\/div>\n\n\t\t\t\t<\/div>\n\t\t\t\t<\/div>\n\t\t\t\t\t<\/div>\n\t\t\t\t<\/div>\n\t\t\t\t<\/div>","protected":false},"excerpt":{"rendered":"<p>T\u00dcPRA\u015e \u0130ZM\u0130R RAF\u0130NER\u0130S\u0130 &#8211; U7000 CDU REVAMP-2 PROJES\u0130 Proje Y\u0131l\u0131:\u00a02018\u0130\u015fveren: T\u00dcPRA\u015e (T\u00fcrkiye Petrol Rafineleri A.\u015e.) &#8211; (HAVATEK.A.\u015e) KAPSAM\u00a0 Proje Tasar\u0131m, Borulama ve \u0130n\u015faat \u0130\u015fleri; 124.000 WDI (Dia-inc) Borulama \u0130malat ve Montaj\u0131 950 Ton Boru ve Ba\u011flant\u0131 Par\u00e7alar\u0131 Temini ve Montaj\u0131 62.000 m3\u00a0\u0130skele Temini ve Kurulumu \u00c7ALI\u015eAN SAYISI 455 Personel \/ Ay Toplam: 704.500 Adam &#8211; [&hellip;]<\/p>\n","protected":false},"author":1,"featured_media":0,"parent":0,"menu_order":0,"comment_status":"closed","ping_status":"closed","template":"","meta":{"footnotes":""},"class_list":["post-9747","page","type-page","status-publish","hentry"],"_links":{"self":[{"href":"http:\/\/www.ercancelik.com\/en\/wp-json\/wp\/v2\/pages\/9747","targetHints":{"allow":["GET"]}}],"collection":[{"href":"http:\/\/www.ercancelik.com\/en\/wp-json\/wp\/v2\/pages"}],"about":[{"href":"http:\/\/www.ercancelik.com\/en\/wp-json\/wp\/v2\/types\/page"}],"author":[{"embeddable":true,"href":"http:\/\/www.ercancelik.com\/en\/wp-json\/wp\/v2\/users\/1"}],"replies":[{"embeddable":true,"href":"http:\/\/www.ercancelik.com\/en\/wp-json\/wp\/v2\/comments?post=9747"}],"version-history":[{"count":31,"href":"http:\/\/www.ercancelik.com\/en\/wp-json\/wp\/v2\/pages\/9747\/revisions"}],"predecessor-version":[{"id":12156,"href":"http:\/\/www.ercancelik.com\/en\/wp-json\/wp\/v2\/pages\/9747\/revisions\/12156"}],"wp:attachment":[{"href":"http:\/\/www.ercancelik.com\/en\/wp-json\/wp\/v2\/media?parent=9747"}],"curies":[{"name":"wp","href":"https:\/\/api.w.org\/{rel}","templated":true}]}}