{"id":9753,"date":"2024-07-24T13:49:15","date_gmt":"2024-07-24T10:49:15","guid":{"rendered":"http:\/\/www.ercancelik.com\/?page_id=9753"},"modified":"2024-10-10T11:32:29","modified_gmt":"2024-10-10T08:32:29","slug":"rafineri-yangin-suyu-hatlari-hdpe-borulama-isleri","status":"publish","type":"page","link":"http:\/\/www.ercancelik.com\/en\/rafineri-yangin-suyu-hatlari-hdpe-borulama-isleri\/","title":{"rendered":"Refinery Fire Water Lines - HDPE Piping Works"},"content":{"rendered":"<div data-elementor-type=\"wp-page\" data-elementor-id=\"9753\" class=\"elementor elementor-9753\" data-elementor-post-type=\"page\">\n\t\t\t\t\t\t<section class=\"elementor-section elementor-top-section elementor-element elementor-element-17df8b5 elementor-section-boxed elementor-section-height-default elementor-section-height-default\" data-id=\"17df8b5\" data-element_type=\"section\" data-e-type=\"section\">\n\t\t\t\t\t\t<div class=\"elementor-container elementor-column-gap-default\">\n\t\t\t\t\t<div class=\"elementor-column elementor-col-100 elementor-top-column elementor-element elementor-element-64ea887\" data-id=\"64ea887\" data-element_type=\"column\" data-e-type=\"column\">\n\t\t\t<div class=\"elementor-widget-wrap elementor-element-populated\">\n\t\t\t\t\t\t<section class=\"elementor-section elementor-inner-section elementor-element elementor-element-66143e2 elementor-section-boxed elementor-section-height-default elementor-section-height-default\" data-id=\"66143e2\" data-element_type=\"section\" data-e-type=\"section\">\n\t\t\t\t\t\t<div class=\"elementor-container elementor-column-gap-default\">\n\t\t\t\t\t<div class=\"elementor-column elementor-col-50 elementor-inner-column elementor-element elementor-element-a149234 elementor-hidden-mobile\" data-id=\"a149234\" data-element_type=\"column\" data-e-type=\"column\">\n\t\t\t<div class=\"elementor-widget-wrap elementor-element-populated\">\n\t\t\t\t\t\t<div class=\"elementor-element elementor-element-f9d583c elementor-widget elementor-widget-image\" data-id=\"f9d583c\" data-element_type=\"widget\" data-e-type=\"widget\" data-widget_type=\"image.default\">\n\t\t\t\t<div class=\"elementor-widget-container\">\n\t\t\t\t\t\t\t\t\t\t\t\t\t\t\t<img fetchpriority=\"high\" decoding=\"async\" width=\"782\" height=\"720\" src=\"http:\/\/www.ercancelik.com\/wp-content\/uploads\/2024\/10\/ana-gorsel-rafineri-yangin-suyu-hatlari-hdpe-borulama.jpg\" class=\"attachment-large size-large wp-image-12082\" alt=\"\" srcset=\"http:\/\/www.ercancelik.com\/wp-content\/uploads\/2024\/10\/ana-gorsel-rafineri-yangin-suyu-hatlari-hdpe-borulama.jpg 782w, http:\/\/www.ercancelik.com\/wp-content\/uploads\/2024\/10\/ana-gorsel-rafineri-yangin-suyu-hatlari-hdpe-borulama-300x276.jpg 300w, http:\/\/www.ercancelik.com\/wp-content\/uploads\/2024\/10\/ana-gorsel-rafineri-yangin-suyu-hatlari-hdpe-borulama-768x707.jpg 768w, http:\/\/www.ercancelik.com\/wp-content\/uploads\/2024\/10\/ana-gorsel-rafineri-yangin-suyu-hatlari-hdpe-borulama-13x12.jpg 13w, http:\/\/www.ercancelik.com\/wp-content\/uploads\/2024\/10\/ana-gorsel-rafineri-yangin-suyu-hatlari-hdpe-borulama-720x663.jpg 720w, http:\/\/www.ercancelik.com\/wp-content\/uploads\/2024\/10\/ana-gorsel-rafineri-yangin-suyu-hatlari-hdpe-borulama-24x22.jpg 24w, http:\/\/www.ercancelik.com\/wp-content\/uploads\/2024\/10\/ana-gorsel-rafineri-yangin-suyu-hatlari-hdpe-borulama-36x33.jpg 36w, http:\/\/www.ercancelik.com\/wp-content\/uploads\/2024\/10\/ana-gorsel-rafineri-yangin-suyu-hatlari-hdpe-borulama-48x44.jpg 48w\" sizes=\"(max-width: 782px) 100vw, 782px\" \/>\t\t\t\t\t\t\t\t\t\t\t\t\t\t\t<\/div>\n\t\t\t\t<\/div>\n\t\t\t\t<div class=\"elementor-element elementor-element-ebc38ee gallery-spacing-custom elementor-widget elementor-widget-image-gallery\" data-id=\"ebc38ee\" data-element_type=\"widget\" data-e-type=\"widget\" data-widget_type=\"image-gallery.default\">\n\t\t\t\t<div class=\"elementor-widget-container\">\n\t\t\t\t\t\t\t<div class=\"elementor-image-gallery\">\n\t\t\t<div id='gallery-1' class='gallery galleryid-9753 gallery-columns-2 gallery-size-full'><figure class='gallery-item'>\n\t\t\t<div class='gallery-icon landscape'>\n\t\t\t\t<a data-elementor-open-lightbox=\"yes\" data-elementor-lightbox-slideshow=\"ebc38ee\" data-elementor-lightbox-title=\"89667492a5f6e0a2aafb0445eb2d963c\" data-e-action-hash=\"#elementor-action%3Aaction%3Dlightbox%26settings%3DeyJpZCI6MTEyODcsInVybCI6Imh0dHA6XC9cL3d3dy5lcmNhbmNlbGlrLmNvbVwvd3AtY29udGVudFwvdXBsb2Fkc1wvMjAyNFwvMDlcLzg5NjY3NDkyYTVmNmUwYTJhYWZiMDQ0NWViMmQ5NjNjLmpwZyIsInNsaWRlc2hvdyI6ImViYzM4ZWUifQ%3D%3D\" href='http:\/\/www.ercancelik.com\/wp-content\/uploads\/2024\/09\/89667492a5f6e0a2aafb0445eb2d963c.jpg'><img decoding=\"async\" width=\"970\" height=\"728\" src=\"http:\/\/www.ercancelik.com\/wp-content\/uploads\/2024\/09\/89667492a5f6e0a2aafb0445eb2d963c.jpg\" class=\"attachment-full size-full\" alt=\"\" srcset=\"http:\/\/www.ercancelik.com\/wp-content\/uploads\/2024\/09\/89667492a5f6e0a2aafb0445eb2d963c.jpg 970w, http:\/\/www.ercancelik.com\/wp-content\/uploads\/2024\/09\/89667492a5f6e0a2aafb0445eb2d963c-300x225.jpg 300w, http:\/\/www.ercancelik.com\/wp-content\/uploads\/2024\/09\/89667492a5f6e0a2aafb0445eb2d963c-768x576.jpg 768w, http:\/\/www.ercancelik.com\/wp-content\/uploads\/2024\/09\/89667492a5f6e0a2aafb0445eb2d963c-16x12.jpg 16w, http:\/\/www.ercancelik.com\/wp-content\/uploads\/2024\/09\/89667492a5f6e0a2aafb0445eb2d963c-720x540.jpg 720w, http:\/\/www.ercancelik.com\/wp-content\/uploads\/2024\/09\/89667492a5f6e0a2aafb0445eb2d963c-24x18.jpg 24w, http:\/\/www.ercancelik.com\/wp-content\/uploads\/2024\/09\/89667492a5f6e0a2aafb0445eb2d963c-36x27.jpg 36w, http:\/\/www.ercancelik.com\/wp-content\/uploads\/2024\/09\/89667492a5f6e0a2aafb0445eb2d963c-48x36.jpg 48w\" sizes=\"(max-width: 970px) 100vw, 970px\" \/><\/a>\n\t\t\t<\/div><\/figure><figure class='gallery-item'>\n\t\t\t<div class='gallery-icon landscape'>\n\t\t\t\t<a data-elementor-open-lightbox=\"yes\" data-elementor-lightbox-slideshow=\"ebc38ee\" data-elementor-lightbox-title=\"98759121aaef1822cc2d865832db3616\" data-e-action-hash=\"#elementor-action%3Aaction%3Dlightbox%26settings%3DeyJpZCI6MTEyODgsInVybCI6Imh0dHA6XC9cL3d3dy5lcmNhbmNlbGlrLmNvbVwvd3AtY29udGVudFwvdXBsb2Fkc1wvMjAyNFwvMDlcLzk4NzU5MTIxYWFlZjE4MjJjYzJkODY1ODMyZGIzNjE2LmpwZyIsInNsaWRlc2hvdyI6ImViYzM4ZWUifQ%3D%3D\" href='http:\/\/www.ercancelik.com\/wp-content\/uploads\/2024\/09\/98759121aaef1822cc2d865832db3616.jpg'><img decoding=\"async\" width=\"970\" height=\"728\" src=\"http:\/\/www.ercancelik.com\/wp-content\/uploads\/2024\/09\/98759121aaef1822cc2d865832db3616.jpg\" class=\"attachment-full size-full\" alt=\"\" srcset=\"http:\/\/www.ercancelik.com\/wp-content\/uploads\/2024\/09\/98759121aaef1822cc2d865832db3616.jpg 970w, http:\/\/www.ercancelik.com\/wp-content\/uploads\/2024\/09\/98759121aaef1822cc2d865832db3616-300x225.jpg 300w, http:\/\/www.ercancelik.com\/wp-content\/uploads\/2024\/09\/98759121aaef1822cc2d865832db3616-768x576.jpg 768w, http:\/\/www.ercancelik.com\/wp-content\/uploads\/2024\/09\/98759121aaef1822cc2d865832db3616-16x12.jpg 16w, http:\/\/www.ercancelik.com\/wp-content\/uploads\/2024\/09\/98759121aaef1822cc2d865832db3616-720x540.jpg 720w, http:\/\/www.ercancelik.com\/wp-content\/uploads\/2024\/09\/98759121aaef1822cc2d865832db3616-24x18.jpg 24w, http:\/\/www.ercancelik.com\/wp-content\/uploads\/2024\/09\/98759121aaef1822cc2d865832db3616-36x27.jpg 36w, http:\/\/www.ercancelik.com\/wp-content\/uploads\/2024\/09\/98759121aaef1822cc2d865832db3616-48x36.jpg 48w\" sizes=\"(max-width: 970px) 100vw, 970px\" \/><\/a>\n\t\t\t<\/div><\/figure>\n\t\t<\/div>\n\t\t<\/div>\n\t\t\t\t\t\t<\/div>\n\t\t\t\t<\/div>\n\t\t\t\t\t<\/div>\n\t\t<\/div>\n\t\t\t\t<div class=\"elementor-column elementor-col-50 elementor-inner-column elementor-element elementor-element-4edb32d\" data-id=\"4edb32d\" data-element_type=\"column\" data-e-type=\"column\">\n\t\t\t<div class=\"elementor-widget-wrap elementor-element-populated\">\n\t\t\t\t\t\t<div class=\"elementor-element elementor-element-4d4600b elementor-widget elementor-widget-text-editor\" data-id=\"4d4600b\" data-element_type=\"widget\" data-e-type=\"widget\" data-widget_type=\"text-editor.default\">\n\t\t\t\t<div class=\"elementor-widget-container\">\n\t\t\t\t\t\t\t\t\t<p><strong>Project Year:\u00a0<\/strong>2012<br \/><strong>Client: <\/strong>TUPRAS (Turkish Petroleum Refineries Co. Inc.) - Project Investments Directorate<\/p>\t\t\t\t\t\t\t\t<\/div>\n\t\t\t\t<\/div>\n\t\t\t\t<div class=\"elementor-element elementor-element-9ffc015 elementor-widget elementor-widget-image\" data-id=\"9ffc015\" data-element_type=\"widget\" data-e-type=\"widget\" data-widget_type=\"image.default\">\n\t\t\t\t<div class=\"elementor-widget-container\">\n\t\t\t\t\t\t\t\t\t\t\t\t\t\t\t<img loading=\"lazy\" decoding=\"async\" width=\"149\" height=\"88\" src=\"http:\/\/www.ercancelik.com\/wp-content\/uploads\/2024\/09\/9323185bd447222d5dc65976ee5179b5.jpg\" class=\"attachment-large size-large wp-image-11095\" alt=\"\" srcset=\"http:\/\/www.ercancelik.com\/wp-content\/uploads\/2024\/09\/9323185bd447222d5dc65976ee5179b5.jpg 149w, http:\/\/www.ercancelik.com\/wp-content\/uploads\/2024\/09\/9323185bd447222d5dc65976ee5179b5-18x12.jpg 18w, http:\/\/www.ercancelik.com\/wp-content\/uploads\/2024\/09\/9323185bd447222d5dc65976ee5179b5-24x14.jpg 24w, http:\/\/www.ercancelik.com\/wp-content\/uploads\/2024\/09\/9323185bd447222d5dc65976ee5179b5-36x21.jpg 36w, http:\/\/www.ercancelik.com\/wp-content\/uploads\/2024\/09\/9323185bd447222d5dc65976ee5179b5-48x28.jpg 48w\" sizes=\"(max-width: 149px) 100vw, 149px\" \/>\t\t\t\t\t\t\t\t\t\t\t\t\t\t\t<\/div>\n\t\t\t\t<\/div>\n\t\t\t\t<div class=\"elementor-element elementor-element-09bf800 elementor-widget elementor-widget-text-editor\" data-id=\"09bf800\" data-element_type=\"widget\" data-e-type=\"widget\" data-widget_type=\"text-editor.default\">\n\t\t\t\t<div class=\"elementor-widget-container\">\n\t\t\t\t\t\t\t\t\t<h5><strong>SCOPE<\/strong><\/h5><p>On 55 Concrete Foundations Along The Coastline;<\/p><p>450 Tons Steel Pipe Bridge Fabrication, Erection, Project Design and Construction Works<\/p><p>68.000 WDI (Dia-inches) Steel Piping Fabrication and Erection<\/p><p>95.000 WDI (Dia-inches) HDPE Piping Material Supply, Fabrication and Erection<\/p><p>112.000 m<sup>3<\/sup>\u00a0112.000 m3 Excavation, BackFilling and Concrete Works<\/p><p>\u00a0<\/p><h5><strong>NUMBER OF EMPLOYESS<\/strong><\/h5><p>125 Staff \/ Month<\/p><p>Total: 1.094.000 Man-Hour Working (48 Months)<\/p>\t\t\t\t\t\t\t\t<\/div>\n\t\t\t\t<\/div>\n\t\t\t\t\t<\/div>\n\t\t<\/div>\n\t\t\t\t\t<\/div>\n\t\t<\/section>\n\t\t\t\t\t<\/div>\n\t\t<\/div>\n\t\t\t\t\t<\/div>\n\t\t<\/section>\n\t\t<div class=\"elementor-element elementor-element-3cb23b5 e-flex e-con-boxed e-con e-parent\" data-id=\"3cb23b5\" data-element_type=\"container\" data-e-type=\"container\">\n\t\t\t\t\t<div class=\"e-con-inner\">\n\t\t\t\t<div class=\"elementor-element elementor-element-d0de896 elementor-widget elementor-widget-mo-image\" data-id=\"d0de896\" data-element_type=\"widget\" data-e-type=\"widget\" data-widget_type=\"mo-image.default\">\n\t\t\t\t<div class=\"elementor-widget-container\">\n\t\t\t\t\t\n<div class=\"mo-img-fancy\"   >\n\t\t<div class=\"mo-img-fancy-container align-items-center\">\n\t\t\t\t<figure   >\n\t\t\t\t\t\t\t\t\t\t\t\t\t\t\t\t\t<\/figure>\n\t\t\t\n\t<\/div>\n<\/div>\n\n\t\t\t\t<\/div>\n\t\t\t\t<\/div>\n\t\t\t\t\t<\/div>\n\t\t\t\t<\/div>\n\t\t\t\t<\/div>","protected":false},"excerpt":{"rendered":"<p>Proje Y\u0131l\u0131:\u00a02012\u0130\u015fveren: T\u00dcPRA\u015e (T\u00fcrkiye Petrol Rafineleri A.\u015e.) &#8211; Proje Yat\u0131r\u0131mlar M\u00fcd\u00fcrl\u00fc\u011f\u00fc KAPSAM K\u0131y\u0131 \u015eeridi Boyunca, 55 Beton Temel \u00dczerinde; 450 Ton \u00c7elik Boru K\u00f6pr\u00fcs\u00fc \u0130malat\u0131, Montaj\u0131, Projelendirme ve\u00a0\u0130n\u015faat \u0130\u015fleri 68.000 WDI (Dia-inc) \u00c7elik Borulama \u0130malat ve Montaj\u0131 95.000 WDI (Dia-inc) HDPE Borulama Malzeme Temini, \u0130malat ve\u00a0Montaj \u0130\u015fleri 112.000 m3\u00a0Kaz\u0131, Hafriyat, Betonarme ve Dolgu \u0130\u015fleri \u00a0 [&hellip;]<\/p>\n","protected":false},"author":1,"featured_media":0,"parent":0,"menu_order":0,"comment_status":"closed","ping_status":"closed","template":"","meta":{"footnotes":""},"class_list":["post-9753","page","type-page","status-publish","hentry"],"_links":{"self":[{"href":"http:\/\/www.ercancelik.com\/en\/wp-json\/wp\/v2\/pages\/9753","targetHints":{"allow":["GET"]}}],"collection":[{"href":"http:\/\/www.ercancelik.com\/en\/wp-json\/wp\/v2\/pages"}],"about":[{"href":"http:\/\/www.ercancelik.com\/en\/wp-json\/wp\/v2\/types\/page"}],"author":[{"embeddable":true,"href":"http:\/\/www.ercancelik.com\/en\/wp-json\/wp\/v2\/users\/1"}],"replies":[{"embeddable":true,"href":"http:\/\/www.ercancelik.com\/en\/wp-json\/wp\/v2\/comments?post=9753"}],"version-history":[{"count":19,"href":"http:\/\/www.ercancelik.com\/en\/wp-json\/wp\/v2\/pages\/9753\/revisions"}],"predecessor-version":[{"id":12085,"href":"http:\/\/www.ercancelik.com\/en\/wp-json\/wp\/v2\/pages\/9753\/revisions\/12085"}],"wp:attachment":[{"href":"http:\/\/www.ercancelik.com\/en\/wp-json\/wp\/v2\/media?parent=9753"}],"curies":[{"name":"wp","href":"https:\/\/api.w.org\/{rel}","templated":true}]}}