{"id":9782,"date":"2024-07-25T09:26:37","date_gmt":"2024-07-25T06:26:37","guid":{"rendered":"http:\/\/www.ercancelik.com\/?page_id=9782"},"modified":"2024-10-10T12:01:44","modified_gmt":"2024-10-10T09:01:44","slug":"rafineri-karadolum-demiryolu-ust-gecis-boru-koprusu-montaji-ve-boru-hatlari-deplase-projesi","status":"publish","type":"page","link":"http:\/\/www.ercancelik.com\/en\/rafineri-karadolum-demiryolu-ust-gecis-boru-koprusu-montaji-ve-boru-hatlari-deplase-projesi\/","title":{"rendered":"Refinery Land Loading - Railway Upper Steel Pipe Bridge Erection and Pipelines Displaced Project"},"content":{"rendered":"<div data-elementor-type=\"wp-page\" data-elementor-id=\"9782\" class=\"elementor elementor-9782\" data-elementor-post-type=\"page\">\n\t\t\t\t\t\t<section class=\"elementor-section elementor-top-section elementor-element elementor-element-17df8b5 elementor-section-boxed elementor-section-height-default elementor-section-height-default\" data-id=\"17df8b5\" data-element_type=\"section\" data-e-type=\"section\">\n\t\t\t\t\t\t<div class=\"elementor-container elementor-column-gap-default\">\n\t\t\t\t\t<div class=\"elementor-column elementor-col-100 elementor-top-column elementor-element elementor-element-64ea887\" data-id=\"64ea887\" data-element_type=\"column\" data-e-type=\"column\">\n\t\t\t<div class=\"elementor-widget-wrap elementor-element-populated\">\n\t\t\t\t\t\t<section class=\"elementor-section elementor-inner-section elementor-element elementor-element-66143e2 elementor-section-boxed elementor-section-height-default elementor-section-height-default\" data-id=\"66143e2\" data-element_type=\"section\" data-e-type=\"section\">\n\t\t\t\t\t\t<div class=\"elementor-container elementor-column-gap-default\">\n\t\t\t\t\t<div class=\"elementor-column elementor-col-50 elementor-inner-column elementor-element elementor-element-a149234 elementor-hidden-mobile\" data-id=\"a149234\" data-element_type=\"column\" data-e-type=\"column\">\n\t\t\t<div class=\"elementor-widget-wrap elementor-element-populated\">\n\t\t\t\t\t\t<div class=\"elementor-element elementor-element-f9d583c elementor-widget elementor-widget-image\" data-id=\"f9d583c\" data-element_type=\"widget\" data-e-type=\"widget\" data-widget_type=\"image.default\">\n\t\t\t\t<div class=\"elementor-widget-container\">\n\t\t\t\t\t\t\t\t\t\t\t\t\t\t\t<img fetchpriority=\"high\" decoding=\"async\" width=\"782\" height=\"720\" src=\"https:\/\/www.ercancelik.com\/wp-content\/uploads\/2024\/10\/rafineri-karadolum-ana-gorsel.jpg\" class=\"attachment-large size-large wp-image-12150\" alt=\"\" srcset=\"https:\/\/www.ercancelik.com\/wp-content\/uploads\/2024\/10\/rafineri-karadolum-ana-gorsel.jpg 782w, https:\/\/www.ercancelik.com\/wp-content\/uploads\/2024\/10\/rafineri-karadolum-ana-gorsel-300x276.jpg 300w, https:\/\/www.ercancelik.com\/wp-content\/uploads\/2024\/10\/rafineri-karadolum-ana-gorsel-768x707.jpg 768w, https:\/\/www.ercancelik.com\/wp-content\/uploads\/2024\/10\/rafineri-karadolum-ana-gorsel-13x12.jpg 13w, https:\/\/www.ercancelik.com\/wp-content\/uploads\/2024\/10\/rafineri-karadolum-ana-gorsel-720x663.jpg 720w, https:\/\/www.ercancelik.com\/wp-content\/uploads\/2024\/10\/rafineri-karadolum-ana-gorsel-24x22.jpg 24w, https:\/\/www.ercancelik.com\/wp-content\/uploads\/2024\/10\/rafineri-karadolum-ana-gorsel-36x33.jpg 36w, https:\/\/www.ercancelik.com\/wp-content\/uploads\/2024\/10\/rafineri-karadolum-ana-gorsel-48x44.jpg 48w\" sizes=\"(max-width: 782px) 100vw, 782px\" \/>\t\t\t\t\t\t\t\t\t\t\t\t\t\t\t<\/div>\n\t\t\t\t<\/div>\n\t\t\t\t<div class=\"elementor-element elementor-element-35e49f4 gallery-spacing-custom elementor-widget elementor-widget-image-gallery\" data-id=\"35e49f4\" data-element_type=\"widget\" data-e-type=\"widget\" data-widget_type=\"image-gallery.default\">\n\t\t\t\t<div class=\"elementor-widget-container\">\n\t\t\t\t\t\t\t<div class=\"elementor-image-gallery\">\n\t\t\t<div id='gallery-1' class='gallery galleryid-9782 gallery-columns-3 gallery-size-full'><figure class='gallery-item'>\n\t\t\t<div class='gallery-icon landscape'>\n\t\t\t\t<a data-elementor-open-lightbox=\"yes\" data-elementor-lightbox-slideshow=\"35e49f4\" data-elementor-lightbox-title=\"rafineri-karadolum-demiryolu-ust-gecis-boru-koprusu-montaji-ve-boru-hatlari-deplase-projesi-1\" data-e-action-hash=\"#elementor-action%3Aaction%3Dlightbox%26settings%3DeyJpZCI6MTIxMjUsInVybCI6Imh0dHBzOlwvXC93d3cuZXJjYW5jZWxpay5jb21cL3dwLWNvbnRlbnRcL3VwbG9hZHNcLzIwMjRcLzEwXC9yYWZpbmVyaS1rYXJhZG9sdW0tZGVtaXJ5b2x1LXVzdC1nZWNpcy1ib3J1LWtvcHJ1c3UtbW9udGFqaS12ZS1ib3J1LWhhdGxhcmktZGVwbGFzZS1wcm9qZXNpLTEuanBnIiwic2xpZGVzaG93IjoiMzVlNDlmNCJ9\" href='https:\/\/www.ercancelik.com\/wp-content\/uploads\/2024\/10\/rafineri-karadolum-demiryolu-ust-gecis-boru-koprusu-montaji-ve-boru-hatlari-deplase-projesi-1.jpg'><img decoding=\"async\" width=\"480\" height=\"400\" src=\"https:\/\/www.ercancelik.com\/wp-content\/uploads\/2024\/10\/rafineri-karadolum-demiryolu-ust-gecis-boru-koprusu-montaji-ve-boru-hatlari-deplase-projesi-1.jpg\" class=\"attachment-full size-full\" alt=\"\" srcset=\"https:\/\/www.ercancelik.com\/wp-content\/uploads\/2024\/10\/rafineri-karadolum-demiryolu-ust-gecis-boru-koprusu-montaji-ve-boru-hatlari-deplase-projesi-1.jpg 480w, https:\/\/www.ercancelik.com\/wp-content\/uploads\/2024\/10\/rafineri-karadolum-demiryolu-ust-gecis-boru-koprusu-montaji-ve-boru-hatlari-deplase-projesi-1-300x250.jpg 300w, https:\/\/www.ercancelik.com\/wp-content\/uploads\/2024\/10\/rafineri-karadolum-demiryolu-ust-gecis-boru-koprusu-montaji-ve-boru-hatlari-deplase-projesi-1-14x12.jpg 14w, https:\/\/www.ercancelik.com\/wp-content\/uploads\/2024\/10\/rafineri-karadolum-demiryolu-ust-gecis-boru-koprusu-montaji-ve-boru-hatlari-deplase-projesi-1-24x20.jpg 24w, https:\/\/www.ercancelik.com\/wp-content\/uploads\/2024\/10\/rafineri-karadolum-demiryolu-ust-gecis-boru-koprusu-montaji-ve-boru-hatlari-deplase-projesi-1-36x30.jpg 36w, https:\/\/www.ercancelik.com\/wp-content\/uploads\/2024\/10\/rafineri-karadolum-demiryolu-ust-gecis-boru-koprusu-montaji-ve-boru-hatlari-deplase-projesi-1-48x40.jpg 48w\" sizes=\"(max-width: 480px) 100vw, 480px\" \/><\/a>\n\t\t\t<\/div><\/figure><figure class='gallery-item'>\n\t\t\t<div class='gallery-icon landscape'>\n\t\t\t\t<a data-elementor-open-lightbox=\"yes\" data-elementor-lightbox-slideshow=\"35e49f4\" data-elementor-lightbox-title=\"rafineri-karadolum-demiryolu-ust-gecis-boru-koprusu-montaji-ve-boru-hatlari-deplase-projesi-2\" data-e-action-hash=\"#elementor-action%3Aaction%3Dlightbox%26settings%3DeyJpZCI6MTIxMjYsInVybCI6Imh0dHBzOlwvXC93d3cuZXJjYW5jZWxpay5jb21cL3dwLWNvbnRlbnRcL3VwbG9hZHNcLzIwMjRcLzEwXC9yYWZpbmVyaS1rYXJhZG9sdW0tZGVtaXJ5b2x1LXVzdC1nZWNpcy1ib3J1LWtvcHJ1c3UtbW9udGFqaS12ZS1ib3J1LWhhdGxhcmktZGVwbGFzZS1wcm9qZXNpLTIuanBnIiwic2xpZGVzaG93IjoiMzVlNDlmNCJ9\" href='https:\/\/www.ercancelik.com\/wp-content\/uploads\/2024\/10\/rafineri-karadolum-demiryolu-ust-gecis-boru-koprusu-montaji-ve-boru-hatlari-deplase-projesi-2.jpg'><img decoding=\"async\" width=\"480\" height=\"400\" src=\"https:\/\/www.ercancelik.com\/wp-content\/uploads\/2024\/10\/rafineri-karadolum-demiryolu-ust-gecis-boru-koprusu-montaji-ve-boru-hatlari-deplase-projesi-2.jpg\" class=\"attachment-full size-full\" alt=\"\" srcset=\"https:\/\/www.ercancelik.com\/wp-content\/uploads\/2024\/10\/rafineri-karadolum-demiryolu-ust-gecis-boru-koprusu-montaji-ve-boru-hatlari-deplase-projesi-2.jpg 480w, https:\/\/www.ercancelik.com\/wp-content\/uploads\/2024\/10\/rafineri-karadolum-demiryolu-ust-gecis-boru-koprusu-montaji-ve-boru-hatlari-deplase-projesi-2-300x250.jpg 300w, https:\/\/www.ercancelik.com\/wp-content\/uploads\/2024\/10\/rafineri-karadolum-demiryolu-ust-gecis-boru-koprusu-montaji-ve-boru-hatlari-deplase-projesi-2-14x12.jpg 14w, https:\/\/www.ercancelik.com\/wp-content\/uploads\/2024\/10\/rafineri-karadolum-demiryolu-ust-gecis-boru-koprusu-montaji-ve-boru-hatlari-deplase-projesi-2-24x20.jpg 24w, https:\/\/www.ercancelik.com\/wp-content\/uploads\/2024\/10\/rafineri-karadolum-demiryolu-ust-gecis-boru-koprusu-montaji-ve-boru-hatlari-deplase-projesi-2-36x30.jpg 36w, https:\/\/www.ercancelik.com\/wp-content\/uploads\/2024\/10\/rafineri-karadolum-demiryolu-ust-gecis-boru-koprusu-montaji-ve-boru-hatlari-deplase-projesi-2-48x40.jpg 48w\" sizes=\"(max-width: 480px) 100vw, 480px\" \/><\/a>\n\t\t\t<\/div><\/figure><figure class='gallery-item'>\n\t\t\t<div class='gallery-icon landscape'>\n\t\t\t\t<a data-elementor-open-lightbox=\"yes\" data-elementor-lightbox-slideshow=\"35e49f4\" data-elementor-lightbox-title=\"rafineri-karadolum-demiryolu-ust-gecis-boru-koprusu-montaji-ve-boru-hatlari-deplase-projesi-3\" data-e-action-hash=\"#elementor-action%3Aaction%3Dlightbox%26settings%3DeyJpZCI6MTIxMjcsInVybCI6Imh0dHBzOlwvXC93d3cuZXJjYW5jZWxpay5jb21cL3dwLWNvbnRlbnRcL3VwbG9hZHNcLzIwMjRcLzEwXC9yYWZpbmVyaS1rYXJhZG9sdW0tZGVtaXJ5b2x1LXVzdC1nZWNpcy1ib3J1LWtvcHJ1c3UtbW9udGFqaS12ZS1ib3J1LWhhdGxhcmktZGVwbGFzZS1wcm9qZXNpLTMuanBnIiwic2xpZGVzaG93IjoiMzVlNDlmNCJ9\" href='https:\/\/www.ercancelik.com\/wp-content\/uploads\/2024\/10\/rafineri-karadolum-demiryolu-ust-gecis-boru-koprusu-montaji-ve-boru-hatlari-deplase-projesi-3.jpg'><img loading=\"lazy\" decoding=\"async\" width=\"480\" height=\"400\" src=\"https:\/\/www.ercancelik.com\/wp-content\/uploads\/2024\/10\/rafineri-karadolum-demiryolu-ust-gecis-boru-koprusu-montaji-ve-boru-hatlari-deplase-projesi-3.jpg\" class=\"attachment-full size-full\" alt=\"\" srcset=\"https:\/\/www.ercancelik.com\/wp-content\/uploads\/2024\/10\/rafineri-karadolum-demiryolu-ust-gecis-boru-koprusu-montaji-ve-boru-hatlari-deplase-projesi-3.jpg 480w, https:\/\/www.ercancelik.com\/wp-content\/uploads\/2024\/10\/rafineri-karadolum-demiryolu-ust-gecis-boru-koprusu-montaji-ve-boru-hatlari-deplase-projesi-3-300x250.jpg 300w, https:\/\/www.ercancelik.com\/wp-content\/uploads\/2024\/10\/rafineri-karadolum-demiryolu-ust-gecis-boru-koprusu-montaji-ve-boru-hatlari-deplase-projesi-3-14x12.jpg 14w, https:\/\/www.ercancelik.com\/wp-content\/uploads\/2024\/10\/rafineri-karadolum-demiryolu-ust-gecis-boru-koprusu-montaji-ve-boru-hatlari-deplase-projesi-3-24x20.jpg 24w, https:\/\/www.ercancelik.com\/wp-content\/uploads\/2024\/10\/rafineri-karadolum-demiryolu-ust-gecis-boru-koprusu-montaji-ve-boru-hatlari-deplase-projesi-3-36x30.jpg 36w, https:\/\/www.ercancelik.com\/wp-content\/uploads\/2024\/10\/rafineri-karadolum-demiryolu-ust-gecis-boru-koprusu-montaji-ve-boru-hatlari-deplase-projesi-3-48x40.jpg 48w\" sizes=\"(max-width: 480px) 100vw, 480px\" \/><\/a>\n\t\t\t<\/div><\/figure>\n\t\t<\/div>\n\t\t<\/div>\n\t\t\t\t\t\t<\/div>\n\t\t\t\t<\/div>\n\t\t\t\t\t<\/div>\n\t\t<\/div>\n\t\t\t\t<div class=\"elementor-column elementor-col-50 elementor-inner-column elementor-element elementor-element-4edb32d\" data-id=\"4edb32d\" data-element_type=\"column\" data-e-type=\"column\">\n\t\t\t<div class=\"elementor-widget-wrap elementor-element-populated\">\n\t\t\t\t\t\t<div class=\"elementor-element elementor-element-4d4600b elementor-widget elementor-widget-text-editor\" data-id=\"4d4600b\" data-element_type=\"widget\" data-e-type=\"widget\" data-widget_type=\"text-editor.default\">\n\t\t\t\t<div class=\"elementor-widget-container\">\n\t\t\t\t\t\t\t\t\t<div class=\"wt-product-title\"><h5 class=\"post-title\"><a>Refinery Land Loading - Railway Upper Steel Pipe Bridge Erection and Pipelines Displaced Project<\/a><\/h5><\/div><div class=\"wt-product-text\"><strong>Project Year:\u00a0<\/strong>2013<br \/><strong>Client:<\/strong><br \/>TUPRAS (Turkish Petroleum Refineries Co. Inc.) - Project Investments Directorate<\/div>\t\t\t\t\t\t\t\t<\/div>\n\t\t\t\t<\/div>\n\t\t\t\t<div class=\"elementor-element elementor-element-b4aa094 elementor-widget elementor-widget-image\" data-id=\"b4aa094\" data-element_type=\"widget\" data-e-type=\"widget\" data-widget_type=\"image.default\">\n\t\t\t\t<div class=\"elementor-widget-container\">\n\t\t\t\t\t\t\t\t\t\t\t\t\t\t\t<img loading=\"lazy\" decoding=\"async\" width=\"149\" height=\"88\" src=\"https:\/\/www.ercancelik.com\/wp-content\/uploads\/2024\/09\/5c61406f8b271d637d47258793826506.jpg\" class=\"attachment-large size-large wp-image-11297\" alt=\"\" srcset=\"https:\/\/www.ercancelik.com\/wp-content\/uploads\/2024\/09\/5c61406f8b271d637d47258793826506.jpg 149w, https:\/\/www.ercancelik.com\/wp-content\/uploads\/2024\/09\/5c61406f8b271d637d47258793826506-18x12.jpg 18w, https:\/\/www.ercancelik.com\/wp-content\/uploads\/2024\/09\/5c61406f8b271d637d47258793826506-24x14.jpg 24w, https:\/\/www.ercancelik.com\/wp-content\/uploads\/2024\/09\/5c61406f8b271d637d47258793826506-36x21.jpg 36w, https:\/\/www.ercancelik.com\/wp-content\/uploads\/2024\/09\/5c61406f8b271d637d47258793826506-48x28.jpg 48w\" sizes=\"(max-width: 149px) 100vw, 149px\" \/>\t\t\t\t\t\t\t\t\t\t\t\t\t\t\t<\/div>\n\t\t\t\t<\/div>\n\t\t\t\t<div class=\"elementor-element elementor-element-bd6c186 elementor-widget elementor-widget-text-editor\" data-id=\"bd6c186\" data-element_type=\"widget\" data-e-type=\"widget\" data-widget_type=\"text-editor.default\">\n\t\t\t\t<div class=\"elementor-widget-container\">\n\t\t\t\t\t\t\t\t\t<h5><strong>SCOPE<\/strong><\/h5><p>35 Meters Bridge on 16 Bored Pile Foundations;<\/p><p>110 Tons Steel Pipe Bridge Fabrication and Erection Works<\/p><p>34.000 WDI (Dia-inches) Piping Fabrication and Erection<\/p><p>9.000 m<sup>3<\/sup>\u00a0112.000 m3 Excavation, BackFilling and Concrete Works<\/p><h5>\u00a0<\/h5><h5><strong>NUMBER OF EMPLOYESS<\/strong><\/h5><p>95 Staff \/ Month<\/p><p>Total: 141.200 Man-Hour Working (4 Months)<\/p>\t\t\t\t\t\t\t\t<\/div>\n\t\t\t\t<\/div>\n\t\t\t\t\t<\/div>\n\t\t<\/div>\n\t\t\t\t\t<\/div>\n\t\t<\/section>\n\t\t\t\t\t<\/div>\n\t\t<\/div>\n\t\t\t\t\t<\/div>\n\t\t<\/section>\n\t\t\t\t<\/div>","protected":false},"excerpt":{"rendered":"<p>RAF\u0130NER\u0130 KARADOLUM &#8211; DEM\u0130RYOLU \u00dcST GE\u00c7\u0130\u015e BORU K\u00d6PR\u00dcS\u00dc MONTAJI VE BORU HATLARI DEPLASE PROJES\u0130 Proje Y\u0131l\u0131:\u00a02013\u0130\u015fveren:T\u00dcPRA\u015e (T\u00fcrkiye Petrol Rafineleri A.\u015e.) &#8211; Proje Yat\u0131r\u0131mlar M\u00fcd\u00fcrl\u00fc\u011f\u00fc KAPSAM 35 Metrelik K\u00f6pr\u00fc, 16 Adet Fore Kaz\u0131kl\u0131 Temeller \u00fczerinde; 110 Ton \u00c7elik Boru K\u00f6pr\u00fcs\u00fc \u0130malat\u0131 ve Montaj\u0131 \u0130\u015fleri 34.000 WDI (Dia-inc) Borulama \u0130malat ve Montaj\u0131 9.000 m3\u00a0Kaz\u0131, Hafriyat, Betonarme ve [&hellip;]<\/p>\n","protected":false},"author":1,"featured_media":0,"parent":0,"menu_order":0,"comment_status":"closed","ping_status":"closed","template":"","meta":{"footnotes":""},"class_list":["post-9782","page","type-page","status-publish","hentry"],"_links":{"self":[{"href":"http:\/\/www.ercancelik.com\/en\/wp-json\/wp\/v2\/pages\/9782","targetHints":{"allow":["GET"]}}],"collection":[{"href":"http:\/\/www.ercancelik.com\/en\/wp-json\/wp\/v2\/pages"}],"about":[{"href":"http:\/\/www.ercancelik.com\/en\/wp-json\/wp\/v2\/types\/page"}],"author":[{"embeddable":true,"href":"http:\/\/www.ercancelik.com\/en\/wp-json\/wp\/v2\/users\/1"}],"replies":[{"embeddable":true,"href":"http:\/\/www.ercancelik.com\/en\/wp-json\/wp\/v2\/comments?post=9782"}],"version-history":[{"count":34,"href":"http:\/\/www.ercancelik.com\/en\/wp-json\/wp\/v2\/pages\/9782\/revisions"}],"predecessor-version":[{"id":12153,"href":"http:\/\/www.ercancelik.com\/en\/wp-json\/wp\/v2\/pages\/9782\/revisions\/12153"}],"wp:attachment":[{"href":"http:\/\/www.ercancelik.com\/en\/wp-json\/wp\/v2\/media?parent=9782"}],"curies":[{"name":"wp","href":"https:\/\/api.w.org\/{rel}","templated":true}]}}